{"id":95,"date":"2022-01-21T10:13:20","date_gmt":"2022-01-21T10:13:20","guid":{"rendered":"https:\/\/www.pansvalve.com\/?page_id=95"},"modified":"2024-09-19T16:01:36","modified_gmt":"2024-09-19T08:01:36","slug":"product","status":"publish","type":"page","link":"https:\/\/www.pansvalve.com\/pt\/product\/","title":{"rendered":"produtos"},"content":{"rendered":"","protected":false},"excerpt":{"rendered":"","protected":false},"author":1,"featured_media":0,"parent":0,"menu_order":0,"comment_status":"closed","ping_status":"closed","template":"","meta":{"footnotes":""},"class_list":["post-95","page","type-page","status-publish","hentry"],"yoast_head":"<!-- This site is optimized with the Yoast SEO plugin v27.3 - https:\/\/yoast.com\/product\/yoast-seo-wordpress\/ -->\n<title>PANS Industrial Valve Product Offerings<\/title>\n<meta name=\"description\" content=\"View the product collection from PANS, featuring various industrial valves. Contact us for more information on our offerings!\" \/>\n<meta name=\"robots\" content=\"index, follow, max-snippet:-1, max-image-preview:large, max-video-preview:-1\" \/>\n<link rel=\"canonical\" href=\"https:\/\/www.pansvalve.com\/pt\/product\/\" \/>\n<meta property=\"og:locale\" content=\"pt_PT\" \/>\n<meta property=\"og:type\" content=\"article\" \/>\n<meta property=\"og:title\" content=\"PANS Industrial Valve Product Offerings\" \/>\n<meta property=\"og:description\" content=\"View the product collection from PANS, featuring various industrial valves. Contact us for more information on our offerings!\" \/>\n<meta property=\"og:url\" content=\"https:\/\/www.pansvalve.com\/pt\/product\/\" \/>\n<meta property=\"og:site_name\" content=\"Industrial Valve Manufacturer and Company from China\" \/>\n<meta property=\"article:modified_time\" content=\"2024-09-19T08:01:36+00:00\" \/>\n<meta property=\"og:image\" content=\"https:\/\/www.pansvalve.com\/wp-content\/uploads\/2024\/09\/home-factory-of-PANS.webp\" \/>\n\t<meta property=\"og:image:width\" content=\"1200\" \/>\n\t<meta property=\"og:image:height\" content=\"675\" \/>\n\t<meta property=\"og:image:type\" content=\"image\/webp\" \/>\n<meta name=\"twitter:card\" content=\"summary_large_image\" \/>\n<script type=\"application\/ld+json\" class=\"yoast-schema-graph\">{\"@context\":\"https:\\\/\\\/schema.org\",\"@graph\":[{\"@type\":\"WebPage\",\"@id\":\"https:\\\/\\\/www.pansvalve.com\\\/product\\\/\",\"url\":\"https:\\\/\\\/www.pansvalve.com\\\/product\\\/\",\"name\":\"PANS Industrial Valve Product Offerings\",\"isPartOf\":{\"@id\":\"https:\\\/\\\/www.pansvalve.com\\\/#website\"},\"datePublished\":\"2022-01-21T10:13:20+00:00\",\"dateModified\":\"2024-09-19T08:01:36+00:00\",\"description\":\"View the product collection from PANS, featuring various industrial valves. Contact us for more information on our offerings!\",\"breadcrumb\":{\"@id\":\"https:\\\/\\\/www.pansvalve.com\\\/product\\\/#breadcrumb\"},\"inLanguage\":\"pt-PT\",\"potentialAction\":[{\"@type\":\"ReadAction\",\"target\":[\"https:\\\/\\\/www.pansvalve.com\\\/product\\\/\"]}]},{\"@type\":\"BreadcrumbList\",\"@id\":\"https:\\\/\\\/www.pansvalve.com\\\/product\\\/#breadcrumb\",\"itemListElement\":[{\"@type\":\"ListItem\",\"position\":1,\"name\":\"Home\",\"item\":\"https:\\\/\\\/www.pansvalve.com\\\/\"},{\"@type\":\"ListItem\",\"position\":2,\"name\":\"Product\"}]},{\"@type\":\"WebSite\",\"@id\":\"https:\\\/\\\/www.pansvalve.com\\\/#website\",\"url\":\"https:\\\/\\\/www.pansvalve.com\\\/\",\"name\":\"Leading Plug Vavle, Ball Valve, Gate Valve Manufacturer of China\",\"description\":\"Involving six ranges and thousands of varieties, for control valve, cyogenic valve, gate valve, globe valve, ball valve, butterfly valve, power station valve, oxygen valve, hydraulic control valve, thread valve and Antibiotic valve.\",\"publisher\":{\"@id\":\"https:\\\/\\\/www.pansvalve.com\\\/#organization\"},\"alternateName\":\"PANS Valve\",\"potentialAction\":[{\"@type\":\"SearchAction\",\"target\":{\"@type\":\"EntryPoint\",\"urlTemplate\":\"https:\\\/\\\/www.pansvalve.com\\\/?s={search_term_string}\"},\"query-input\":{\"@type\":\"PropertyValueSpecification\",\"valueRequired\":true,\"valueName\":\"search_term_string\"}}],\"inLanguage\":\"pt-PT\"},{\"@type\":\"Organization\",\"@id\":\"https:\\\/\\\/www.pansvalve.com\\\/#organization\",\"name\":\"PANS Valve\",\"alternateName\":\"PANS\",\"url\":\"https:\\\/\\\/www.pansvalve.com\\\/\",\"logo\":{\"@type\":\"ImageObject\",\"inLanguage\":\"pt-PT\",\"@id\":\"https:\\\/\\\/www.pansvalve.com\\\/#\\\/schema\\\/logo\\\/image\\\/\",\"url\":\"https:\\\/\\\/www.pansvalve.com\\\/wp-content\\\/uploads\\\/2022\\\/04\\\/\u6d59\u4e1c2.png\",\"contentUrl\":\"https:\\\/\\\/www.pansvalve.com\\\/wp-content\\\/uploads\\\/2022\\\/04\\\/\u6d59\u4e1c2.png\",\"width\":148,\"height\":52,\"caption\":\"PANS Valve\"},\"image\":{\"@id\":\"https:\\\/\\\/www.pansvalve.com\\\/#\\\/schema\\\/logo\\\/image\\\/\"}}]}<\/script>\n<!-- \/ Yoast SEO plugin. -->","yoast_head_json":{"title":"Ofertas de produtos de v\u00e1lvulas industriais PANS","description":"Veja a cole\u00e7\u00e3o de produtos da PANS, com v\u00e1rias v\u00e1lvulas industriais. Entre em contato conosco para mais informa\u00e7\u00f5es sobre nossas ofertas!","robots":{"index":"index","follow":"follow","max-snippet":"max-snippet:-1","max-image-preview":"max-image-preview:large","max-video-preview":"max-video-preview:-1"},"canonical":"https:\/\/www.pansvalve.com\/pt\/product\/","og_locale":"pt_PT","og_type":"article","og_title":"PANS Industrial Valve Product Offerings","og_description":"View the product collection from PANS, featuring various industrial valves. Contact us for more information on our offerings!","og_url":"https:\/\/www.pansvalve.com\/pt\/product\/","og_site_name":"Industrial Valve Manufacturer and Company from China","article_modified_time":"2024-09-19T08:01:36+00:00","og_image":[{"width":1200,"height":675,"url":"https:\/\/www.pansvalve.com\/wp-content\/uploads\/2024\/09\/home-factory-of-PANS.webp","type":"image\/webp"}],"twitter_card":"summary_large_image","schema":{"@context":"https:\/\/schema.org","@graph":[{"@type":"WebPage","@id":"https:\/\/www.pansvalve.com\/product\/","url":"https:\/\/www.pansvalve.com\/product\/","name":"Ofertas de produtos de v\u00e1lvulas industriais PANS","isPartOf":{"@id":"https:\/\/www.pansvalve.com\/#website"},"datePublished":"2022-01-21T10:13:20+00:00","dateModified":"2024-09-19T08:01:36+00:00","description":"Veja a cole\u00e7\u00e3o de produtos da PANS, com v\u00e1rias v\u00e1lvulas industriais. Entre em contato conosco para mais informa\u00e7\u00f5es sobre nossas ofertas!","breadcrumb":{"@id":"https:\/\/www.pansvalve.com\/product\/#breadcrumb"},"inLanguage":"pt-PT","potentialAction":[{"@type":"ReadAction","target":["https:\/\/www.pansvalve.com\/product\/"]}]},{"@type":"BreadcrumbList","@id":"https:\/\/www.pansvalve.com\/product\/#breadcrumb","itemListElement":[{"@type":"ListItem","position":1,"name":"Home","item":"https:\/\/www.pansvalve.com\/"},{"@type":"ListItem","position":2,"name":"Product"}]},{"@type":"WebSite","@id":"https:\/\/www.pansvalve.com\/#website","url":"https:\/\/www.pansvalve.com\/","name":"Fabricante l\u00edder de v\u00e1lvulas de encaixe, v\u00e1lvulas de esfera e v\u00e1lvulas de gaveta da China","description":"Envolvendo seis faixas e milhares de variedades, para v\u00e1lvula de controle, v\u00e1lvula ciog\u00eanica, v\u00e1lvula gaveta, v\u00e1lvula globo, v\u00e1lvula esf\u00e9rica, v\u00e1lvula borboleta, v\u00e1lvula de central el\u00e9trica, v\u00e1lvula de oxig\u00eanio, v\u00e1lvula de controle hidr\u00e1ulico, v\u00e1lvula de rosca e v\u00e1lvula antibi\u00f3tica.","publisher":{"@id":"https:\/\/www.pansvalve.com\/#organization"},"alternateName":"PANS Valve","potentialAction":[{"@type":"SearchAction","target":{"@type":"EntryPoint","urlTemplate":"https:\/\/www.pansvalve.com\/?s={search_term_string}"},"query-input":{"@type":"PropertyValueSpecification","valueRequired":true,"valueName":"search_term_string"}}],"inLanguage":"pt-PT"},{"@type":"Organization","@id":"https:\/\/www.pansvalve.com\/#organization","name":"V\u00e1lvula PANS","alternateName":"PANS","url":"https:\/\/www.pansvalve.com\/","logo":{"@type":"ImageObject","inLanguage":"pt-PT","@id":"https:\/\/www.pansvalve.com\/#\/schema\/logo\/image\/","url":"https:\/\/www.pansvalve.com\/wp-content\/uploads\/2022\/04\/\u6d59\u4e1c2.png","contentUrl":"https:\/\/www.pansvalve.com\/wp-content\/uploads\/2022\/04\/\u6d59\u4e1c2.png","width":148,"height":52,"caption":"PANS Valve"},"image":{"@id":"https:\/\/www.pansvalve.com\/#\/schema\/logo\/image\/"}}]}},"_links":{"self":[{"href":"https:\/\/www.pansvalve.com\/pt\/wp-json\/wp\/v2\/pages\/95","targetHints":{"allow":["GET"]}}],"collection":[{"href":"https:\/\/www.pansvalve.com\/pt\/wp-json\/wp\/v2\/pages"}],"about":[{"href":"https:\/\/www.pansvalve.com\/pt\/wp-json\/wp\/v2\/types\/page"}],"author":[{"embeddable":true,"href":"https:\/\/www.pansvalve.com\/pt\/wp-json\/wp\/v2\/users\/1"}],"replies":[{"embeddable":true,"href":"https:\/\/www.pansvalve.com\/pt\/wp-json\/wp\/v2\/comments?post=95"}],"version-history":[{"count":1,"href":"https:\/\/www.pansvalve.com\/pt\/wp-json\/wp\/v2\/pages\/95\/revisions"}],"predecessor-version":[{"id":96,"href":"https:\/\/www.pansvalve.com\/pt\/wp-json\/wp\/v2\/pages\/95\/revisions\/96"}],"wp:attachment":[{"href":"https:\/\/www.pansvalve.com\/pt\/wp-json\/wp\/v2\/media?parent=95"}],"curies":[{"name":"wp","href":"https:\/\/api.w.org\/{rel}","templated":true}]}}