{"id":43,"date":"2022-01-14T14:40:00","date_gmt":"2022-01-14T14:40:00","guid":{"rendered":"https:\/\/www.pansvalve.com\/?page_id=43"},"modified":"2024-10-18T17:28:40","modified_gmt":"2024-10-18T09:28:40","slug":"company-profile","status":"publish","type":"page","link":"https:\/\/www.pansvalve.com\/pt\/company-profile\/","title":{"rendered":"perfil de companhia"},"content":{"rendered":"","protected":false},"excerpt":{"rendered":"","protected":false},"author":1,"featured_media":0,"parent":0,"menu_order":0,"comment_status":"closed","ping_status":"closed","template":"","meta":{"footnotes":""},"class_list":["post-43","page","type-page","status-publish","hentry"],"yoast_head":"<!-- This site is optimized with the Yoast SEO plugin v27.3 - https:\/\/yoast.com\/product\/yoast-seo-wordpress\/ -->\n<title>Insight into PANS: Leading Chinese Industrial Valve Manufacturer<\/title>\n<meta name=\"description\" content=\"PANS Valve, a leading manufacturer with over 30 years of experience in producing high-quality industrial valves. We offer innovative solutions for petroleum, chemical, and energy industries. Our commitment to integrity and customer satisfaction makes us your reliable manufacturing partner. Explore our extensive range today!\" \/>\n<meta name=\"robots\" content=\"index, follow, max-snippet:-1, max-image-preview:large, max-video-preview:-1\" \/>\n<link rel=\"canonical\" href=\"https:\/\/www.pansvalve.com\/pt\/company-profile\/\" \/>\n<meta property=\"og:locale\" content=\"pt_PT\" \/>\n<meta property=\"og:type\" content=\"article\" \/>\n<meta property=\"og:title\" content=\"Insight into PANS: Leading Chinese Industrial Valve Manufacturer\" \/>\n<meta property=\"og:description\" content=\"PANS Valve, a leading manufacturer with over 30 years of experience in producing high-quality industrial valves. We offer innovative solutions for petroleum, chemical, and energy industries. Our commitment to integrity and customer satisfaction makes us your reliable manufacturing partner. Explore our extensive range today!\" \/>\n<meta property=\"og:url\" content=\"https:\/\/www.pansvalve.com\/pt\/company-profile\/\" \/>\n<meta property=\"og:site_name\" content=\"Industrial Valve Manufacturer and Company from China\" \/>\n<meta property=\"article:modified_time\" content=\"2024-10-18T09:28:40+00:00\" \/>\n<meta property=\"og:image\" content=\"https:\/\/www.pansvalve.com\/wp-content\/uploads\/2024\/09\/home-factory-of-PANS.webp\" \/>\n\t<meta property=\"og:image:width\" content=\"1200\" \/>\n\t<meta property=\"og:image:height\" content=\"675\" \/>\n\t<meta property=\"og:image:type\" content=\"image\/webp\" \/>\n<meta name=\"twitter:card\" content=\"summary_large_image\" \/>\n<script type=\"application\/ld+json\" class=\"yoast-schema-graph\">{\"@context\":\"https:\\\/\\\/schema.org\",\"@graph\":[{\"@type\":\"WebPage\",\"@id\":\"https:\\\/\\\/www.pansvalve.com\\\/company-profile\\\/\",\"url\":\"https:\\\/\\\/www.pansvalve.com\\\/company-profile\\\/\",\"name\":\"Insight into PANS: Leading Chinese Industrial Valve Manufacturer\",\"isPartOf\":{\"@id\":\"https:\\\/\\\/www.pansvalve.com\\\/#website\"},\"datePublished\":\"2022-01-14T14:40:00+00:00\",\"dateModified\":\"2024-10-18T09:28:40+00:00\",\"description\":\"PANS Valve, a leading manufacturer with over 30 years of experience in producing high-quality industrial valves. We offer innovative solutions for petroleum, chemical, and energy industries. Our commitment to integrity and customer satisfaction makes us your reliable manufacturing partner. Explore our extensive range today!\",\"breadcrumb\":{\"@id\":\"https:\\\/\\\/www.pansvalve.com\\\/company-profile\\\/#breadcrumb\"},\"inLanguage\":\"pt-PT\",\"potentialAction\":[{\"@type\":\"ReadAction\",\"target\":[\"https:\\\/\\\/www.pansvalve.com\\\/company-profile\\\/\"]}]},{\"@type\":\"BreadcrumbList\",\"@id\":\"https:\\\/\\\/www.pansvalve.com\\\/company-profile\\\/#breadcrumb\",\"itemListElement\":[{\"@type\":\"ListItem\",\"position\":1,\"name\":\"Home\",\"item\":\"https:\\\/\\\/www.pansvalve.com\\\/\"},{\"@type\":\"ListItem\",\"position\":2,\"name\":\"Company Profile\"}]},{\"@type\":\"WebSite\",\"@id\":\"https:\\\/\\\/www.pansvalve.com\\\/#website\",\"url\":\"https:\\\/\\\/www.pansvalve.com\\\/\",\"name\":\"Leading Plug Vavle, Ball Valve, Gate Valve Manufacturer of China\",\"description\":\"Involving six ranges and thousands of varieties, for control valve, cyogenic valve, gate valve, globe valve, ball valve, butterfly valve, power station valve, oxygen valve, hydraulic control valve, thread valve and Antibiotic valve.\",\"publisher\":{\"@id\":\"https:\\\/\\\/www.pansvalve.com\\\/#organization\"},\"alternateName\":\"PANS Valve\",\"potentialAction\":[{\"@type\":\"SearchAction\",\"target\":{\"@type\":\"EntryPoint\",\"urlTemplate\":\"https:\\\/\\\/www.pansvalve.com\\\/?s={search_term_string}\"},\"query-input\":{\"@type\":\"PropertyValueSpecification\",\"valueRequired\":true,\"valueName\":\"search_term_string\"}}],\"inLanguage\":\"pt-PT\"},{\"@type\":\"Organization\",\"@id\":\"https:\\\/\\\/www.pansvalve.com\\\/#organization\",\"name\":\"PANS Valve\",\"alternateName\":\"PANS\",\"url\":\"https:\\\/\\\/www.pansvalve.com\\\/\",\"logo\":{\"@type\":\"ImageObject\",\"inLanguage\":\"pt-PT\",\"@id\":\"https:\\\/\\\/www.pansvalve.com\\\/#\\\/schema\\\/logo\\\/image\\\/\",\"url\":\"https:\\\/\\\/www.pansvalve.com\\\/wp-content\\\/uploads\\\/2022\\\/04\\\/\u6d59\u4e1c2.png\",\"contentUrl\":\"https:\\\/\\\/www.pansvalve.com\\\/wp-content\\\/uploads\\\/2022\\\/04\\\/\u6d59\u4e1c2.png\",\"width\":148,\"height\":52,\"caption\":\"PANS Valve\"},\"image\":{\"@id\":\"https:\\\/\\\/www.pansvalve.com\\\/#\\\/schema\\\/logo\\\/image\\\/\"}}]}<\/script>\n<!-- \/ Yoast SEO plugin. -->","yoast_head_json":{"title":"Insight sobre PANS: Fabricante l\u00edder chin\u00eas de v\u00e1lvulas industriais","description":"PANS Valve, um fabricante l\u00edder com mais de 30 anos de experi\u00eancia na produ\u00e7\u00e3o de v\u00e1lvulas industriais de alta qualidade. Oferecemos solu\u00e7\u00f5es inovadoras para as ind\u00fastrias de petr\u00f3leo, qu\u00edmica e energia. Nosso compromisso com a integridade e a satisfa\u00e7\u00e3o do cliente nos torna seu parceiro de fabrica\u00e7\u00e3o confi\u00e1vel. Explore nossa ampla gama hoje mesmo!","robots":{"index":"index","follow":"follow","max-snippet":"max-snippet:-1","max-image-preview":"max-image-preview:large","max-video-preview":"max-video-preview:-1"},"canonical":"https:\/\/www.pansvalve.com\/pt\/company-profile\/","og_locale":"pt_PT","og_type":"article","og_title":"Insight into PANS: Leading Chinese Industrial Valve Manufacturer","og_description":"PANS Valve, a leading manufacturer with over 30 years of experience in producing high-quality industrial valves. We offer innovative solutions for petroleum, chemical, and energy industries. Our commitment to integrity and customer satisfaction makes us your reliable manufacturing partner. Explore our extensive range today!","og_url":"https:\/\/www.pansvalve.com\/pt\/company-profile\/","og_site_name":"Industrial Valve Manufacturer and Company from China","article_modified_time":"2024-10-18T09:28:40+00:00","og_image":[{"width":1200,"height":675,"url":"https:\/\/www.pansvalve.com\/wp-content\/uploads\/2024\/09\/home-factory-of-PANS.webp","type":"image\/webp"}],"twitter_card":"summary_large_image","schema":{"@context":"https:\/\/schema.org","@graph":[{"@type":"WebPage","@id":"https:\/\/www.pansvalve.com\/company-profile\/","url":"https:\/\/www.pansvalve.com\/company-profile\/","name":"Insight sobre PANS: Fabricante l\u00edder chin\u00eas de v\u00e1lvulas industriais","isPartOf":{"@id":"https:\/\/www.pansvalve.com\/#website"},"datePublished":"2022-01-14T14:40:00+00:00","dateModified":"2024-10-18T09:28:40+00:00","description":"PANS Valve, um fabricante l\u00edder com mais de 30 anos de experi\u00eancia na produ\u00e7\u00e3o de v\u00e1lvulas industriais de alta qualidade. Oferecemos solu\u00e7\u00f5es inovadoras para as ind\u00fastrias de petr\u00f3leo, qu\u00edmica e energia. Nosso compromisso com a integridade e a satisfa\u00e7\u00e3o do cliente nos torna seu parceiro de fabrica\u00e7\u00e3o confi\u00e1vel. Explore nossa ampla gama hoje mesmo!","breadcrumb":{"@id":"https:\/\/www.pansvalve.com\/company-profile\/#breadcrumb"},"inLanguage":"pt-PT","potentialAction":[{"@type":"ReadAction","target":["https:\/\/www.pansvalve.com\/company-profile\/"]}]},{"@type":"BreadcrumbList","@id":"https:\/\/www.pansvalve.com\/company-profile\/#breadcrumb","itemListElement":[{"@type":"ListItem","position":1,"name":"Home","item":"https:\/\/www.pansvalve.com\/"},{"@type":"ListItem","position":2,"name":"Company Profile"}]},{"@type":"WebSite","@id":"https:\/\/www.pansvalve.com\/#website","url":"https:\/\/www.pansvalve.com\/","name":"Fabricante l\u00edder de v\u00e1lvulas de encaixe, v\u00e1lvulas de esfera e v\u00e1lvulas de gaveta da China","description":"Envolvendo seis faixas e milhares de variedades, para v\u00e1lvula de controle, v\u00e1lvula ciog\u00eanica, v\u00e1lvula gaveta, v\u00e1lvula globo, v\u00e1lvula esf\u00e9rica, v\u00e1lvula borboleta, v\u00e1lvula de central el\u00e9trica, v\u00e1lvula de oxig\u00eanio, v\u00e1lvula de controle hidr\u00e1ulico, v\u00e1lvula de rosca e v\u00e1lvula antibi\u00f3tica.","publisher":{"@id":"https:\/\/www.pansvalve.com\/#organization"},"alternateName":"PANS Valve","potentialAction":[{"@type":"SearchAction","target":{"@type":"EntryPoint","urlTemplate":"https:\/\/www.pansvalve.com\/?s={search_term_string}"},"query-input":{"@type":"PropertyValueSpecification","valueRequired":true,"valueName":"search_term_string"}}],"inLanguage":"pt-PT"},{"@type":"Organization","@id":"https:\/\/www.pansvalve.com\/#organization","name":"V\u00e1lvula PANS","alternateName":"PANS","url":"https:\/\/www.pansvalve.com\/","logo":{"@type":"ImageObject","inLanguage":"pt-PT","@id":"https:\/\/www.pansvalve.com\/#\/schema\/logo\/image\/","url":"https:\/\/www.pansvalve.com\/wp-content\/uploads\/2022\/04\/\u6d59\u4e1c2.png","contentUrl":"https:\/\/www.pansvalve.com\/wp-content\/uploads\/2022\/04\/\u6d59\u4e1c2.png","width":148,"height":52,"caption":"PANS Valve"},"image":{"@id":"https:\/\/www.pansvalve.com\/#\/schema\/logo\/image\/"}}]}},"_links":{"self":[{"href":"https:\/\/www.pansvalve.com\/pt\/wp-json\/wp\/v2\/pages\/43","targetHints":{"allow":["GET"]}}],"collection":[{"href":"https:\/\/www.pansvalve.com\/pt\/wp-json\/wp\/v2\/pages"}],"about":[{"href":"https:\/\/www.pansvalve.com\/pt\/wp-json\/wp\/v2\/types\/page"}],"author":[{"embeddable":true,"href":"https:\/\/www.pansvalve.com\/pt\/wp-json\/wp\/v2\/users\/1"}],"replies":[{"embeddable":true,"href":"https:\/\/www.pansvalve.com\/pt\/wp-json\/wp\/v2\/comments?post=43"}],"version-history":[{"count":1,"href":"https:\/\/www.pansvalve.com\/pt\/wp-json\/wp\/v2\/pages\/43\/revisions"}],"predecessor-version":[{"id":44,"href":"https:\/\/www.pansvalve.com\/pt\/wp-json\/wp\/v2\/pages\/43\/revisions\/44"}],"wp:attachment":[{"href":"https:\/\/www.pansvalve.com\/pt\/wp-json\/wp\/v2\/media?parent=43"}],"curies":[{"name":"wp","href":"https:\/\/api.w.org\/{rel}","templated":true}]}}