{"id":29,"date":"2022-01-14T08:19:56","date_gmt":"2022-01-14T08:19:56","guid":{"rendered":"https:\/\/www.pansvalve.com\/?page_id=29"},"modified":"2024-09-19T15:31:52","modified_gmt":"2024-09-19T07:31:52","slug":"collection","status":"publish","type":"page","link":"https:\/\/www.pansvalve.com\/pt\/collection\/","title":{"rendered":"Cole\u00e7\u00e3o"},"content":{"rendered":"<div id=\"coll1\" class=\"wp-block-group\"><div class=\"wp-block-group__inner-container is-layout-flow wp-block-group-is-layout-flow\">\n<div class=\"wp-block-columns is-layout-flex wp-container-core-columns-is-layout-9d6595d7 wp-block-columns-is-layout-flex\">\n<div class=\"wp-block-column is-layout-flow wp-block-column-is-layout-flow\">\n<p><\/p>\n\n\n\n<h2 class=\"has-black-color has-text-color wp-block-heading\" id=\"how-does-ball-valves-work\"><strong>Como funcionam as v\u00e1lvulas de esfera?<\/strong><\/h2>\n\n\n\n<p><\/p>\n\n\n\n<p class=\"has-medium-font-size\" style=\"font-style:normal;font-weight:400\">As v\u00e1lvulas de esfera usam esferas ocas que permitem o fluxo atrav\u00e9s delas quando est\u00e3o abertas e isolam quando fecham. As esferas s\u00e3o acionadas por meio de fusos que se encaixam nas ranhuras fresadas nas esferas ocas, que por sua vez s\u00e3o acionadas por alavancas para fechar e abrir as esferas. Os eixos das v\u00e1lvulas esf\u00e9ricas s\u00e3o encaixados nos gargalos das v\u00e1lvulas e s\u00e3o vedados com uma ampla variedade de veda\u00e7\u00f5es de gargalo; isso evita vazamentos e, al\u00e9m disso, as esferas ficam imprensadas entre as sedes da esfera\/corpo para garantir uma veda\u00e7\u00e3o positiva e absoluta.<\/p>\n<\/div>\n\n\n\n<div class=\"wp-block-column is-layout-flow wp-block-column-is-layout-flow\">\n<figure class=\"wp-block-image size-large is-style-default\"><img decoding=\"async\" src=\"https:\/\/www.pansvalve.com\/wp-content\/uploads\/2022\/02\/Are-You-Familar-With-the-Development-of-the-Valve-1-1024x576.png\" alt=\"\" class=\"wp-image-693\"\/><\/figure>\n\n\n\n<p><\/p>\n<\/div>\n<\/div>\n<\/div><\/div>\n\n\n\n<div id=\"coll2\" class=\"wp-block-group\"><div class=\"wp-block-group__inner-container is-layout-flow wp-block-group-is-layout-flow\">\n<div class=\"wp-block-columns is-layout-flex wp-container-core-columns-is-layout-9d6595d7 wp-block-columns-is-layout-flex\">\n<div class=\"wp-block-column is-layout-flow wp-block-column-is-layout-flow\">\n<p><\/p>\n\n\n\n<p><\/p>\n\n\n\n<h2 class=\"has-black-color has-text-color wp-block-heading\" id=\"ball-valves-circuit-function\"><strong>Fun\u00e7\u00e3o do circuito de v\u00e1lvulas de esfera<\/strong><\/h2>\n\n\n\n<p class=\"has-medium-font-size\" style=\"font-style:normal;font-weight:400\">As v\u00e1lvulas esfera podem apresentar 2 (2 vias), 3 (3 vias) e, em alguns casos, 4 portas (4 vias). A maioria das v\u00e1lvulas \u00e9 bidirecional e operada manualmente por meio de uma alavanca; esta alavanca fica alinhada com o tubo da v\u00e1lvula esf\u00e9rica sempre que a v\u00e1lvula \u00e9 aberta. Depois de fechada, a alavanca fica em posi\u00e7\u00e3o perpendicular ao tubo.<\/p>\n\n\n\n<p class=\"has-medium-font-size\" style=\"font-style:normal;font-weight:400\">O fluxo nas v\u00e1lvulas de esfera prov\u00e9m simplesmente da sa\u00edda e da entrada das v\u00e1lvulas de 2 vias. As v\u00e1lvulas operadas manualmente podem ser fechadas rapidamente, o que significa que h\u00e1 probabilidade de golpe de ar\u00edete com fluido de fluxo r\u00e1pido. Outras v\u00e1lvulas apresentam transmiss\u00f5es. As v\u00e1lvulas esfera de 3 vias possuem furos em forma de T ou L, que afetam as dire\u00e7\u00f5es dos fluxos; isso resulta em diferentes fun\u00e7\u00f5es do circuito, como misturar e distribuir fluxos em diferentes dire\u00e7\u00f5es.<\/p>\n\n\n\n<p class=\"has-medium-font-size\" style=\"font-style:normal;font-weight:400\">Alternativamente, voc\u00ea pode usar v\u00e1lvulas de esfera automatizadas; estes s\u00e3o equipados com atuadores pneum\u00e1ticos ou el\u00e9tricos. Eles oferecem mais comodidade, pois podem ser operados remotamente.<\/p>\n<\/div>\n\n\n\n<div class=\"wp-block-column is-layout-flow wp-block-column-is-layout-flow\">\n<p><\/p>\n\n\n\n<p><\/p>\n\n\n\n<div class=\"wp-block-image\"><figure class=\"aligncenter size-full\"><img decoding=\"async\" src=\"https:\/\/www.pansvalve.com\/wp-content\/uploads\/2022\/02\/ManufacturingProductionEquipmentSwiper_2.4583b06.jpg\" alt=\"\" class=\"wp-image-483\"\/><\/figure><\/div>\n<\/div>\n<\/div>\n<\/div><\/div>\n\n\n\n<div id=\"coll3\" class=\"wp-block-group\"><div class=\"wp-block-group__inner-container is-layout-flow wp-block-group-is-layout-flow\">\n<div class=\"wp-block-columns is-layout-flex wp-container-core-columns-is-layout-9d6595d7 wp-block-columns-is-layout-flex\">\n<div class=\"wp-block-column is-layout-flow wp-block-column-is-layout-flow\">\n<h2 class=\"has-black-color has-text-color wp-block-heading\" id=\"ball-valves-operation\"><strong>Opera\u00e7\u00e3o de v\u00e1lvulas de esfera<\/strong><\/h2>\n\n\n\n<p class=\"has-medium-font-size\" style=\"font-style:normal;font-weight:400\">\u00c0 medida que as esferas abrem e fecham entre os assentos, elas realizam movimentos de limpeza e removem quaisquer part\u00edculas suspensas das superf\u00edcies das esferas. \u00c9 importante observar que os s\u00f3lidos grossos danificam as superf\u00edcies e sedes das esferas, o que eventualmente resulta em vazamentos. Materiais fibrosos, mesquinhos e s\u00f3lidos ajudam a evitar o fechamento das bolas. O layout de v\u00e1lvula esfera mais comum \u00e9 o projeto de 2 vias; facilita a passagem dos fluxos das entradas para as sa\u00eddas das v\u00e1lvulas. As v\u00e1lvulas esfera de 3 e 4 vias ajudam os fluxos a se moverem em diversas dire\u00e7\u00f5es.<\/p>\n<\/div>\n\n\n\n<div class=\"wp-block-column is-layout-flow wp-block-column-is-layout-flow\">\n<figure class=\"wp-block-image size-full\"><img decoding=\"async\" src=\"https:\/\/www.pansvalve.com\/wp-content\/uploads\/2022\/02\/ManufacturingProductionEquipmentSwiper_1.56d4e3d.jpg\" alt=\"\" class=\"wp-image-484\"\/><\/figure>\n<\/div>\n<\/div>\n<\/div><\/div>\n\n\n\n<p><\/p>","protected":false},"excerpt":{"rendered":"<p>How Does Ball Valves Work? Ball valves use hollow balls that allow flows through them when they are open and isolate when they close. The balls are driven using spindles that fit into the slots milled into the hollow balls, which are in turn operated by levers to close and open the balls. The ball [&hellip;]<\/p>\n","protected":false},"author":1,"featured_media":0,"parent":0,"menu_order":0,"comment_status":"closed","ping_status":"closed","template":"","meta":{"footnotes":""},"class_list":["post-29","page","type-page","status-publish","hentry"],"yoast_head":"<!-- This site is optimized with the Yoast SEO plugin v27.4 - https:\/\/yoast.com\/product\/yoast-seo-wordpress\/ -->\n<title>PANS: Quality Valve Collection for All Needs<\/title>\n<meta name=\"description\" content=\"PANS offers a comprehensive collection of valves tailored to various applications. Explore our options and contact us for inquiries!\" \/>\n<meta name=\"robots\" content=\"index, follow, max-snippet:-1, max-image-preview:large, max-video-preview:-1\" \/>\n<link rel=\"canonical\" href=\"https:\/\/www.pansvalve.com\/pt\/collection\/\" \/>\n<meta property=\"og:locale\" content=\"pt_PT\" \/>\n<meta property=\"og:type\" content=\"article\" \/>\n<meta property=\"og:title\" content=\"PANS: Quality Valve Collection for All Needs\" \/>\n<meta property=\"og:description\" content=\"PANS offers a comprehensive collection of valves tailored to various applications. Explore our options and contact us for inquiries!\" \/>\n<meta property=\"og:url\" content=\"https:\/\/www.pansvalve.com\/pt\/collection\/\" \/>\n<meta property=\"og:site_name\" content=\"Industrial Valve Manufacturer and Company from China\" \/>\n<meta property=\"article:modified_time\" content=\"2024-09-19T07:31:52+00:00\" \/>\n<meta property=\"og:image\" content=\"https:\/\/www.pansvalve.com\/wp-content\/uploads\/2022\/02\/Are-You-Familar-With-the-Development-of-the-Valve-1-1024x576.png\" \/>\n<meta name=\"twitter:card\" content=\"summary_large_image\" \/>\n<meta name=\"twitter:label1\" content=\"Tempo estimado de leitura\" \/>\n\t<meta name=\"twitter:data1\" content=\"3 minutos\" \/>\n<script type=\"application\/ld+json\" class=\"yoast-schema-graph\">{\"@context\":\"https:\\\/\\\/schema.org\",\"@graph\":[{\"@type\":\"WebPage\",\"@id\":\"https:\\\/\\\/www.pansvalve.com\\\/collection\\\/\",\"url\":\"https:\\\/\\\/www.pansvalve.com\\\/collection\\\/\",\"name\":\"PANS: Quality Valve Collection for All Needs\",\"isPartOf\":{\"@id\":\"https:\\\/\\\/www.pansvalve.com\\\/#website\"},\"primaryImageOfPage\":{\"@id\":\"https:\\\/\\\/www.pansvalve.com\\\/collection\\\/#primaryimage\"},\"image\":{\"@id\":\"https:\\\/\\\/www.pansvalve.com\\\/collection\\\/#primaryimage\"},\"thumbnailUrl\":\"https:\\\/\\\/www.pansvalve.com\\\/wp-content\\\/uploads\\\/2022\\\/02\\\/Are-You-Familar-With-the-Development-of-the-Valve-1-1024x576.png\",\"datePublished\":\"2022-01-14T08:19:56+00:00\",\"dateModified\":\"2024-09-19T07:31:52+00:00\",\"description\":\"PANS offers a comprehensive collection of valves tailored to various applications. Explore our options and contact us for inquiries!\",\"breadcrumb\":{\"@id\":\"https:\\\/\\\/www.pansvalve.com\\\/collection\\\/#breadcrumb\"},\"inLanguage\":\"pt-PT\",\"potentialAction\":[{\"@type\":\"ReadAction\",\"target\":[\"https:\\\/\\\/www.pansvalve.com\\\/collection\\\/\"]}]},{\"@type\":\"ImageObject\",\"inLanguage\":\"pt-PT\",\"@id\":\"https:\\\/\\\/www.pansvalve.com\\\/collection\\\/#primaryimage\",\"url\":\"https:\\\/\\\/www.pansvalve.com\\\/wp-content\\\/uploads\\\/2022\\\/02\\\/Are-You-Familar-With-the-Development-of-the-Valve-1-1024x576.png\",\"contentUrl\":\"https:\\\/\\\/www.pansvalve.com\\\/wp-content\\\/uploads\\\/2022\\\/02\\\/Are-You-Familar-With-the-Development-of-the-Valve-1-1024x576.png\"},{\"@type\":\"BreadcrumbList\",\"@id\":\"https:\\\/\\\/www.pansvalve.com\\\/collection\\\/#breadcrumb\",\"itemListElement\":[{\"@type\":\"ListItem\",\"position\":1,\"name\":\"Home\",\"item\":\"https:\\\/\\\/www.pansvalve.com\\\/\"},{\"@type\":\"ListItem\",\"position\":2,\"name\":\"Collection\"}]},{\"@type\":\"WebSite\",\"@id\":\"https:\\\/\\\/www.pansvalve.com\\\/#website\",\"url\":\"https:\\\/\\\/www.pansvalve.com\\\/\",\"name\":\"Leading Plug Vavle, Ball Valve, Gate Valve Manufacturer of China\",\"description\":\"Involving six ranges and thousands of varieties, for control valve, cyogenic valve, gate valve, globe valve, ball valve, butterfly valve, power station valve, oxygen valve, hydraulic control valve, thread valve and Antibiotic valve.\",\"publisher\":{\"@id\":\"https:\\\/\\\/www.pansvalve.com\\\/#organization\"},\"alternateName\":\"PANS Valve\",\"potentialAction\":[{\"@type\":\"SearchAction\",\"target\":{\"@type\":\"EntryPoint\",\"urlTemplate\":\"https:\\\/\\\/www.pansvalve.com\\\/?s={search_term_string}\"},\"query-input\":{\"@type\":\"PropertyValueSpecification\",\"valueRequired\":true,\"valueName\":\"search_term_string\"}}],\"inLanguage\":\"pt-PT\"},{\"@type\":\"Organization\",\"@id\":\"https:\\\/\\\/www.pansvalve.com\\\/#organization\",\"name\":\"PANS Valve\",\"alternateName\":\"PANS\",\"url\":\"https:\\\/\\\/www.pansvalve.com\\\/\",\"logo\":{\"@type\":\"ImageObject\",\"inLanguage\":\"pt-PT\",\"@id\":\"https:\\\/\\\/www.pansvalve.com\\\/#\\\/schema\\\/logo\\\/image\\\/\",\"url\":\"https:\\\/\\\/www.pansvalve.com\\\/wp-content\\\/uploads\\\/2022\\\/04\\\/\u6d59\u4e1c2.png\",\"contentUrl\":\"https:\\\/\\\/www.pansvalve.com\\\/wp-content\\\/uploads\\\/2022\\\/04\\\/\u6d59\u4e1c2.png\",\"width\":148,\"height\":52,\"caption\":\"PANS Valve\"},\"image\":{\"@id\":\"https:\\\/\\\/www.pansvalve.com\\\/#\\\/schema\\\/logo\\\/image\\\/\"}}]}<\/script>\n<!-- \/ Yoast SEO plugin. -->","yoast_head_json":{"title":"PANS: Cole\u00e7\u00e3o de v\u00e1lvulas de qualidade para todas as necessidades","description":"A PANS oferece uma cole\u00e7\u00e3o abrangente de v\u00e1lvulas adaptadas a v\u00e1rias aplica\u00e7\u00f5es. Explore nossas op\u00e7\u00f5es e entre em contato conosco para consultas!","robots":{"index":"index","follow":"follow","max-snippet":"max-snippet:-1","max-image-preview":"max-image-preview:large","max-video-preview":"max-video-preview:-1"},"canonical":"https:\/\/www.pansvalve.com\/pt\/collection\/","og_locale":"pt_PT","og_type":"article","og_title":"PANS: Quality Valve Collection for All Needs","og_description":"PANS offers a comprehensive collection of valves tailored to various applications. Explore our options and contact us for inquiries!","og_url":"https:\/\/www.pansvalve.com\/pt\/collection\/","og_site_name":"Industrial Valve Manufacturer and Company from China","article_modified_time":"2024-09-19T07:31:52+00:00","og_image":[{"url":"https:\/\/www.pansvalve.com\/wp-content\/uploads\/2022\/02\/Are-You-Familar-With-the-Development-of-the-Valve-1-1024x576.png","type":"","width":"","height":""}],"twitter_card":"summary_large_image","twitter_misc":{"Tempo estimado de leitura":"3 minutos"},"schema":{"@context":"https:\/\/schema.org","@graph":[{"@type":"WebPage","@id":"https:\/\/www.pansvalve.com\/collection\/","url":"https:\/\/www.pansvalve.com\/collection\/","name":"PANS: Cole\u00e7\u00e3o de v\u00e1lvulas de qualidade para todas as necessidades","isPartOf":{"@id":"https:\/\/www.pansvalve.com\/#website"},"primaryImageOfPage":{"@id":"https:\/\/www.pansvalve.com\/collection\/#primaryimage"},"image":{"@id":"https:\/\/www.pansvalve.com\/collection\/#primaryimage"},"thumbnailUrl":"https:\/\/www.pansvalve.com\/wp-content\/uploads\/2022\/02\/Are-You-Familar-With-the-Development-of-the-Valve-1-1024x576.png","datePublished":"2022-01-14T08:19:56+00:00","dateModified":"2024-09-19T07:31:52+00:00","description":"A PANS oferece uma cole\u00e7\u00e3o abrangente de v\u00e1lvulas adaptadas a v\u00e1rias aplica\u00e7\u00f5es. Explore nossas op\u00e7\u00f5es e entre em contato conosco para consultas!","breadcrumb":{"@id":"https:\/\/www.pansvalve.com\/collection\/#breadcrumb"},"inLanguage":"pt-PT","potentialAction":[{"@type":"ReadAction","target":["https:\/\/www.pansvalve.com\/collection\/"]}]},{"@type":"ImageObject","inLanguage":"pt-PT","@id":"https:\/\/www.pansvalve.com\/collection\/#primaryimage","url":"https:\/\/www.pansvalve.com\/wp-content\/uploads\/2022\/02\/Are-You-Familar-With-the-Development-of-the-Valve-1-1024x576.png","contentUrl":"https:\/\/www.pansvalve.com\/wp-content\/uploads\/2022\/02\/Are-You-Familar-With-the-Development-of-the-Valve-1-1024x576.png"},{"@type":"BreadcrumbList","@id":"https:\/\/www.pansvalve.com\/collection\/#breadcrumb","itemListElement":[{"@type":"ListItem","position":1,"name":"Home","item":"https:\/\/www.pansvalve.com\/"},{"@type":"ListItem","position":2,"name":"Collection"}]},{"@type":"WebSite","@id":"https:\/\/www.pansvalve.com\/#website","url":"https:\/\/www.pansvalve.com\/","name":"Fabricante l\u00edder de v\u00e1lvulas de encaixe, v\u00e1lvulas de esfera e v\u00e1lvulas de gaveta da China","description":"Envolvendo seis faixas e milhares de variedades, para v\u00e1lvula de controle, v\u00e1lvula ciog\u00eanica, v\u00e1lvula gaveta, v\u00e1lvula globo, v\u00e1lvula esf\u00e9rica, v\u00e1lvula borboleta, v\u00e1lvula de central el\u00e9trica, v\u00e1lvula de oxig\u00eanio, v\u00e1lvula de controle hidr\u00e1ulico, v\u00e1lvula de rosca e v\u00e1lvula antibi\u00f3tica.","publisher":{"@id":"https:\/\/www.pansvalve.com\/#organization"},"alternateName":"PANS Valve","potentialAction":[{"@type":"SearchAction","target":{"@type":"EntryPoint","urlTemplate":"https:\/\/www.pansvalve.com\/?s={search_term_string}"},"query-input":{"@type":"PropertyValueSpecification","valueRequired":true,"valueName":"search_term_string"}}],"inLanguage":"pt-PT"},{"@type":"Organization","@id":"https:\/\/www.pansvalve.com\/#organization","name":"V\u00e1lvula PANS","alternateName":"PANS","url":"https:\/\/www.pansvalve.com\/","logo":{"@type":"ImageObject","inLanguage":"pt-PT","@id":"https:\/\/www.pansvalve.com\/#\/schema\/logo\/image\/","url":"https:\/\/www.pansvalve.com\/wp-content\/uploads\/2022\/04\/\u6d59\u4e1c2.png","contentUrl":"https:\/\/www.pansvalve.com\/wp-content\/uploads\/2022\/04\/\u6d59\u4e1c2.png","width":148,"height":52,"caption":"PANS Valve"},"image":{"@id":"https:\/\/www.pansvalve.com\/#\/schema\/logo\/image\/"}}]}},"_links":{"self":[{"href":"https:\/\/www.pansvalve.com\/pt\/wp-json\/wp\/v2\/pages\/29","targetHints":{"allow":["GET"]}}],"collection":[{"href":"https:\/\/www.pansvalve.com\/pt\/wp-json\/wp\/v2\/pages"}],"about":[{"href":"https:\/\/www.pansvalve.com\/pt\/wp-json\/wp\/v2\/types\/page"}],"author":[{"embeddable":true,"href":"https:\/\/www.pansvalve.com\/pt\/wp-json\/wp\/v2\/users\/1"}],"replies":[{"embeddable":true,"href":"https:\/\/www.pansvalve.com\/pt\/wp-json\/wp\/v2\/comments?post=29"}],"version-history":[{"count":33,"href":"https:\/\/www.pansvalve.com\/pt\/wp-json\/wp\/v2\/pages\/29\/revisions"}],"predecessor-version":[{"id":850,"href":"https:\/\/www.pansvalve.com\/pt\/wp-json\/wp\/v2\/pages\/29\/revisions\/850"}],"wp:attachment":[{"href":"https:\/\/www.pansvalve.com\/pt\/wp-json\/wp\/v2\/media?parent=29"}],"curies":[{"name":"wp","href":"https:\/\/api.w.org\/{rel}","templated":true}]}}