{"id":1295,"date":"2024-01-25T11:34:14","date_gmt":"2024-01-25T03:34:14","guid":{"rendered":"https:\/\/www.pansvalve.com\/?page_id=1295"},"modified":"2024-10-12T10:39:52","modified_gmt":"2024-10-12T02:39:52","slug":"gate-valve-collection","status":"publish","type":"page","link":"https:\/\/www.pansvalve.com\/pt\/gate-valve-collection\/","title":{"rendered":"Cole\u00e7\u00e3o de v\u00e1lvulas gaveta"},"content":{"rendered":"<div id=\"1\" class=\"wp-block-group\"><div class=\"wp-block-group__inner-container is-layout-constrained wp-block-group-is-layout-constrained\">\n<h2 class=\"wp-block-heading\">Fabrica\u00e7\u00e3o de v\u00e1lvulas gaveta<\/h2>\n\n\n\n<div class=\"wp-block-columns is-layout-flex wp-container-core-columns-is-layout-9d6595d7 wp-block-columns-is-layout-flex\">\n<div class=\"wp-block-column is-layout-flow wp-block-column-is-layout-flow\">\n<figure class=\"wp-block-image size-full\"><img fetchpriority=\"high\" decoding=\"async\" width=\"660\" height=\"440\" src=\"https:\/\/www.pansvalve.com\/wp-content\/uploads\/2022\/04\/\u8499\u7248\u7ec4-741.jpg\" alt=\"PANELAS\" class=\"wp-image-1154\" srcset=\"https:\/\/www.pansvalve.com\/wp-content\/uploads\/2022\/04\/\u8499\u7248\u7ec4-741.jpg 660w, https:\/\/www.pansvalve.com\/wp-content\/uploads\/2022\/04\/\u8499\u7248\u7ec4-741-300x200.jpg 300w\" sizes=\"(max-width: 660px) 100vw, 660px\" \/><\/figure>\n<\/div>\n\n\n\n<div class=\"wp-block-column is-layout-flow wp-block-column-is-layout-flow\">\n<h3 class=\"wp-block-heading\">Sobre o fabricante de panelas \u2013 v\u00e1lvula de gaveta<\/h3>\n\n\n\n<p>As ra\u00edzes da Zhejiang Zhedong Valve Corp., Ltd remontam a 1985. Ent\u00e3o conhecida como PANS. A empresa tem mais de 30 anos de experi\u00eancia profissional na produ\u00e7\u00e3o de uma gama completa de v\u00e1lvulas de a\u00e7o, como v\u00e1lvula macho, v\u00e1lvula gaveta, v\u00e1lvula globo, v\u00e1lvula esfera, v\u00e1lvula de reten\u00e7\u00e3o, etc. A instala\u00e7\u00e3o principal est\u00e1 localizada em Wenzhou, China e tem mais de 200 funcion\u00e1rios e um moderno parque industrial com \u00e1rea total de 25 mil metros quadrados.<\/p>\n\n\n\n<p>Com 60 s\u00e9ries de v\u00e1lvulas e 100 pantentes, nossas v\u00e1lvulas s\u00e3o certificadas pela maioria das autoridades internacionais. Como um dos membros da CNPC, CPEIA, CBW, CPAC. Estamos comprometidos em alcan\u00e7ar os mais altos padr\u00f5es para a produ\u00e7\u00e3o de v\u00e1lvulas industriais que atendam ou excedam os padr\u00f5es internacionais.<\/p>\n\n\n\n<figure class=\"wp-block-image size-full\"><img decoding=\"async\" width=\"802\" height=\"142\" src=\"https:\/\/www.pansvalve.com\/wp-content\/uploads\/2024\/01\/\u4f01\u4e1a\u5fae\u4fe1\u622a\u56fe_20240124100231.png\" alt=\"\" class=\"wp-image-1285\" srcset=\"https:\/\/www.pansvalve.com\/wp-content\/uploads\/2024\/01\/\u4f01\u4e1a\u5fae\u4fe1\u622a\u56fe_20240124100231.png 802w, https:\/\/www.pansvalve.com\/wp-content\/uploads\/2024\/01\/\u4f01\u4e1a\u5fae\u4fe1\u622a\u56fe_20240124100231-300x53.png 300w, https:\/\/www.pansvalve.com\/wp-content\/uploads\/2024\/01\/\u4f01\u4e1a\u5fae\u4fe1\u622a\u56fe_20240124100231-768x136.png 768w\" sizes=\"(max-width: 802px) 100vw, 802px\" \/><\/figure>\n<\/div>\n<\/div>\n<\/div><\/div>\n\n\n\n<div id=\"2\" class=\"wp-block-group\"><div class=\"wp-block-group__inner-container is-layout-constrained wp-block-group-is-layout-constrained\">\n<h2 class=\"wp-block-heading has-text-align-center\">Os diferentes tipos de v\u00e1lvulas industriais<\/h2>\n\n\n\n<p>Quando olhamos externamente para sistemas de tubula\u00e7\u00e3o e bombeamento, geralmente vemos a configura\u00e7\u00e3o como um todo, em vez de olharmos para seus muitos componentes funcionais individualmente. Mas h\u00e1 aquela parte que desempenha um papel muito crucial. S\u00e3o as v\u00e1lvulas. Eles agem como pequenos bot\u00f5es que regulam o fluxo de fluidos, bem como cortam completamente o fornecimento, se necess\u00e1rio.<\/p>\n\n\n\n<p>As v\u00e1lvulas industriais s\u00e3o de tipos variados, cada uma baseada em um princ\u00edpio de funcionamento diferente e desempenhando uma fun\u00e7\u00e3o diferente. Aqui mesmo, discutimos os 9 tipos mais comuns de v\u00e1lvulas industriais.<\/p>\n\n\n\n<p>1. V\u00e1lvulas de esfera \u2013 \u00c9 um disco oco em forma de esfera que \u00e9 encaixado dentro de um tubo. A v\u00e1lvula inicia e interrompe o fluxo pelo movimento rotacional de um quarto de volta deste disco. Quando a v\u00e1lvula est\u00e1 aberta, a extremidade oca fica alinhada na dire\u00e7\u00e3o do fluxo e fechada fica perpendicular \u00e0 dire\u00e7\u00e3o do fluxo.<\/p>\n\n\n\n<p>2. <a href=\"https:\/\/www.pansvalve.com\/pt\/product\/plug-valve\/\"><strong>V\u00e1lvulas macho<\/strong> <\/a>\u2013 Tamb\u00e9m chamada de v\u00e1lvula galo, utiliza um tamp\u00e3o cil\u00edndrico ou c\u00f4nico com passagem perfurada para bloquear, iniciar ou acelerar o fluxo. Girando a manivela ou roda, organiza a abertura oca do tamp\u00e3o com as portas de entrada e sa\u00edda abrindo a passagem. Est\u00e1 bloqueado quando a parte s\u00f3lida se alinha com as portas.<\/p>\n\n\n\n<p>3. V\u00e1lvulas borboleta \u2013 \u00c9 mais uma v\u00e1lvula que utiliza o movimento rotacional; as v\u00e1lvulas esfera e macho funcionam da mesma maneira. Ele usa apenas um disco fino no caminho do fluxo em vez de uma unidade em forma de bola ou um tamp\u00e3o cil\u00edndrico. S\u00e3o r\u00e1pidos de usar, extremamente leves e facilmente adapt\u00e1veis.<\/p>\n\n\n\n<p>4. V\u00e1lvulas gaveta \u2013 Este \u00e9 o tipo de v\u00e1lvula utilizada em uma torneira. Abrir e fechar a v\u00e1lvula envolve levantar e abaixar as comportas met\u00e1licas, respectivamente. Uma cunha \u00e9 inserida em um assento. Com v\u00e1lvulas gaveta, a passagem pode ser totalmente fechada ou totalmente aberta; n\u00e3o h\u00e1 meio-termo. Eles tamb\u00e9m s\u00e3o chamados de v\u00e1lvulas de eclusa.<\/p>\n\n\n\n<p>5. <a href=\"https:\/\/www.pansvalve.com\/pt\/product\/globe-valve\/\"><strong>V\u00e1lvulas globo<\/strong><\/a> \u2013 \u00c9 semelhante a uma v\u00e1lvula gaveta, pois usa movimento linear para acelerar o fluxo. Difere no uso de um disco em vez de uma cunha. Tamb\u00e9m pode ser ajustado para diminuir ou aumentar o fluxo; a vantagem de uma v\u00e1lvula globo \u00e9 que ela n\u00e3o vaza tanto quanto outras v\u00e1lvulas. Eles tamb\u00e9m est\u00e3o entre os tipos de v\u00e1lvulas mais populares usados em diversas aplica\u00e7\u00f5es.<\/p>\n\n\n\n<p>6. V\u00e1lvulas de manga flex\u00edvel \u2013 A constru\u00e7\u00e3o apresenta um mecanismo de press\u00e3o e uma manga de borracha moldada ou material sint\u00e9tico. O caminho do fluxo na posi\u00e7\u00e3o aberta est\u00e1 desobstru\u00eddo. O fluxo \u00e9 interrompido apertando a membrana flex\u00edvel, baixando uma barra ou port\u00e3o.<\/p>\n\n\n\n<p>7. V\u00e1lvulas de diafragma \u2013 Funcionam de forma semelhante \u00e0s v\u00e1lvulas de mangote; um diafragma flex\u00edvel \u00e9 inserido de forma que se fixe na sede bloqueando o fluxo. Sua vantagem sobre as v\u00e1lvulas de mangote \u00e9 que ela cria uma veda\u00e7\u00e3o extremamente estanque e, portanto, \u00e9 usada em aplica\u00e7\u00f5es que exigem alta pureza.<\/p>\n\n\n\n<p>8. V\u00e1lvulas de al\u00edvio e seguran\u00e7a \u2013 \u00c0 medida que os fluidos passam pelo sistema, existe a possibilidade de um aumento de press\u00e3o sem precedentes, que se n\u00e3o for controlado pode ser perigoso. Isto se aplica especialmente se voc\u00ea estiver lidando com fluidos perigosos. As v\u00e1lvulas de al\u00edvio e seguran\u00e7a liberam a press\u00e3o periodicamente, sempre que esta ultrapassa o set point, para evitar danos.<\/p>\n\n\n\n<p>9. <a href=\"https:\/\/www.pansvalve.com\/pt\/product\/check-valve\/\"><strong>V\u00e1lvulas de reten\u00e7\u00e3o<\/strong><\/a> \u2013 V\u00e1lvulas de reten\u00e7\u00e3o permitem fluxo unidirecional de fluidos; eles n\u00e3o permitem que ele flua de volta. As v\u00e1lvulas de reten\u00e7\u00e3o do bico anti-batente verificam o pico de press\u00e3o e evitam o golpe de ar\u00edete.<\/p>\n\n\n\n<p>Para garantir que as v\u00e1lvulas instaladas em seus sistemas de tubula\u00e7\u00e3o ofere\u00e7am o melhor servi\u00e7o, voc\u00ea deve compr\u00e1-las de um fabricante confi\u00e1vel de v\u00e1lvulas industriais. \u00c9 a \u00fanica maneira de obter v\u00e1lvulas industriais de alta qualidade e constru\u00eddas para durar.<\/p>\n<\/div><\/div>","protected":false},"excerpt":{"rendered":"<p>Gate Valve Manufacturing About Pans&#8211;Gate Valve Manufacturer Zhejiang Zhedong Valve Corp., Ltd &#8216;s roots date back to 1985. Then known as PANS. The company has over 30 years professional experience in producing full range of steel valves, such as plug valve, gate valve, globe valve, ball valve, check valve, etc. The main facility locates at [&hellip;]<\/p>\n","protected":false},"author":1,"featured_media":0,"parent":0,"menu_order":0,"comment_status":"closed","ping_status":"closed","template":"template-category.php","meta":{"footnotes":""},"class_list":["post-1295","page","type-page","status-publish","hentry"],"yoast_head":"<!-- This site is optimized with the Yoast SEO plugin v27.3 - https:\/\/yoast.com\/product\/yoast-seo-wordpress\/ -->\n<title>PANS: Comprehensive Gate Valve Collection<\/title>\n<meta name=\"description\" content=\"Access the PANS gate valve collection for reliable solutions in your projects. Get in touch for details on our products!\" \/>\n<meta name=\"robots\" content=\"index, follow, max-snippet:-1, max-image-preview:large, max-video-preview:-1\" \/>\n<link rel=\"canonical\" href=\"https:\/\/www.pansvalve.com\/pt\/gate-valve-collection\/\" \/>\n<meta property=\"og:locale\" content=\"pt_PT\" \/>\n<meta property=\"og:type\" content=\"article\" \/>\n<meta property=\"og:title\" content=\"PANS: Comprehensive Gate Valve Collection\" \/>\n<meta property=\"og:description\" content=\"Access the PANS gate valve collection for reliable solutions in your projects. Get in touch for details on our products!\" \/>\n<meta property=\"og:url\" content=\"https:\/\/www.pansvalve.com\/pt\/gate-valve-collection\/\" \/>\n<meta property=\"og:site_name\" content=\"Industrial Valve Manufacturer and Company from China\" \/>\n<meta property=\"article:modified_time\" content=\"2024-10-12T02:39:52+00:00\" \/>\n<meta property=\"og:image\" content=\"https:\/\/www.pansvalve.com\/wp-content\/uploads\/2024\/09\/home-factory-of-PANS.webp\" \/>\n\t<meta property=\"og:image:width\" content=\"1200\" \/>\n\t<meta property=\"og:image:height\" content=\"675\" \/>\n\t<meta property=\"og:image:type\" content=\"image\/webp\" \/>\n<meta name=\"twitter:card\" content=\"summary_large_image\" \/>\n<meta name=\"twitter:label1\" content=\"Tempo estimado de leitura\" \/>\n\t<meta name=\"twitter:data1\" content=\"4 minutos\" \/>\n<script type=\"application\/ld+json\" class=\"yoast-schema-graph\">{\"@context\":\"https:\\\/\\\/schema.org\",\"@graph\":[{\"@type\":\"WebPage\",\"@id\":\"https:\\\/\\\/www.pansvalve.com\\\/gate-valve-collection\\\/\",\"url\":\"https:\\\/\\\/www.pansvalve.com\\\/gate-valve-collection\\\/\",\"name\":\"PANS: Comprehensive Gate Valve Collection\",\"isPartOf\":{\"@id\":\"https:\\\/\\\/www.pansvalve.com\\\/#website\"},\"datePublished\":\"2024-01-25T03:34:14+00:00\",\"dateModified\":\"2024-10-12T02:39:52+00:00\",\"description\":\"Access the PANS gate valve collection for reliable solutions in your projects. Get in touch for details on our products!\",\"breadcrumb\":{\"@id\":\"https:\\\/\\\/www.pansvalve.com\\\/gate-valve-collection\\\/#breadcrumb\"},\"inLanguage\":\"pt-PT\",\"potentialAction\":[{\"@type\":\"ReadAction\",\"target\":[\"https:\\\/\\\/www.pansvalve.com\\\/gate-valve-collection\\\/\"]}]},{\"@type\":\"BreadcrumbList\",\"@id\":\"https:\\\/\\\/www.pansvalve.com\\\/gate-valve-collection\\\/#breadcrumb\",\"itemListElement\":[{\"@type\":\"ListItem\",\"position\":1,\"name\":\"Home\",\"item\":\"https:\\\/\\\/www.pansvalve.com\\\/\"},{\"@type\":\"ListItem\",\"position\":2,\"name\":\"Gate Valve Collection\"}]},{\"@type\":\"WebSite\",\"@id\":\"https:\\\/\\\/www.pansvalve.com\\\/#website\",\"url\":\"https:\\\/\\\/www.pansvalve.com\\\/\",\"name\":\"Leading Plug Vavle, Ball Valve, Gate Valve Manufacturer of China\",\"description\":\"Involving six ranges and thousands of varieties, for control valve, cyogenic valve, gate valve, globe valve, ball valve, butterfly valve, power station valve, oxygen valve, hydraulic control valve, thread valve and Antibiotic valve.\",\"publisher\":{\"@id\":\"https:\\\/\\\/www.pansvalve.com\\\/#organization\"},\"alternateName\":\"PANS Valve\",\"potentialAction\":[{\"@type\":\"SearchAction\",\"target\":{\"@type\":\"EntryPoint\",\"urlTemplate\":\"https:\\\/\\\/www.pansvalve.com\\\/?s={search_term_string}\"},\"query-input\":{\"@type\":\"PropertyValueSpecification\",\"valueRequired\":true,\"valueName\":\"search_term_string\"}}],\"inLanguage\":\"pt-PT\"},{\"@type\":\"Organization\",\"@id\":\"https:\\\/\\\/www.pansvalve.com\\\/#organization\",\"name\":\"PANS Valve\",\"alternateName\":\"PANS\",\"url\":\"https:\\\/\\\/www.pansvalve.com\\\/\",\"logo\":{\"@type\":\"ImageObject\",\"inLanguage\":\"pt-PT\",\"@id\":\"https:\\\/\\\/www.pansvalve.com\\\/#\\\/schema\\\/logo\\\/image\\\/\",\"url\":\"https:\\\/\\\/www.pansvalve.com\\\/wp-content\\\/uploads\\\/2022\\\/04\\\/\u6d59\u4e1c2.png\",\"contentUrl\":\"https:\\\/\\\/www.pansvalve.com\\\/wp-content\\\/uploads\\\/2022\\\/04\\\/\u6d59\u4e1c2.png\",\"width\":148,\"height\":52,\"caption\":\"PANS Valve\"},\"image\":{\"@id\":\"https:\\\/\\\/www.pansvalve.com\\\/#\\\/schema\\\/logo\\\/image\\\/\"}}]}<\/script>\n<!-- \/ Yoast SEO plugin. -->","yoast_head_json":{"title":"PANS: Cole\u00e7\u00e3o abrangente de v\u00e1lvulas de gaveta","description":"Acesse a cole\u00e7\u00e3o de v\u00e1lvulas de gaveta PANS para solu\u00e7\u00f5es confi\u00e1veis em seus projetos. Entre em contato para obter detalhes sobre nossos produtos!","robots":{"index":"index","follow":"follow","max-snippet":"max-snippet:-1","max-image-preview":"max-image-preview:large","max-video-preview":"max-video-preview:-1"},"canonical":"https:\/\/www.pansvalve.com\/pt\/gate-valve-collection\/","og_locale":"pt_PT","og_type":"article","og_title":"PANS: Comprehensive Gate Valve Collection","og_description":"Access the PANS gate valve collection for reliable solutions in your projects. Get in touch for details on our products!","og_url":"https:\/\/www.pansvalve.com\/pt\/gate-valve-collection\/","og_site_name":"Industrial Valve Manufacturer and Company from China","article_modified_time":"2024-10-12T02:39:52+00:00","og_image":[{"width":1200,"height":675,"url":"https:\/\/www.pansvalve.com\/wp-content\/uploads\/2024\/09\/home-factory-of-PANS.webp","type":"image\/webp"}],"twitter_card":"summary_large_image","twitter_misc":{"Tempo estimado de leitura":"4 minutos"},"schema":{"@context":"https:\/\/schema.org","@graph":[{"@type":"WebPage","@id":"https:\/\/www.pansvalve.com\/gate-valve-collection\/","url":"https:\/\/www.pansvalve.com\/gate-valve-collection\/","name":"PANS: Cole\u00e7\u00e3o abrangente de v\u00e1lvulas de gaveta","isPartOf":{"@id":"https:\/\/www.pansvalve.com\/#website"},"datePublished":"2024-01-25T03:34:14+00:00","dateModified":"2024-10-12T02:39:52+00:00","description":"Acesse a cole\u00e7\u00e3o de v\u00e1lvulas de gaveta PANS para solu\u00e7\u00f5es confi\u00e1veis em seus projetos. Entre em contato para obter detalhes sobre nossos produtos!","breadcrumb":{"@id":"https:\/\/www.pansvalve.com\/gate-valve-collection\/#breadcrumb"},"inLanguage":"pt-PT","potentialAction":[{"@type":"ReadAction","target":["https:\/\/www.pansvalve.com\/gate-valve-collection\/"]}]},{"@type":"BreadcrumbList","@id":"https:\/\/www.pansvalve.com\/gate-valve-collection\/#breadcrumb","itemListElement":[{"@type":"ListItem","position":1,"name":"Home","item":"https:\/\/www.pansvalve.com\/"},{"@type":"ListItem","position":2,"name":"Gate Valve Collection"}]},{"@type":"WebSite","@id":"https:\/\/www.pansvalve.com\/#website","url":"https:\/\/www.pansvalve.com\/","name":"Fabricante l\u00edder de v\u00e1lvulas de encaixe, v\u00e1lvulas de esfera e v\u00e1lvulas de gaveta da China","description":"Envolvendo seis faixas e milhares de variedades, para v\u00e1lvula de controle, v\u00e1lvula ciog\u00eanica, v\u00e1lvula gaveta, v\u00e1lvula globo, v\u00e1lvula esf\u00e9rica, v\u00e1lvula borboleta, v\u00e1lvula de central el\u00e9trica, v\u00e1lvula de oxig\u00eanio, v\u00e1lvula de controle hidr\u00e1ulico, v\u00e1lvula de rosca e v\u00e1lvula antibi\u00f3tica.","publisher":{"@id":"https:\/\/www.pansvalve.com\/#organization"},"alternateName":"PANS Valve","potentialAction":[{"@type":"SearchAction","target":{"@type":"EntryPoint","urlTemplate":"https:\/\/www.pansvalve.com\/?s={search_term_string}"},"query-input":{"@type":"PropertyValueSpecification","valueRequired":true,"valueName":"search_term_string"}}],"inLanguage":"pt-PT"},{"@type":"Organization","@id":"https:\/\/www.pansvalve.com\/#organization","name":"V\u00e1lvula PANS","alternateName":"PANS","url":"https:\/\/www.pansvalve.com\/","logo":{"@type":"ImageObject","inLanguage":"pt-PT","@id":"https:\/\/www.pansvalve.com\/#\/schema\/logo\/image\/","url":"https:\/\/www.pansvalve.com\/wp-content\/uploads\/2022\/04\/\u6d59\u4e1c2.png","contentUrl":"https:\/\/www.pansvalve.com\/wp-content\/uploads\/2022\/04\/\u6d59\u4e1c2.png","width":148,"height":52,"caption":"PANS Valve"},"image":{"@id":"https:\/\/www.pansvalve.com\/#\/schema\/logo\/image\/"}}]}},"_links":{"self":[{"href":"https:\/\/www.pansvalve.com\/pt\/wp-json\/wp\/v2\/pages\/1295","targetHints":{"allow":["GET"]}}],"collection":[{"href":"https:\/\/www.pansvalve.com\/pt\/wp-json\/wp\/v2\/pages"}],"about":[{"href":"https:\/\/www.pansvalve.com\/pt\/wp-json\/wp\/v2\/types\/page"}],"author":[{"embeddable":true,"href":"https:\/\/www.pansvalve.com\/pt\/wp-json\/wp\/v2\/users\/1"}],"replies":[{"embeddable":true,"href":"https:\/\/www.pansvalve.com\/pt\/wp-json\/wp\/v2\/comments?post=1295"}],"version-history":[{"count":5,"href":"https:\/\/www.pansvalve.com\/pt\/wp-json\/wp\/v2\/pages\/1295\/revisions"}],"predecessor-version":[{"id":1302,"href":"https:\/\/www.pansvalve.com\/pt\/wp-json\/wp\/v2\/pages\/1295\/revisions\/1302"}],"wp:attachment":[{"href":"https:\/\/www.pansvalve.com\/pt\/wp-json\/wp\/v2\/media?parent=1295"}],"curies":[{"name":"wp","href":"https:\/\/api.w.org\/{rel}","templated":true}]}}