{"id":310,"date":"2022-01-25T00:57:26","date_gmt":"2022-01-25T00:57:26","guid":{"rendered":"https:\/\/www.pansvalve.com\/?page_id=310"},"modified":"2024-09-19T15:24:32","modified_gmt":"2024-09-19T07:24:32","slug":"application","status":"publish","type":"page","link":"https:\/\/www.pansvalve.com\/fr\/application\/","title":{"rendered":"Application"},"content":{"rendered":"","protected":false},"excerpt":{"rendered":"","protected":false},"author":1,"featured_media":0,"parent":0,"menu_order":0,"comment_status":"closed","ping_status":"closed","template":"","meta":{"footnotes":""},"class_list":["post-310","page","type-page","status-publish","hentry"],"yoast_head":"<!-- This site is optimized with the Yoast SEO plugin v27.5 - https:\/\/yoast.com\/product\/yoast-seo-wordpress\/ -->\n<title>PANS: Versatile Applications for Our Valves<\/title>\n<meta name=\"description\" content=\"The applications of PANS valves in multiple industries reflect our expertise. Find out about our solutions and connect with us!\" \/>\n<meta name=\"robots\" content=\"index, follow, max-snippet:-1, max-image-preview:large, max-video-preview:-1\" \/>\n<link rel=\"canonical\" href=\"https:\/\/www.pansvalve.com\/fr\/application\/\" \/>\n<meta property=\"og:locale\" content=\"fr_FR\" \/>\n<meta property=\"og:type\" content=\"article\" \/>\n<meta property=\"og:title\" content=\"PANS: Versatile Applications for Our Valves\" \/>\n<meta property=\"og:description\" content=\"The applications of PANS valves in multiple industries reflect our expertise. Find out about our solutions and connect with us!\" \/>\n<meta property=\"og:url\" content=\"https:\/\/www.pansvalve.com\/fr\/application\/\" \/>\n<meta property=\"og:site_name\" content=\"Industrial Valve Manufacturer and Company from China\" \/>\n<meta property=\"article:modified_time\" content=\"2024-09-19T07:24:32+00:00\" \/>\n<meta property=\"og:image\" content=\"https:\/\/www.pansvalve.com\/wp-content\/uploads\/2024\/09\/home-factory-of-PANS.webp\" \/>\n\t<meta property=\"og:image:width\" content=\"1200\" \/>\n\t<meta property=\"og:image:height\" content=\"675\" \/>\n\t<meta property=\"og:image:type\" content=\"image\/webp\" \/>\n<meta name=\"twitter:card\" content=\"summary_large_image\" \/>\n<script type=\"application\/ld+json\" class=\"yoast-schema-graph\">{\"@context\":\"https:\\\/\\\/schema.org\",\"@graph\":[{\"@type\":\"WebPage\",\"@id\":\"https:\\\/\\\/www.pansvalve.com\\\/application\\\/\",\"url\":\"https:\\\/\\\/www.pansvalve.com\\\/application\\\/\",\"name\":\"PANS: Versatile Applications for Our Valves\",\"isPartOf\":{\"@id\":\"https:\\\/\\\/www.pansvalve.com\\\/#website\"},\"datePublished\":\"2022-01-25T00:57:26+00:00\",\"dateModified\":\"2024-09-19T07:24:32+00:00\",\"description\":\"The applications of PANS valves in multiple industries reflect our expertise. Find out about our solutions and connect with us!\",\"breadcrumb\":{\"@id\":\"https:\\\/\\\/www.pansvalve.com\\\/application\\\/#breadcrumb\"},\"inLanguage\":\"fr-FR\",\"potentialAction\":[{\"@type\":\"ReadAction\",\"target\":[\"https:\\\/\\\/www.pansvalve.com\\\/application\\\/\"]}]},{\"@type\":\"BreadcrumbList\",\"@id\":\"https:\\\/\\\/www.pansvalve.com\\\/application\\\/#breadcrumb\",\"itemListElement\":[{\"@type\":\"ListItem\",\"position\":1,\"name\":\"Home\",\"item\":\"https:\\\/\\\/www.pansvalve.com\\\/\"},{\"@type\":\"ListItem\",\"position\":2,\"name\":\"Application\"}]},{\"@type\":\"WebSite\",\"@id\":\"https:\\\/\\\/www.pansvalve.com\\\/#website\",\"url\":\"https:\\\/\\\/www.pansvalve.com\\\/\",\"name\":\"Leading Plug Vavle, Ball Valve, Gate Valve Manufacturer of China\",\"description\":\"Involving six ranges and thousands of varieties, for control valve, cyogenic valve, gate valve, globe valve, ball valve, butterfly valve, power station valve, oxygen valve, hydraulic control valve, thread valve and Antibiotic valve.\",\"publisher\":{\"@id\":\"https:\\\/\\\/www.pansvalve.com\\\/#organization\"},\"alternateName\":\"PANS Valve\",\"potentialAction\":[{\"@type\":\"SearchAction\",\"target\":{\"@type\":\"EntryPoint\",\"urlTemplate\":\"https:\\\/\\\/www.pansvalve.com\\\/?s={search_term_string}\"},\"query-input\":{\"@type\":\"PropertyValueSpecification\",\"valueRequired\":true,\"valueName\":\"search_term_string\"}}],\"inLanguage\":\"fr-FR\"},{\"@type\":\"Organization\",\"@id\":\"https:\\\/\\\/www.pansvalve.com\\\/#organization\",\"name\":\"PANS Valve\",\"alternateName\":\"PANS\",\"url\":\"https:\\\/\\\/www.pansvalve.com\\\/\",\"logo\":{\"@type\":\"ImageObject\",\"inLanguage\":\"fr-FR\",\"@id\":\"https:\\\/\\\/www.pansvalve.com\\\/#\\\/schema\\\/logo\\\/image\\\/\",\"url\":\"https:\\\/\\\/www.pansvalve.com\\\/wp-content\\\/uploads\\\/2022\\\/04\\\/\u6d59\u4e1c2.png\",\"contentUrl\":\"https:\\\/\\\/www.pansvalve.com\\\/wp-content\\\/uploads\\\/2022\\\/04\\\/\u6d59\u4e1c2.png\",\"width\":148,\"height\":52,\"caption\":\"PANS Valve\"},\"image\":{\"@id\":\"https:\\\/\\\/www.pansvalve.com\\\/#\\\/schema\\\/logo\\\/image\\\/\"}}]}<\/script>\n<!-- \/ Yoast SEO plugin. -->","yoast_head_json":{"title":"PANS : Applications polyvalentes pour nos vannes","description":"Les applications des vannes PANS dans de nombreux secteurs industriels t\u00e9moignent de notre expertise. D\u00e9couvrez nos solutions et contactez-nous !","robots":{"index":"index","follow":"follow","max-snippet":"max-snippet:-1","max-image-preview":"max-image-preview:large","max-video-preview":"max-video-preview:-1"},"canonical":"https:\/\/www.pansvalve.com\/fr\/application\/","og_locale":"fr_FR","og_type":"article","og_title":"PANS: Versatile Applications for Our Valves","og_description":"The applications of PANS valves in multiple industries reflect our expertise. Find out about our solutions and connect with us!","og_url":"https:\/\/www.pansvalve.com\/fr\/application\/","og_site_name":"Industrial Valve Manufacturer and Company from China","article_modified_time":"2024-09-19T07:24:32+00:00","og_image":[{"width":1200,"height":675,"url":"https:\/\/www.pansvalve.com\/wp-content\/uploads\/2024\/09\/home-factory-of-PANS.webp","type":"image\/webp"}],"twitter_card":"summary_large_image","schema":{"@context":"https:\/\/schema.org","@graph":[{"@type":"WebPage","@id":"https:\/\/www.pansvalve.com\/application\/","url":"https:\/\/www.pansvalve.com\/application\/","name":"PANS : Applications polyvalentes pour nos vannes","isPartOf":{"@id":"https:\/\/www.pansvalve.com\/#website"},"datePublished":"2022-01-25T00:57:26+00:00","dateModified":"2024-09-19T07:24:32+00:00","description":"Les applications des vannes PANS dans de nombreux secteurs industriels t\u00e9moignent de notre expertise. D\u00e9couvrez nos solutions et contactez-nous !","breadcrumb":{"@id":"https:\/\/www.pansvalve.com\/application\/#breadcrumb"},"inLanguage":"fr-FR","potentialAction":[{"@type":"ReadAction","target":["https:\/\/www.pansvalve.com\/application\/"]}]},{"@type":"BreadcrumbList","@id":"https:\/\/www.pansvalve.com\/application\/#breadcrumb","itemListElement":[{"@type":"ListItem","position":1,"name":"Home","item":"https:\/\/www.pansvalve.com\/"},{"@type":"ListItem","position":2,"name":"Application"}]},{"@type":"WebSite","@id":"https:\/\/www.pansvalve.com\/#website","url":"https:\/\/www.pansvalve.com\/","name":"Fabricant leader de robinets \u00e0 boisseau sph\u00e9rique, de robinets \u00e0 boisseau sph\u00e9rique et de robinets-vannes en Chine","description":"Impliquant six gammes et des milliers de vari\u00e9t\u00e9s, pour la vanne de r\u00e9gulation, la vanne cyog\u00e9nique, la vanne \u00e0 vanne, la vanne \u00e0 soupape, la vanne \u00e0 bille, la vanne papillon, la vanne de centrale \u00e9lectrique, la vanne \u00e0 oxyg\u00e8ne, la vanne de r\u00e9gulation hydraulique, la vanne filet\u00e9e et la vanne antibiotique.","publisher":{"@id":"https:\/\/www.pansvalve.com\/#organization"},"alternateName":"PANS Valve","potentialAction":[{"@type":"SearchAction","target":{"@type":"EntryPoint","urlTemplate":"https:\/\/www.pansvalve.com\/?s={search_term_string}"},"query-input":{"@type":"PropertyValueSpecification","valueRequired":true,"valueName":"search_term_string"}}],"inLanguage":"fr-FR"},{"@type":"Organization","@id":"https:\/\/www.pansvalve.com\/#organization","name":"Vanne de casseroles","alternateName":"PANS","url":"https:\/\/www.pansvalve.com\/","logo":{"@type":"ImageObject","inLanguage":"fr-FR","@id":"https:\/\/www.pansvalve.com\/#\/schema\/logo\/image\/","url":"https:\/\/www.pansvalve.com\/wp-content\/uploads\/2022\/04\/\u6d59\u4e1c2.png","contentUrl":"https:\/\/www.pansvalve.com\/wp-content\/uploads\/2022\/04\/\u6d59\u4e1c2.png","width":148,"height":52,"caption":"PANS Valve"},"image":{"@id":"https:\/\/www.pansvalve.com\/#\/schema\/logo\/image\/"}}]}},"_links":{"self":[{"href":"https:\/\/www.pansvalve.com\/fr\/wp-json\/wp\/v2\/pages\/310","targetHints":{"allow":["GET"]}}],"collection":[{"href":"https:\/\/www.pansvalve.com\/fr\/wp-json\/wp\/v2\/pages"}],"about":[{"href":"https:\/\/www.pansvalve.com\/fr\/wp-json\/wp\/v2\/types\/page"}],"author":[{"embeddable":true,"href":"https:\/\/www.pansvalve.com\/fr\/wp-json\/wp\/v2\/users\/1"}],"replies":[{"embeddable":true,"href":"https:\/\/www.pansvalve.com\/fr\/wp-json\/wp\/v2\/comments?post=310"}],"version-history":[{"count":1,"href":"https:\/\/www.pansvalve.com\/fr\/wp-json\/wp\/v2\/pages\/310\/revisions"}],"predecessor-version":[{"id":311,"href":"https:\/\/www.pansvalve.com\/fr\/wp-json\/wp\/v2\/pages\/310\/revisions\/311"}],"wp:attachment":[{"href":"https:\/\/www.pansvalve.com\/fr\/wp-json\/wp\/v2\/media?parent=310"}],"curies":[{"name":"wp","href":"https:\/\/api.w.org\/{rel}","templated":true}]}}