{"id":29,"date":"2022-01-14T08:19:56","date_gmt":"2022-01-14T08:19:56","guid":{"rendered":"https:\/\/www.pansvalve.com\/?page_id=29"},"modified":"2024-09-19T15:31:52","modified_gmt":"2024-09-19T07:31:52","slug":"collection","status":"publish","type":"page","link":"https:\/\/www.pansvalve.com\/fr\/collection\/","title":{"rendered":"Collection"},"content":{"rendered":"<div id=\"coll1\" class=\"wp-block-group\"><div class=\"wp-block-group__inner-container is-layout-flow wp-block-group-is-layout-flow\">\n<div class=\"wp-block-columns is-layout-flex wp-container-core-columns-is-layout-9d6595d7 wp-block-columns-is-layout-flex\">\n<div class=\"wp-block-column is-layout-flow wp-block-column-is-layout-flow\">\n<p><\/p>\n\n\n\n<h2 class=\"has-black-color has-text-color wp-block-heading\" id=\"how-does-ball-valves-work\"><strong>Comment fonctionnent les robinets \u00e0 tournant sph\u00e9rique ?<\/strong><\/h2>\n\n\n\n<p><\/p>\n\n\n\n<p class=\"has-medium-font-size\" style=\"font-style:normal;font-weight:400\">Les robinets \u00e0 tournant sph\u00e9rique utilisent des billes creuses qui permettent aux \u00e9coulements de les traverser lorsqu&#039;ils sont ouverts et de les isoler lorsqu&#039;ils se ferment. Les billes sont entra\u00een\u00e9es \u00e0 l&#039;aide de broches qui s&#039;ins\u00e8rent dans les fentes frais\u00e9es dans les billes creuses, qui sont \u00e0 leur tour actionn\u00e9es par des leviers pour fermer et ouvrir les billes. Les axes des vannes \u00e0 bille sont encastr\u00e9s dans les cols des vannes et sont scell\u00e9s \u00e0 l&#039;aide d&#039;un large \u00e9ventail de joints de col\u00a0; cela \u00e9vite les fuites et, de plus, les billes sont prises en sandwich entre les si\u00e8ges bille\/corps pour garantir une \u00e9tanch\u00e9it\u00e9 positive et absolue.<\/p>\n<\/div>\n\n\n\n<div class=\"wp-block-column is-layout-flow wp-block-column-is-layout-flow\">\n<figure class=\"wp-block-image size-large is-style-default\"><img decoding=\"async\" src=\"https:\/\/www.pansvalve.com\/wp-content\/uploads\/2022\/02\/Are-You-Familar-With-the-Development-of-the-Valve-1-1024x576.png\" alt=\"\" class=\"wp-image-693\"\/><\/figure>\n\n\n\n<p><\/p>\n<\/div>\n<\/div>\n<\/div><\/div>\n\n\n\n<div id=\"coll2\" class=\"wp-block-group\"><div class=\"wp-block-group__inner-container is-layout-flow wp-block-group-is-layout-flow\">\n<div class=\"wp-block-columns is-layout-flex wp-container-core-columns-is-layout-9d6595d7 wp-block-columns-is-layout-flex\">\n<div class=\"wp-block-column is-layout-flow wp-block-column-is-layout-flow\">\n<p><\/p>\n\n\n\n<p><\/p>\n\n\n\n<h2 class=\"has-black-color has-text-color wp-block-heading\" id=\"ball-valves-circuit-function\"><strong>Fonction du circuit des vannes \u00e0 bille<\/strong><\/h2>\n\n\n\n<p class=\"has-medium-font-size\" style=\"font-style:normal;font-weight:400\">Les robinets \u00e0 tournant sph\u00e9rique peuvent comporter 2 (2 voies), 3 (3 voies) et dans certains cas 4 ports (4 voies). La plupart des vannes sont \u00e0 2 voies et sont actionn\u00e9es manuellement \u00e0 l&#039;aide d&#039;un levier ; ce levier est align\u00e9 avec le tuyau du robinet \u00e0 bille chaque fois que le robinet est ouvert. Une fois ferm\u00e9, le levier est perpendiculaire au tuyau.<\/p>\n\n\n\n<p class=\"has-medium-font-size\" style=\"font-style:normal;font-weight:400\">Le d\u00e9bit dans les vannes \u00e0 bille provient simplement de la sortie et de l&#039;entr\u00e9e des vannes \u00e0 2 voies. Les vannes \u00e0 commande manuelle peuvent \u00eatre ferm\u00e9es rapidement, ce qui signifie qu&#039;il existe un risque de coup de b\u00e9lier avec des fluides \u00e0 \u00e9coulement rapide. D&#039;autres vannes sont \u00e9quip\u00e9es de transmissions. Les vannes \u00e0 bille \u00e0 3 voies ont des al\u00e9sages en forme de T ou de L, qui affectent les directions d&#039;\u00e9coulement\u00a0; cela se traduit par diff\u00e9rentes fonctions de circuit, telles que le m\u00e9lange et la distribution des flux dans diff\u00e9rentes directions.<\/p>\n\n\n\n<p class=\"has-medium-font-size\" style=\"font-style:normal;font-weight:400\">Alternativement, vous pouvez utiliser des vannes \u00e0 bille automatis\u00e9es\u00a0; ceux-ci sont \u00e9quip\u00e9s d&#039;actionneurs pneumatiques ou \u00e9lectriques. Ils offrent plus de commodit\u00e9 puisqu\u2019ils peuvent \u00eatre command\u00e9s \u00e0 distance.<\/p>\n<\/div>\n\n\n\n<div class=\"wp-block-column is-layout-flow wp-block-column-is-layout-flow\">\n<p><\/p>\n\n\n\n<p><\/p>\n\n\n\n<div class=\"wp-block-image\"><figure class=\"aligncenter size-full\"><img decoding=\"async\" src=\"https:\/\/www.pansvalve.com\/wp-content\/uploads\/2022\/02\/ManufacturingProductionEquipmentSwiper_2.4583b06.jpg\" alt=\"\" class=\"wp-image-483\"\/><\/figure><\/div>\n<\/div>\n<\/div>\n<\/div><\/div>\n\n\n\n<div id=\"coll3\" class=\"wp-block-group\"><div class=\"wp-block-group__inner-container is-layout-flow wp-block-group-is-layout-flow\">\n<div class=\"wp-block-columns is-layout-flex wp-container-core-columns-is-layout-9d6595d7 wp-block-columns-is-layout-flex\">\n<div class=\"wp-block-column is-layout-flow wp-block-column-is-layout-flow\">\n<h2 class=\"has-black-color has-text-color wp-block-heading\" id=\"ball-valves-operation\"><strong>Fonctionnement des robinets \u00e0 tournant sph\u00e9rique<\/strong><\/h2>\n\n\n\n<p class=\"has-medium-font-size\" style=\"font-style:normal;font-weight:400\">Lorsque les billes s&#039;ouvrent et se ferment entre les si\u00e8ges, elles effectuent des mouvements d&#039;essuyage et \u00e9liminent toutes les particules en suspension des surfaces des billes. Il est important de noter que les solides grossiers endommagent les surfaces et les si\u00e8ges des billes, ce qui finit par entra\u00eener des fuites. Les mat\u00e9riaux fibreux, avares et solides aident \u00e0 emp\u00eacher les boules de se fermer. La configuration de robinet \u00e0 tournant sph\u00e9rique la plus r\u00e9pandue est la conception \u00e0 2 voies\u00a0; il facilite le passage des flux depuis les entr\u00e9es vers les sorties des vannes. Les vannes \u00e0 bille \u00e0 3 et 4 voies permettent aux flux de se d\u00e9placer dans plusieurs directions.<\/p>\n<\/div>\n\n\n\n<div class=\"wp-block-column is-layout-flow wp-block-column-is-layout-flow\">\n<figure class=\"wp-block-image size-full\"><img decoding=\"async\" src=\"https:\/\/www.pansvalve.com\/wp-content\/uploads\/2022\/02\/ManufacturingProductionEquipmentSwiper_1.56d4e3d.jpg\" alt=\"\" class=\"wp-image-484\"\/><\/figure>\n<\/div>\n<\/div>\n<\/div><\/div>\n\n\n\n<p><\/p>","protected":false},"excerpt":{"rendered":"<p>How Does Ball Valves Work? Ball valves use hollow balls that allow flows through them when they are open and isolate when they close. The balls are driven using spindles that fit into the slots milled into the hollow balls, which are in turn operated by levers to close and open the balls. The ball [&hellip;]<\/p>\n","protected":false},"author":1,"featured_media":0,"parent":0,"menu_order":0,"comment_status":"closed","ping_status":"closed","template":"","meta":{"footnotes":""},"class_list":["post-29","page","type-page","status-publish","hentry"],"yoast_head":"<!-- This site is optimized with the Yoast SEO plugin v27.4 - https:\/\/yoast.com\/product\/yoast-seo-wordpress\/ -->\n<title>PANS: Quality Valve Collection for All Needs<\/title>\n<meta name=\"description\" content=\"PANS offers a comprehensive collection of valves tailored to various applications. Explore our options and contact us for inquiries!\" \/>\n<meta name=\"robots\" content=\"index, follow, max-snippet:-1, max-image-preview:large, max-video-preview:-1\" \/>\n<link rel=\"canonical\" href=\"https:\/\/www.pansvalve.com\/fr\/collection\/\" \/>\n<meta property=\"og:locale\" content=\"fr_FR\" \/>\n<meta property=\"og:type\" content=\"article\" \/>\n<meta property=\"og:title\" content=\"PANS: Quality Valve Collection for All Needs\" \/>\n<meta property=\"og:description\" content=\"PANS offers a comprehensive collection of valves tailored to various applications. Explore our options and contact us for inquiries!\" \/>\n<meta property=\"og:url\" content=\"https:\/\/www.pansvalve.com\/fr\/collection\/\" \/>\n<meta property=\"og:site_name\" content=\"Industrial Valve Manufacturer and Company from China\" \/>\n<meta property=\"article:modified_time\" content=\"2024-09-19T07:31:52+00:00\" \/>\n<meta property=\"og:image\" content=\"https:\/\/www.pansvalve.com\/wp-content\/uploads\/2022\/02\/Are-You-Familar-With-the-Development-of-the-Valve-1-1024x576.png\" \/>\n<meta name=\"twitter:card\" content=\"summary_large_image\" \/>\n<meta name=\"twitter:label1\" content=\"Dur\u00e9e de lecture estim\u00e9e\" \/>\n\t<meta name=\"twitter:data1\" content=\"3 minutes\" \/>\n<script type=\"application\/ld+json\" class=\"yoast-schema-graph\">{\"@context\":\"https:\\\/\\\/schema.org\",\"@graph\":[{\"@type\":\"WebPage\",\"@id\":\"https:\\\/\\\/www.pansvalve.com\\\/collection\\\/\",\"url\":\"https:\\\/\\\/www.pansvalve.com\\\/collection\\\/\",\"name\":\"PANS: Quality Valve Collection for All Needs\",\"isPartOf\":{\"@id\":\"https:\\\/\\\/www.pansvalve.com\\\/#website\"},\"primaryImageOfPage\":{\"@id\":\"https:\\\/\\\/www.pansvalve.com\\\/collection\\\/#primaryimage\"},\"image\":{\"@id\":\"https:\\\/\\\/www.pansvalve.com\\\/collection\\\/#primaryimage\"},\"thumbnailUrl\":\"https:\\\/\\\/www.pansvalve.com\\\/wp-content\\\/uploads\\\/2022\\\/02\\\/Are-You-Familar-With-the-Development-of-the-Valve-1-1024x576.png\",\"datePublished\":\"2022-01-14T08:19:56+00:00\",\"dateModified\":\"2024-09-19T07:31:52+00:00\",\"description\":\"PANS offers a comprehensive collection of valves tailored to various applications. Explore our options and contact us for inquiries!\",\"breadcrumb\":{\"@id\":\"https:\\\/\\\/www.pansvalve.com\\\/collection\\\/#breadcrumb\"},\"inLanguage\":\"fr-FR\",\"potentialAction\":[{\"@type\":\"ReadAction\",\"target\":[\"https:\\\/\\\/www.pansvalve.com\\\/collection\\\/\"]}]},{\"@type\":\"ImageObject\",\"inLanguage\":\"fr-FR\",\"@id\":\"https:\\\/\\\/www.pansvalve.com\\\/collection\\\/#primaryimage\",\"url\":\"https:\\\/\\\/www.pansvalve.com\\\/wp-content\\\/uploads\\\/2022\\\/02\\\/Are-You-Familar-With-the-Development-of-the-Valve-1-1024x576.png\",\"contentUrl\":\"https:\\\/\\\/www.pansvalve.com\\\/wp-content\\\/uploads\\\/2022\\\/02\\\/Are-You-Familar-With-the-Development-of-the-Valve-1-1024x576.png\"},{\"@type\":\"BreadcrumbList\",\"@id\":\"https:\\\/\\\/www.pansvalve.com\\\/collection\\\/#breadcrumb\",\"itemListElement\":[{\"@type\":\"ListItem\",\"position\":1,\"name\":\"Home\",\"item\":\"https:\\\/\\\/www.pansvalve.com\\\/\"},{\"@type\":\"ListItem\",\"position\":2,\"name\":\"Collection\"}]},{\"@type\":\"WebSite\",\"@id\":\"https:\\\/\\\/www.pansvalve.com\\\/#website\",\"url\":\"https:\\\/\\\/www.pansvalve.com\\\/\",\"name\":\"Leading Plug Vavle, Ball Valve, Gate Valve Manufacturer of China\",\"description\":\"Involving six ranges and thousands of varieties, for control valve, cyogenic valve, gate valve, globe valve, ball valve, butterfly valve, power station valve, oxygen valve, hydraulic control valve, thread valve and Antibiotic valve.\",\"publisher\":{\"@id\":\"https:\\\/\\\/www.pansvalve.com\\\/#organization\"},\"alternateName\":\"PANS Valve\",\"potentialAction\":[{\"@type\":\"SearchAction\",\"target\":{\"@type\":\"EntryPoint\",\"urlTemplate\":\"https:\\\/\\\/www.pansvalve.com\\\/?s={search_term_string}\"},\"query-input\":{\"@type\":\"PropertyValueSpecification\",\"valueRequired\":true,\"valueName\":\"search_term_string\"}}],\"inLanguage\":\"fr-FR\"},{\"@type\":\"Organization\",\"@id\":\"https:\\\/\\\/www.pansvalve.com\\\/#organization\",\"name\":\"PANS Valve\",\"alternateName\":\"PANS\",\"url\":\"https:\\\/\\\/www.pansvalve.com\\\/\",\"logo\":{\"@type\":\"ImageObject\",\"inLanguage\":\"fr-FR\",\"@id\":\"https:\\\/\\\/www.pansvalve.com\\\/#\\\/schema\\\/logo\\\/image\\\/\",\"url\":\"https:\\\/\\\/www.pansvalve.com\\\/wp-content\\\/uploads\\\/2022\\\/04\\\/\u6d59\u4e1c2.png\",\"contentUrl\":\"https:\\\/\\\/www.pansvalve.com\\\/wp-content\\\/uploads\\\/2022\\\/04\\\/\u6d59\u4e1c2.png\",\"width\":148,\"height\":52,\"caption\":\"PANS Valve\"},\"image\":{\"@id\":\"https:\\\/\\\/www.pansvalve.com\\\/#\\\/schema\\\/logo\\\/image\\\/\"}}]}<\/script>\n<!-- \/ Yoast SEO plugin. -->","yoast_head_json":{"title":"PANS : Collection de vannes de qualit\u00e9 pour tous les besoins","description":"PANS propose une gamme compl\u00e8te de vannes adapt\u00e9es \u00e0 diverses applications. D\u00e9couvrez nos options et contactez-nous pour toute demande de renseignements !","robots":{"index":"index","follow":"follow","max-snippet":"max-snippet:-1","max-image-preview":"max-image-preview:large","max-video-preview":"max-video-preview:-1"},"canonical":"https:\/\/www.pansvalve.com\/fr\/collection\/","og_locale":"fr_FR","og_type":"article","og_title":"PANS: Quality Valve Collection for All Needs","og_description":"PANS offers a comprehensive collection of valves tailored to various applications. Explore our options and contact us for inquiries!","og_url":"https:\/\/www.pansvalve.com\/fr\/collection\/","og_site_name":"Industrial Valve Manufacturer and Company from China","article_modified_time":"2024-09-19T07:31:52+00:00","og_image":[{"url":"https:\/\/www.pansvalve.com\/wp-content\/uploads\/2022\/02\/Are-You-Familar-With-the-Development-of-the-Valve-1-1024x576.png","type":"","width":"","height":""}],"twitter_card":"summary_large_image","twitter_misc":{"Dur\u00e9e de lecture estim\u00e9e":"3 minutes"},"schema":{"@context":"https:\/\/schema.org","@graph":[{"@type":"WebPage","@id":"https:\/\/www.pansvalve.com\/collection\/","url":"https:\/\/www.pansvalve.com\/collection\/","name":"PANS : Collection de vannes de qualit\u00e9 pour tous les besoins","isPartOf":{"@id":"https:\/\/www.pansvalve.com\/#website"},"primaryImageOfPage":{"@id":"https:\/\/www.pansvalve.com\/collection\/#primaryimage"},"image":{"@id":"https:\/\/www.pansvalve.com\/collection\/#primaryimage"},"thumbnailUrl":"https:\/\/www.pansvalve.com\/wp-content\/uploads\/2022\/02\/Are-You-Familar-With-the-Development-of-the-Valve-1-1024x576.png","datePublished":"2022-01-14T08:19:56+00:00","dateModified":"2024-09-19T07:31:52+00:00","description":"PANS propose une gamme compl\u00e8te de vannes adapt\u00e9es \u00e0 diverses applications. D\u00e9couvrez nos options et contactez-nous pour toute demande de renseignements !","breadcrumb":{"@id":"https:\/\/www.pansvalve.com\/collection\/#breadcrumb"},"inLanguage":"fr-FR","potentialAction":[{"@type":"ReadAction","target":["https:\/\/www.pansvalve.com\/collection\/"]}]},{"@type":"ImageObject","inLanguage":"fr-FR","@id":"https:\/\/www.pansvalve.com\/collection\/#primaryimage","url":"https:\/\/www.pansvalve.com\/wp-content\/uploads\/2022\/02\/Are-You-Familar-With-the-Development-of-the-Valve-1-1024x576.png","contentUrl":"https:\/\/www.pansvalve.com\/wp-content\/uploads\/2022\/02\/Are-You-Familar-With-the-Development-of-the-Valve-1-1024x576.png"},{"@type":"BreadcrumbList","@id":"https:\/\/www.pansvalve.com\/collection\/#breadcrumb","itemListElement":[{"@type":"ListItem","position":1,"name":"Home","item":"https:\/\/www.pansvalve.com\/"},{"@type":"ListItem","position":2,"name":"Collection"}]},{"@type":"WebSite","@id":"https:\/\/www.pansvalve.com\/#website","url":"https:\/\/www.pansvalve.com\/","name":"Fabricant leader de robinets \u00e0 boisseau sph\u00e9rique, de robinets \u00e0 boisseau sph\u00e9rique et de robinets-vannes en Chine","description":"Impliquant six gammes et des milliers de vari\u00e9t\u00e9s, pour la vanne de r\u00e9gulation, la vanne cyog\u00e9nique, la vanne \u00e0 vanne, la vanne \u00e0 soupape, la vanne \u00e0 bille, la vanne papillon, la vanne de centrale \u00e9lectrique, la vanne \u00e0 oxyg\u00e8ne, la vanne de r\u00e9gulation hydraulique, la vanne filet\u00e9e et la vanne antibiotique.","publisher":{"@id":"https:\/\/www.pansvalve.com\/#organization"},"alternateName":"PANS Valve","potentialAction":[{"@type":"SearchAction","target":{"@type":"EntryPoint","urlTemplate":"https:\/\/www.pansvalve.com\/?s={search_term_string}"},"query-input":{"@type":"PropertyValueSpecification","valueRequired":true,"valueName":"search_term_string"}}],"inLanguage":"fr-FR"},{"@type":"Organization","@id":"https:\/\/www.pansvalve.com\/#organization","name":"Vanne de casseroles","alternateName":"PANS","url":"https:\/\/www.pansvalve.com\/","logo":{"@type":"ImageObject","inLanguage":"fr-FR","@id":"https:\/\/www.pansvalve.com\/#\/schema\/logo\/image\/","url":"https:\/\/www.pansvalve.com\/wp-content\/uploads\/2022\/04\/\u6d59\u4e1c2.png","contentUrl":"https:\/\/www.pansvalve.com\/wp-content\/uploads\/2022\/04\/\u6d59\u4e1c2.png","width":148,"height":52,"caption":"PANS Valve"},"image":{"@id":"https:\/\/www.pansvalve.com\/#\/schema\/logo\/image\/"}}]}},"_links":{"self":[{"href":"https:\/\/www.pansvalve.com\/fr\/wp-json\/wp\/v2\/pages\/29","targetHints":{"allow":["GET"]}}],"collection":[{"href":"https:\/\/www.pansvalve.com\/fr\/wp-json\/wp\/v2\/pages"}],"about":[{"href":"https:\/\/www.pansvalve.com\/fr\/wp-json\/wp\/v2\/types\/page"}],"author":[{"embeddable":true,"href":"https:\/\/www.pansvalve.com\/fr\/wp-json\/wp\/v2\/users\/1"}],"replies":[{"embeddable":true,"href":"https:\/\/www.pansvalve.com\/fr\/wp-json\/wp\/v2\/comments?post=29"}],"version-history":[{"count":33,"href":"https:\/\/www.pansvalve.com\/fr\/wp-json\/wp\/v2\/pages\/29\/revisions"}],"predecessor-version":[{"id":850,"href":"https:\/\/www.pansvalve.com\/fr\/wp-json\/wp\/v2\/pages\/29\/revisions\/850"}],"wp:attachment":[{"href":"https:\/\/www.pansvalve.com\/fr\/wp-json\/wp\/v2\/media?parent=29"}],"curies":[{"name":"wp","href":"https:\/\/api.w.org\/{rel}","templated":true}]}}