{"id":1305,"date":"2024-01-25T14:51:15","date_gmt":"2024-01-25T06:51:15","guid":{"rendered":"https:\/\/www.pansvalve.com\/?page_id=1305"},"modified":"2024-09-19T16:00:18","modified_gmt":"2024-09-19T08:00:18","slug":"plug-valve-collection","status":"publish","type":"page","link":"https:\/\/www.pansvalve.com\/fr\/plug-valve-collection\/","title":{"rendered":"Collection de robinets \u00e0 tournant sph\u00e9rique"},"content":{"rendered":"<div id=\"1\" class=\"wp-block-group\"><div class=\"wp-block-group__inner-container is-layout-constrained wp-block-group-is-layout-constrained\">\n<h2 class=\"wp-block-heading\">Fabrication de robinets \u00e0 tournant sph\u00e9rique<\/h2>\n\n\n\n<div class=\"wp-block-columns is-layout-flex wp-container-core-columns-is-layout-9d6595d7 wp-block-columns-is-layout-flex\">\n<div class=\"wp-block-column is-layout-flow wp-block-column-is-layout-flow\">\n<figure class=\"wp-block-image size-full\"><img fetchpriority=\"high\" decoding=\"async\" width=\"660\" height=\"440\" src=\"https:\/\/www.pansvalve.com\/wp-content\/uploads\/2022\/04\/\u8499\u7248\u7ec4-741.jpg\" alt=\"DES CASSEROLES\" class=\"wp-image-1154\" srcset=\"https:\/\/www.pansvalve.com\/wp-content\/uploads\/2022\/04\/\u8499\u7248\u7ec4-741.jpg 660w, https:\/\/www.pansvalve.com\/wp-content\/uploads\/2022\/04\/\u8499\u7248\u7ec4-741-300x200.jpg 300w\" sizes=\"(max-width: 660px) 100vw, 660px\" \/><\/figure>\n<\/div>\n\n\n\n<div class=\"wp-block-column is-layout-flow wp-block-column-is-layout-flow\">\n<h3 class=\"wp-block-heading\">\u00c0 propos du fabricant de casseroles et de robinets \u00e0 boisseau<\/h3>\n\n\n\n<p>Les racines de Zhejiang Zhedong Valve Corp., Ltd remontent \u00e0 1985. Alors connue sous le nom de PANS. L&#039;entreprise a plus de 30 ans d&#039;exp\u00e9rience professionnelle dans la production d&#039;une gamme compl\u00e8te de vannes en acier, telles que des vannes \u00e0 boisseau, des vannes \u00e0 vanne, des vannes \u00e0 soupape, des vannes \u00e0 bille, des clapets anti-retour, etc. L&#039;installation principale est situ\u00e9e \u00e0 Wenzhou, en Chine et compte plus de 200 employ\u00e9s et un parc industriel moderne d&#039;une superficie totale de 25 000 m\u00e8tres carr\u00e9s.<\/p>\n\n\n\n<p>Avec 60 s\u00e9ries de vannes et 100 pantalons, nos vannes sont certifi\u00e9es par la plupart des autorit\u00e9s internationales. En tant que membre du CNPC, CPEIA, CBW, CPAC. Nous nous engageons \u00e0 atteindre les normes les plus \u00e9lev\u00e9es pour produire des vannes industrielles qui respectent ou d\u00e9passent les normes internationales.<\/p>\n\n\n\n<figure class=\"wp-block-image size-full\"><img decoding=\"async\" width=\"802\" height=\"142\" src=\"https:\/\/www.pansvalve.com\/wp-content\/uploads\/2024\/01\/\u4f01\u4e1a\u5fae\u4fe1\u622a\u56fe_20240124100231.png\" alt=\"\" class=\"wp-image-1285\" srcset=\"https:\/\/www.pansvalve.com\/wp-content\/uploads\/2024\/01\/\u4f01\u4e1a\u5fae\u4fe1\u622a\u56fe_20240124100231.png 802w, https:\/\/www.pansvalve.com\/wp-content\/uploads\/2024\/01\/\u4f01\u4e1a\u5fae\u4fe1\u622a\u56fe_20240124100231-300x53.png 300w, https:\/\/www.pansvalve.com\/wp-content\/uploads\/2024\/01\/\u4f01\u4e1a\u5fae\u4fe1\u622a\u56fe_20240124100231-768x136.png 768w\" sizes=\"(max-width: 802px) 100vw, 802px\" \/><\/figure>\n<\/div>\n<\/div>\n<\/div><\/div>\n\n\n\n<div id=\"2\" class=\"wp-block-group\"><div class=\"wp-block-group__inner-container is-layout-constrained wp-block-group-is-layout-constrained\">\n<h2 class=\"wp-block-heading has-text-align-center\">Un guide complet sur les robinets \u00e0 tournant sph\u00e9rique<\/h2>\n\n\n\n<p>Une vanne \u00e0 boisseau est une vanne \u00e0 mouvement rotatif quart de tour qui utilise un bouchon conique ou cylindrique pour contr\u00f4ler le d\u00e9bit de fluide. Il est couramment utilis\u00e9 dans les services \u00e0 haute pression et temp\u00e9rature o\u00f9 un fonctionnement rapide est requis. Il existe diff\u00e9rents types de robinets \u00e0 tournant sph\u00e9rique, y compris les mod\u00e8les lubrifi\u00e9s et non lubrifi\u00e9s, ainsi que les robinets \u00e0 boisseau \u00e9quilibr\u00e9s et excentriques. Le robinet \u00e0 boisseau lubrifi\u00e9 pr\u00e9sente une cavit\u00e9 au milieu le long de son axe pour l&#039;alimentation en produit d&#039;\u00e9tanch\u00e9it\u00e9, tandis que la conception non lubrifi\u00e9e ne n\u00e9cessite pas de lubrification externe. Les vannes \u00e0 boisseau peuvent \u00e9galement \u00eatre \u00e9quip\u00e9es d&#039;actionneurs pour un fonctionnement automatis\u00e9.<\/p>\n\n\n\n<h3 class=\"wp-block-heading\">Types de vannes \u00e0 boisseau<\/h3>\n\n\n\n<p>Les vannes \u00e0 boisseau existent en diff\u00e9rents types, tels que\u00a0:<\/p>\n\n\n\n<ul class=\"wp-block-list\">\n<li>Vanne \u00e0 boisseau lubrifi\u00e9e<\/li>\n\n\n\n<li>Vanne \u00e0 boisseau non lubrifi\u00e9e<\/li>\n\n\n\n<li>Vanne \u00e0 boisseau \u00e9quilibr\u00e9<\/li>\n\n\n\n<li>Vanne \u00e0 boisseau excentrique<\/li>\n\n\n\n<li>Vannes \u00e0 double bloc et purge<\/li>\n<\/ul>\n\n\n\n<h3 class=\"wp-block-heading\">Applications des vannes \u00e0 boisseau<\/h3>\n\n\n\n<p>Les vannes \u00e0 boisseau sont largement utilis\u00e9es dans diverses industries en raison de leur polyvalence et de leur facilit\u00e9 d&#039;utilisation. Voici quelques-unes des principales applications des vannes \u00e0 boisseau :<\/p>\n\n\n\n<ul class=\"wp-block-list\">\n<li><strong>Syst\u00e8mes de plomberie et de CVC\u00a0:<\/strong> Les robinets \u00e0 tournant sph\u00e9rique sont couramment utilis\u00e9s dans les applications de plomberie domestiques et commerciales, contr\u00f4lant le d\u00e9bit d&#039;eau et les d\u00e9chets dans les tuyaux.<\/li>\n\n\n\n<li><strong>Syst\u00e8mes hydrauliques et pneumatiques\u00a0:<\/strong> Les vannes \u00e0 boisseau sont des composants essentiels des syst\u00e8mes hydrauliques et pneumatiques, r\u00e9gulant le d\u00e9bit des fluides et des gaz dans les machines et les \u00e9quipements industriels.<\/li>\n\n\n\n<li><strong>Industries de transformation chimique et industries p\u00e9troli\u00e8res et gazi\u00e8res\u00a0:<\/strong> Les robinets \u00e0 tournant sph\u00e9rique sont utilis\u00e9s dans les usines chimiques et les raffineries de p\u00e9trole pour contr\u00f4ler le flux de substances dangereuses ou volatiles.<\/li>\n\n\n\n<li><strong>Traitement de l\u2019eau et gestion des eaux us\u00e9es :<\/strong> Les robinets \u00e0 tournant sph\u00e9rique sont utilis\u00e9s dans les usines de traitement de l&#039;eau et les installations de traitement des eaux us\u00e9es pour r\u00e9guler le d\u00e9bit de l&#039;eau et des eaux us\u00e9es.<\/li>\n<\/ul>\n\n\n\n<h3 class=\"wp-block-heading\">Choisir le bon robinet \u00e0 tournant sph\u00e9rique\u00a0: facteurs \u00e0 prendre en compte<\/h3>\n\n\n\n<p>Lors de la s\u00e9lection d&#039;un robinet \u00e0 tournant sph\u00e9rique pour une application sp\u00e9cifique, plusieurs facteurs doivent \u00eatre pris en compte, notamment\u00a0:<\/p>\n\n\n\n<ul class=\"wp-block-list\">\n<li><strong>Type et caract\u00e9ristiques du fluide\u00a0:<\/strong> Le mat\u00e9riau et la conception de la vanne doivent \u00eatre compatibles avec le fluide manipul\u00e9, en tenant compte de facteurs tels que la viscosit\u00e9, l&#039;acidit\u00e9 et l&#039;abrasivit\u00e9.<\/li>\n\n\n\n<li><strong>Exigences de d\u00e9bit et de pression\u00a0:<\/strong> La capacit\u00e9 et la pression nominale de la vanne doivent correspondre au d\u00e9bit et \u00e0 la pression attendus du fluide.<\/li>\n\n\n\n<li><strong>\u00c9cart de temp\u00e9rature:<\/strong> Le mat\u00e9riau de la vanne doit pouvoir r\u00e9sister \u00e0 la temp\u00e9rature de fonctionnement du fluide.<\/li>\n\n\n\n<li><strong>Pr\u00e9vention des fuites\u00a0:<\/strong> Pour les applications o\u00f9 les fuites sont critiques, des vannes \u00e0 double blocage et de purge ou des conceptions de vannes sp\u00e9cifiques peuvent \u00eatre n\u00e9cessaires.<\/li>\n<\/ul>\n\n\n\n<h3 class=\"wp-block-heading\">Principes de fonctionnement des robinets \u00e0 tournant sph\u00e9rique<\/h3>\n\n\n\n<p>Un robinet \u00e0 boisseau utilise un bouchon avec un trou traversant comme composant pour l&#039;ouverture et la fermeture. Le clapet tourne avec la tige de la vanne pour r\u00e9aliser des actions d&#039;ouverture et de fermeture. Il s&#039;agit d&#039;une vanne directe \u00e0 ouverture rapide avec un effet d&#039;essuyage entre les surfaces d&#039;\u00e9tanch\u00e9it\u00e9, ce qui la rend adapt\u00e9e aux fluides contenant des particules flottantes. Les robinets \u00e0 tournant sph\u00e9rique ont \u00e9galement l&#039;avantage d&#039;\u00eatre con\u00e7us pour les canalisations multiports, simplifiant ainsi la conception du syst\u00e8me de tuyauterie.<\/p>\n<\/div><\/div>\n\n\n\n<h3 class=\"wp-block-heading\">Conclusion<\/h3>\n\n\n\n<p>Les vannes \u00e0 boisseau se sont impos\u00e9es comme une solution fiable et polyvalente pour le contr\u00f4le des fluides dans un large \u00e9ventail d\u2019industries. Leur fonctionnement simple, leur fermeture \u00e9tanche et leur capacit\u00e9 \u00e0 g\u00e9rer divers fluides en font un atout pr\u00e9cieux dans les syst\u00e8mes de tuyauterie. En comprenant l&#039;anatomie, les types, les applications et les crit\u00e8res de s\u00e9lection des vannes \u00e0 boisseau, les ing\u00e9nieurs et les techniciens peuvent prendre des d\u00e9cisions \u00e9clair\u00e9es pour garantir un contr\u00f4le des fluides et des performances du syst\u00e8me optimaux.<\/p>","protected":false},"excerpt":{"rendered":"<p>Plug Valve Manufacturing About Pans&#8211;Plug Valve Manufacturer Zhejiang Zhedong Valve Corp., Ltd &#8216;s roots date back to 1985. Then known as PANS. The company has over 30 years professional experience in producing full range of steel valves, such as plug valve, gate valve, globe valve, ball valve, check valve, etc. The main facility locates at [&hellip;]<\/p>\n","protected":false},"author":1,"featured_media":0,"parent":0,"menu_order":0,"comment_status":"closed","ping_status":"closed","template":"template-category.php","meta":{"footnotes":""},"class_list":["post-1305","page","type-page","status-publish","hentry"],"yoast_head":"<!-- This site is optimized with the Yoast SEO plugin v27.3 - https:\/\/yoast.com\/product\/yoast-seo-wordpress\/ -->\n<title>Reliable Plug Valve Collection Offered by PANS<\/title>\n<meta name=\"description\" content=\"View the plug valve collection from PANS, featuring different designs and specifications. Reach out for inquiries today!\" \/>\n<meta name=\"robots\" content=\"index, follow, max-snippet:-1, max-image-preview:large, max-video-preview:-1\" \/>\n<link rel=\"canonical\" href=\"https:\/\/www.pansvalve.com\/fr\/plug-valve-collection\/\" \/>\n<meta property=\"og:locale\" content=\"fr_FR\" \/>\n<meta property=\"og:type\" content=\"article\" \/>\n<meta property=\"og:title\" content=\"Reliable Plug Valve Collection Offered by PANS\" \/>\n<meta property=\"og:description\" content=\"View the plug valve collection from PANS, featuring different designs and specifications. Reach out for inquiries today!\" \/>\n<meta property=\"og:url\" content=\"https:\/\/www.pansvalve.com\/fr\/plug-valve-collection\/\" \/>\n<meta property=\"og:site_name\" content=\"Industrial Valve Manufacturer and Company from China\" \/>\n<meta property=\"article:modified_time\" content=\"2024-09-19T08:00:18+00:00\" \/>\n<meta property=\"og:image\" content=\"https:\/\/www.pansvalve.com\/wp-content\/uploads\/2024\/09\/home-factory-of-PANS.webp\" \/>\n\t<meta property=\"og:image:width\" content=\"1200\" \/>\n\t<meta property=\"og:image:height\" content=\"675\" \/>\n\t<meta property=\"og:image:type\" content=\"image\/webp\" \/>\n<meta name=\"twitter:card\" content=\"summary_large_image\" \/>\n<meta name=\"twitter:label1\" content=\"Dur\u00e9e de lecture estim\u00e9e\" \/>\n\t<meta name=\"twitter:data1\" content=\"4 minutes\" \/>\n<script type=\"application\/ld+json\" class=\"yoast-schema-graph\">{\"@context\":\"https:\\\/\\\/schema.org\",\"@graph\":[{\"@type\":\"WebPage\",\"@id\":\"https:\\\/\\\/www.pansvalve.com\\\/plug-valve-collection\\\/\",\"url\":\"https:\\\/\\\/www.pansvalve.com\\\/plug-valve-collection\\\/\",\"name\":\"Reliable Plug Valve Collection Offered by PANS\",\"isPartOf\":{\"@id\":\"https:\\\/\\\/www.pansvalve.com\\\/#website\"},\"datePublished\":\"2024-01-25T06:51:15+00:00\",\"dateModified\":\"2024-09-19T08:00:18+00:00\",\"description\":\"View the plug valve collection from PANS, featuring different designs and specifications. Reach out for inquiries today!\",\"breadcrumb\":{\"@id\":\"https:\\\/\\\/www.pansvalve.com\\\/plug-valve-collection\\\/#breadcrumb\"},\"inLanguage\":\"fr-FR\",\"potentialAction\":[{\"@type\":\"ReadAction\",\"target\":[\"https:\\\/\\\/www.pansvalve.com\\\/plug-valve-collection\\\/\"]}]},{\"@type\":\"BreadcrumbList\",\"@id\":\"https:\\\/\\\/www.pansvalve.com\\\/plug-valve-collection\\\/#breadcrumb\",\"itemListElement\":[{\"@type\":\"ListItem\",\"position\":1,\"name\":\"Home\",\"item\":\"https:\\\/\\\/www.pansvalve.com\\\/\"},{\"@type\":\"ListItem\",\"position\":2,\"name\":\"Plug Valve Collection\"}]},{\"@type\":\"WebSite\",\"@id\":\"https:\\\/\\\/www.pansvalve.com\\\/#website\",\"url\":\"https:\\\/\\\/www.pansvalve.com\\\/\",\"name\":\"Leading Plug Vavle, Ball Valve, Gate Valve Manufacturer of China\",\"description\":\"Involving six ranges and thousands of varieties, for control valve, cyogenic valve, gate valve, globe valve, ball valve, butterfly valve, power station valve, oxygen valve, hydraulic control valve, thread valve and Antibiotic valve.\",\"publisher\":{\"@id\":\"https:\\\/\\\/www.pansvalve.com\\\/#organization\"},\"alternateName\":\"PANS Valve\",\"potentialAction\":[{\"@type\":\"SearchAction\",\"target\":{\"@type\":\"EntryPoint\",\"urlTemplate\":\"https:\\\/\\\/www.pansvalve.com\\\/?s={search_term_string}\"},\"query-input\":{\"@type\":\"PropertyValueSpecification\",\"valueRequired\":true,\"valueName\":\"search_term_string\"}}],\"inLanguage\":\"fr-FR\"},{\"@type\":\"Organization\",\"@id\":\"https:\\\/\\\/www.pansvalve.com\\\/#organization\",\"name\":\"PANS Valve\",\"alternateName\":\"PANS\",\"url\":\"https:\\\/\\\/www.pansvalve.com\\\/\",\"logo\":{\"@type\":\"ImageObject\",\"inLanguage\":\"fr-FR\",\"@id\":\"https:\\\/\\\/www.pansvalve.com\\\/#\\\/schema\\\/logo\\\/image\\\/\",\"url\":\"https:\\\/\\\/www.pansvalve.com\\\/wp-content\\\/uploads\\\/2022\\\/04\\\/\u6d59\u4e1c2.png\",\"contentUrl\":\"https:\\\/\\\/www.pansvalve.com\\\/wp-content\\\/uploads\\\/2022\\\/04\\\/\u6d59\u4e1c2.png\",\"width\":148,\"height\":52,\"caption\":\"PANS Valve\"},\"image\":{\"@id\":\"https:\\\/\\\/www.pansvalve.com\\\/#\\\/schema\\\/logo\\\/image\\\/\"}}]}<\/script>\n<!-- \/ Yoast SEO plugin. -->","yoast_head_json":{"title":"Collection de robinets \u00e0 boisseau sph\u00e9rique fiables propos\u00e9e par PANS","description":"D\u00e9couvrez la collection de robinets \u00e0 boisseau sph\u00e9rique de PANS, avec diff\u00e9rents mod\u00e8les et sp\u00e9cifications. Contactez-nous d\u00e8s aujourd&#039;hui pour toute demande de renseignements !","robots":{"index":"index","follow":"follow","max-snippet":"max-snippet:-1","max-image-preview":"max-image-preview:large","max-video-preview":"max-video-preview:-1"},"canonical":"https:\/\/www.pansvalve.com\/fr\/plug-valve-collection\/","og_locale":"fr_FR","og_type":"article","og_title":"Reliable Plug Valve Collection Offered by PANS","og_description":"View the plug valve collection from PANS, featuring different designs and specifications. Reach out for inquiries today!","og_url":"https:\/\/www.pansvalve.com\/fr\/plug-valve-collection\/","og_site_name":"Industrial Valve Manufacturer and Company from China","article_modified_time":"2024-09-19T08:00:18+00:00","og_image":[{"width":1200,"height":675,"url":"https:\/\/www.pansvalve.com\/wp-content\/uploads\/2024\/09\/home-factory-of-PANS.webp","type":"image\/webp"}],"twitter_card":"summary_large_image","twitter_misc":{"Dur\u00e9e de lecture estim\u00e9e":"4 minutes"},"schema":{"@context":"https:\/\/schema.org","@graph":[{"@type":"WebPage","@id":"https:\/\/www.pansvalve.com\/plug-valve-collection\/","url":"https:\/\/www.pansvalve.com\/plug-valve-collection\/","name":"Collection de robinets \u00e0 boisseau sph\u00e9rique fiables propos\u00e9e par PANS","isPartOf":{"@id":"https:\/\/www.pansvalve.com\/#website"},"datePublished":"2024-01-25T06:51:15+00:00","dateModified":"2024-09-19T08:00:18+00:00","description":"D\u00e9couvrez la collection de robinets \u00e0 boisseau sph\u00e9rique de PANS, avec diff\u00e9rents mod\u00e8les et sp\u00e9cifications. Contactez-nous d\u00e8s aujourd&#039;hui pour toute demande de renseignements !","breadcrumb":{"@id":"https:\/\/www.pansvalve.com\/plug-valve-collection\/#breadcrumb"},"inLanguage":"fr-FR","potentialAction":[{"@type":"ReadAction","target":["https:\/\/www.pansvalve.com\/plug-valve-collection\/"]}]},{"@type":"BreadcrumbList","@id":"https:\/\/www.pansvalve.com\/plug-valve-collection\/#breadcrumb","itemListElement":[{"@type":"ListItem","position":1,"name":"Home","item":"https:\/\/www.pansvalve.com\/"},{"@type":"ListItem","position":2,"name":"Plug Valve Collection"}]},{"@type":"WebSite","@id":"https:\/\/www.pansvalve.com\/#website","url":"https:\/\/www.pansvalve.com\/","name":"Fabricant leader de robinets \u00e0 boisseau sph\u00e9rique, de robinets \u00e0 boisseau sph\u00e9rique et de robinets-vannes en Chine","description":"Impliquant six gammes et des milliers de vari\u00e9t\u00e9s, pour la vanne de r\u00e9gulation, la vanne cyog\u00e9nique, la vanne \u00e0 vanne, la vanne \u00e0 soupape, la vanne \u00e0 bille, la vanne papillon, la vanne de centrale \u00e9lectrique, la vanne \u00e0 oxyg\u00e8ne, la vanne de r\u00e9gulation hydraulique, la vanne filet\u00e9e et la vanne antibiotique.","publisher":{"@id":"https:\/\/www.pansvalve.com\/#organization"},"alternateName":"PANS Valve","potentialAction":[{"@type":"SearchAction","target":{"@type":"EntryPoint","urlTemplate":"https:\/\/www.pansvalve.com\/?s={search_term_string}"},"query-input":{"@type":"PropertyValueSpecification","valueRequired":true,"valueName":"search_term_string"}}],"inLanguage":"fr-FR"},{"@type":"Organization","@id":"https:\/\/www.pansvalve.com\/#organization","name":"Vanne de casseroles","alternateName":"PANS","url":"https:\/\/www.pansvalve.com\/","logo":{"@type":"ImageObject","inLanguage":"fr-FR","@id":"https:\/\/www.pansvalve.com\/#\/schema\/logo\/image\/","url":"https:\/\/www.pansvalve.com\/wp-content\/uploads\/2022\/04\/\u6d59\u4e1c2.png","contentUrl":"https:\/\/www.pansvalve.com\/wp-content\/uploads\/2022\/04\/\u6d59\u4e1c2.png","width":148,"height":52,"caption":"PANS Valve"},"image":{"@id":"https:\/\/www.pansvalve.com\/#\/schema\/logo\/image\/"}}]}},"_links":{"self":[{"href":"https:\/\/www.pansvalve.com\/fr\/wp-json\/wp\/v2\/pages\/1305","targetHints":{"allow":["GET"]}}],"collection":[{"href":"https:\/\/www.pansvalve.com\/fr\/wp-json\/wp\/v2\/pages"}],"about":[{"href":"https:\/\/www.pansvalve.com\/fr\/wp-json\/wp\/v2\/types\/page"}],"author":[{"embeddable":true,"href":"https:\/\/www.pansvalve.com\/fr\/wp-json\/wp\/v2\/users\/1"}],"replies":[{"embeddable":true,"href":"https:\/\/www.pansvalve.com\/fr\/wp-json\/wp\/v2\/comments?post=1305"}],"version-history":[{"count":3,"href":"https:\/\/www.pansvalve.com\/fr\/wp-json\/wp\/v2\/pages\/1305\/revisions"}],"predecessor-version":[{"id":1319,"href":"https:\/\/www.pansvalve.com\/fr\/wp-json\/wp\/v2\/pages\/1305\/revisions\/1319"}],"wp:attachment":[{"href":"https:\/\/www.pansvalve.com\/fr\/wp-json\/wp\/v2\/media?parent=1305"}],"curies":[{"name":"wp","href":"https:\/\/api.w.org\/{rel}","templated":true}]}}