{"id":1295,"date":"2024-01-25T11:34:14","date_gmt":"2024-01-25T03:34:14","guid":{"rendered":"https:\/\/www.pansvalve.com\/?page_id=1295"},"modified":"2024-10-12T10:39:52","modified_gmt":"2024-10-12T02:39:52","slug":"gate-valve-collection","status":"publish","type":"page","link":"https:\/\/www.pansvalve.com\/fr\/gate-valve-collection\/","title":{"rendered":"Collection de vannes \u00e0 vanne"},"content":{"rendered":"<div id=\"1\" class=\"wp-block-group\"><div class=\"wp-block-group__inner-container is-layout-constrained wp-block-group-is-layout-constrained\">\n<h2 class=\"wp-block-heading\">Fabrication de vannes \u00e0 vanne<\/h2>\n\n\n\n<div class=\"wp-block-columns is-layout-flex wp-container-core-columns-is-layout-9d6595d7 wp-block-columns-is-layout-flex\">\n<div class=\"wp-block-column is-layout-flow wp-block-column-is-layout-flow\">\n<figure class=\"wp-block-image size-full\"><img fetchpriority=\"high\" decoding=\"async\" width=\"660\" height=\"440\" src=\"https:\/\/www.pansvalve.com\/wp-content\/uploads\/2022\/04\/\u8499\u7248\u7ec4-741.jpg\" alt=\"DES CASSEROLES\" class=\"wp-image-1154\" srcset=\"https:\/\/www.pansvalve.com\/wp-content\/uploads\/2022\/04\/\u8499\u7248\u7ec4-741.jpg 660w, https:\/\/www.pansvalve.com\/wp-content\/uploads\/2022\/04\/\u8499\u7248\u7ec4-741-300x200.jpg 300w\" sizes=\"(max-width: 660px) 100vw, 660px\" \/><\/figure>\n<\/div>\n\n\n\n<div class=\"wp-block-column is-layout-flow wp-block-column-is-layout-flow\">\n<h3 class=\"wp-block-heading\">\u00c0 propos du fabricant de casseroles et de robinets-vannes<\/h3>\n\n\n\n<p>Les racines de Zhejiang Zhedong Valve Corp., Ltd remontent \u00e0 1985. Alors connue sous le nom de PANS. L&#039;entreprise a plus de 30 ans d&#039;exp\u00e9rience professionnelle dans la production d&#039;une gamme compl\u00e8te de vannes en acier, telles que des vannes \u00e0 boisseau, des vannes \u00e0 vanne, des vannes \u00e0 soupape, des vannes \u00e0 bille, des clapets anti-retour, etc. L&#039;installation principale est situ\u00e9e \u00e0 Wenzhou, en Chine et compte plus de 200 employ\u00e9s et un parc industriel moderne d&#039;une superficie totale de 25 000 m\u00e8tres carr\u00e9s.<\/p>\n\n\n\n<p>Avec 60 s\u00e9ries de vannes et 100 pantalons, nos vannes sont certifi\u00e9es par la plupart des autorit\u00e9s internationales. En tant que membre du CNPC, CPEIA, CBW, CPAC. Nous nous engageons \u00e0 atteindre les normes les plus \u00e9lev\u00e9es pour produire des vannes industrielles qui respectent ou d\u00e9passent les normes internationales.<\/p>\n\n\n\n<figure class=\"wp-block-image size-full\"><img decoding=\"async\" width=\"802\" height=\"142\" src=\"https:\/\/www.pansvalve.com\/wp-content\/uploads\/2024\/01\/\u4f01\u4e1a\u5fae\u4fe1\u622a\u56fe_20240124100231.png\" alt=\"\" class=\"wp-image-1285\" srcset=\"https:\/\/www.pansvalve.com\/wp-content\/uploads\/2024\/01\/\u4f01\u4e1a\u5fae\u4fe1\u622a\u56fe_20240124100231.png 802w, https:\/\/www.pansvalve.com\/wp-content\/uploads\/2024\/01\/\u4f01\u4e1a\u5fae\u4fe1\u622a\u56fe_20240124100231-300x53.png 300w, https:\/\/www.pansvalve.com\/wp-content\/uploads\/2024\/01\/\u4f01\u4e1a\u5fae\u4fe1\u622a\u56fe_20240124100231-768x136.png 768w\" sizes=\"(max-width: 802px) 100vw, 802px\" \/><\/figure>\n<\/div>\n<\/div>\n<\/div><\/div>\n\n\n\n<div id=\"2\" class=\"wp-block-group\"><div class=\"wp-block-group__inner-container is-layout-constrained wp-block-group-is-layout-constrained\">\n<h2 class=\"wp-block-heading has-text-align-center\">Les diff\u00e9rents types de vannes industrielles<\/h2>\n\n\n\n<p>Lorsque nous examinons les syst\u00e8mes de tuyauterie et de pompage de l&#039;ext\u00e9rieur, nous voyons g\u00e9n\u00e9ralement l&#039;installation dans son ensemble plut\u00f4t que d&#039;examiner ses nombreux composants fonctionnels individuellement. Mais il y a une partie qui joue un r\u00f4le tr\u00e8s crucial. Ce sont les vannes. Ils agissent comme de minuscules boutons r\u00e9gulant le d\u00e9bit des fluides et coupant compl\u00e8tement l\u2019alimentation si n\u00e9cessaire.<\/p>\n\n\n\n<p>Les vannes industrielles sont de types vari\u00e9s, chacune \u00e9tant bas\u00e9e sur un principe de fonctionnement diff\u00e9rent et remplissant une fonction diff\u00e9rente. Ici, nous avons discut\u00e9 des 9 types de vannes industrielles les plus courants.<\/p>\n\n\n\n<p>1. Vannes \u00e0 bille \u2013 Il s\u2019agit d\u2019un disque \u00e9vid\u00e9 en forme de boule qui est install\u00e9 \u00e0 l\u2019int\u00e9rieur d\u2019un tuyau. La vanne d\u00e9marre et arr\u00eate le d\u00e9bit par le mouvement de rotation quart de tour de ce disque. Lorsque la vanne est ouverte, l&#039;extr\u00e9mit\u00e9 \u00e9vid\u00e9e est align\u00e9e dans le sens du d\u00e9bit et ferm\u00e9e, elle est perpendiculaire au sens du d\u00e9bit.<\/p>\n\n\n\n<p>2. <a href=\"https:\/\/www.pansvalve.com\/fr\/product\/plug-valve\/\"><strong>Vannes \u00e0 boisseau<\/strong> <\/a>\u2013 \u00c9galement appel\u00e9 robinet \u00e0 robinet, il utilise un bouchon cylindrique ou conique avec un passage perc\u00e9 pour bloquer, d\u00e9marrer ou \u00e9trangler le d\u00e9bit. En tournant la poign\u00e9e ou la roue, on dispose l&#039;ouverture creuse du bouchon avec les ports d&#039;entr\u00e9e et de sortie ouvrant le passage. Il est bloqu\u00e9 lorsque la partie solide s&#039;aligne sur les ports.<\/p>\n\n\n\n<p>3. Vannes papillon \u2013 C&#039;est encore une autre vanne qui utilise le mouvement de rotation\u00a0; les vannes \u00e0 bille et \u00e0 boisseau fonctionnent de la m\u00eame mani\u00e8re. Il utilise uniquement un disque mince dans le trajet d&#039;\u00e9coulement au lieu d&#039;une unit\u00e9 en forme de boule ou d&#039;un bouchon cylindrique. Ils sont rapides \u00e0 utiliser, extr\u00eamement l\u00e9gers et facilement adaptables.<\/p>\n\n\n\n<p>4. Vannes \u00e0 vanne \u2013 C&#039;est le type de vanne utilis\u00e9e dans un robinet. L&#039;ouverture et la fermeture de la vanne impliquent respectivement de lever et d&#039;abaisser les vannes m\u00e9talliques. Une cale est ins\u00e9r\u00e9e dans un si\u00e8ge. Avec les robinets-vannes, le passage peut \u00eatre compl\u00e8tement ferm\u00e9 ou compl\u00e8tement ouvert\u00a0; Il n&#039;y a pas de solution interm\u00e9diaire. On les appelle \u00e9galement vannes d&#039;\u00e9cluse.<\/p>\n\n\n\n<p>5. <a href=\"https:\/\/www.pansvalve.com\/fr\/product\/globe-valve\/\"><strong>Vannes \u00e0 soupape<\/strong><\/a> \u2013 Il est similaire \u00e0 un robinet-vanne dans la mesure o\u00f9 il utilise un mouvement lin\u00e9aire pour \u00e9trangler le d\u00e9bit. Il diff\u00e8re par l&#039;utilisation d&#039;un disque au lieu d&#039;un coin. Il peut \u00e9galement \u00eatre ajust\u00e9 pour diminuer ou augmenter le d\u00e9bit\u00a0; l&#039;avantage d&#039;un robinet \u00e0 soupape est qu&#039;il ne fuit pas autant que les autres robinets. Elles font \u00e9galement partie des types de vannes les plus populaires utilis\u00e9s dans diverses applications.<\/p>\n\n\n\n<p>6. Vannes \u00e0 pincement \u2013 La construction comprend un m\u00e9canisme de pincement et un manchon en caoutchouc moul\u00e9 ou en mat\u00e9riau synth\u00e9tique. Le chemin d&#039;\u00e9coulement en position ouverte n&#039;est pas obstru\u00e9. Le d\u00e9bit est coup\u00e9 en pin\u00e7ant la membrane souple, en abaissant une barre ou une vanne.<\/p>\n\n\n\n<p>7. Vannes \u00e0 membrane \u2013 Elles fonctionnent de la m\u00eame mani\u00e8re que les vannes \u00e0 manchon\u00a0; un diaphragme flexible est ins\u00e9r\u00e9 de mani\u00e8re \u00e0 se fixer au si\u00e8ge bloquant le flux. Son avantage par rapport aux vannes \u00e0 manchon est qu&#039;elles cr\u00e9ent un joint extr\u00eamement \u00e9tanche et sont donc utilis\u00e9es dans des applications n\u00e9cessitant une puret\u00e9 \u00e9lev\u00e9e.<\/p>\n\n\n\n<p>8. Soupapes de d\u00e9charge et de s\u00e9curit\u00e9 \u2013 Lorsque les fluides traversent le syst\u00e8me, il existe une possibilit\u00e9 d&#039;augmentation de pression sans pr\u00e9c\u00e9dent, qui, si elle n&#039;est pas contr\u00f4l\u00e9e, pourrait s&#039;av\u00e9rer dangereuse. Cela s&#039;applique particuli\u00e8rement si vous utilisez des fluides dangereux. Les soupapes de d\u00e9charge et de s\u00e9curit\u00e9 rel\u00e2chent p\u00e9riodiquement la pression, chaque fois qu&#039;elle d\u00e9passe le point de consigne, pour \u00e9viter tout dommage.<\/p>\n\n\n\n<p>9. <a href=\"https:\/\/www.pansvalve.com\/fr\/product\/check-valve\/\"><strong>Clapets anti-retour<\/strong><\/a> \u2013 Les clapets anti-retour permettent un \u00e9coulement unidirectionnel des fluides\u00a0; ils ne lui permettent pas de refluer. Les clapets anti-retour \u00e0 buse anti-claquement contr\u00f4lent les coups de b\u00e9lier et \u00e9vitent les coups de b\u00e9lier.<\/p>\n\n\n\n<p>Pour garantir que les vannes install\u00e9es dans vos syst\u00e8mes de tuyauterie vous offrent le meilleur service, vous devez les acheter aupr\u00e8s d&#039;un fabricant de vannes industrielles fiable. C\u2019est le seul moyen d\u2019obtenir des vannes industrielles de haute qualit\u00e9, con\u00e7ues pour durer.<\/p>\n<\/div><\/div>","protected":false},"excerpt":{"rendered":"<p>Gate Valve Manufacturing About Pans&#8211;Gate Valve Manufacturer Zhejiang Zhedong Valve Corp., Ltd &#8216;s roots date back to 1985. Then known as PANS. The company has over 30 years professional experience in producing full range of steel valves, such as plug valve, gate valve, globe valve, ball valve, check valve, etc. The main facility locates at [&hellip;]<\/p>\n","protected":false},"author":1,"featured_media":0,"parent":0,"menu_order":0,"comment_status":"closed","ping_status":"closed","template":"template-category.php","meta":{"footnotes":""},"class_list":["post-1295","page","type-page","status-publish","hentry"],"yoast_head":"<!-- This site is optimized with the Yoast SEO plugin v27.3 - https:\/\/yoast.com\/product\/yoast-seo-wordpress\/ -->\n<title>PANS: Comprehensive Gate Valve Collection<\/title>\n<meta name=\"description\" content=\"Access the PANS gate valve collection for reliable solutions in your projects. Get in touch for details on our products!\" \/>\n<meta name=\"robots\" content=\"index, follow, max-snippet:-1, max-image-preview:large, max-video-preview:-1\" \/>\n<link rel=\"canonical\" href=\"https:\/\/www.pansvalve.com\/fr\/gate-valve-collection\/\" \/>\n<meta property=\"og:locale\" content=\"fr_FR\" \/>\n<meta property=\"og:type\" content=\"article\" \/>\n<meta property=\"og:title\" content=\"PANS: Comprehensive Gate Valve Collection\" \/>\n<meta property=\"og:description\" content=\"Access the PANS gate valve collection for reliable solutions in your projects. Get in touch for details on our products!\" \/>\n<meta property=\"og:url\" content=\"https:\/\/www.pansvalve.com\/fr\/gate-valve-collection\/\" \/>\n<meta property=\"og:site_name\" content=\"Industrial Valve Manufacturer and Company from China\" \/>\n<meta property=\"article:modified_time\" content=\"2024-10-12T02:39:52+00:00\" \/>\n<meta property=\"og:image\" content=\"https:\/\/www.pansvalve.com\/wp-content\/uploads\/2024\/09\/home-factory-of-PANS.webp\" \/>\n\t<meta property=\"og:image:width\" content=\"1200\" \/>\n\t<meta property=\"og:image:height\" content=\"675\" \/>\n\t<meta property=\"og:image:type\" content=\"image\/webp\" \/>\n<meta name=\"twitter:card\" content=\"summary_large_image\" \/>\n<meta name=\"twitter:label1\" content=\"Dur\u00e9e de lecture estim\u00e9e\" \/>\n\t<meta name=\"twitter:data1\" content=\"4 minutes\" \/>\n<script type=\"application\/ld+json\" class=\"yoast-schema-graph\">{\"@context\":\"https:\\\/\\\/schema.org\",\"@graph\":[{\"@type\":\"WebPage\",\"@id\":\"https:\\\/\\\/www.pansvalve.com\\\/gate-valve-collection\\\/\",\"url\":\"https:\\\/\\\/www.pansvalve.com\\\/gate-valve-collection\\\/\",\"name\":\"PANS: Comprehensive Gate Valve Collection\",\"isPartOf\":{\"@id\":\"https:\\\/\\\/www.pansvalve.com\\\/#website\"},\"datePublished\":\"2024-01-25T03:34:14+00:00\",\"dateModified\":\"2024-10-12T02:39:52+00:00\",\"description\":\"Access the PANS gate valve collection for reliable solutions in your projects. Get in touch for details on our products!\",\"breadcrumb\":{\"@id\":\"https:\\\/\\\/www.pansvalve.com\\\/gate-valve-collection\\\/#breadcrumb\"},\"inLanguage\":\"fr-FR\",\"potentialAction\":[{\"@type\":\"ReadAction\",\"target\":[\"https:\\\/\\\/www.pansvalve.com\\\/gate-valve-collection\\\/\"]}]},{\"@type\":\"BreadcrumbList\",\"@id\":\"https:\\\/\\\/www.pansvalve.com\\\/gate-valve-collection\\\/#breadcrumb\",\"itemListElement\":[{\"@type\":\"ListItem\",\"position\":1,\"name\":\"Home\",\"item\":\"https:\\\/\\\/www.pansvalve.com\\\/\"},{\"@type\":\"ListItem\",\"position\":2,\"name\":\"Gate Valve Collection\"}]},{\"@type\":\"WebSite\",\"@id\":\"https:\\\/\\\/www.pansvalve.com\\\/#website\",\"url\":\"https:\\\/\\\/www.pansvalve.com\\\/\",\"name\":\"Leading Plug Vavle, Ball Valve, Gate Valve Manufacturer of China\",\"description\":\"Involving six ranges and thousands of varieties, for control valve, cyogenic valve, gate valve, globe valve, ball valve, butterfly valve, power station valve, oxygen valve, hydraulic control valve, thread valve and Antibiotic valve.\",\"publisher\":{\"@id\":\"https:\\\/\\\/www.pansvalve.com\\\/#organization\"},\"alternateName\":\"PANS Valve\",\"potentialAction\":[{\"@type\":\"SearchAction\",\"target\":{\"@type\":\"EntryPoint\",\"urlTemplate\":\"https:\\\/\\\/www.pansvalve.com\\\/?s={search_term_string}\"},\"query-input\":{\"@type\":\"PropertyValueSpecification\",\"valueRequired\":true,\"valueName\":\"search_term_string\"}}],\"inLanguage\":\"fr-FR\"},{\"@type\":\"Organization\",\"@id\":\"https:\\\/\\\/www.pansvalve.com\\\/#organization\",\"name\":\"PANS Valve\",\"alternateName\":\"PANS\",\"url\":\"https:\\\/\\\/www.pansvalve.com\\\/\",\"logo\":{\"@type\":\"ImageObject\",\"inLanguage\":\"fr-FR\",\"@id\":\"https:\\\/\\\/www.pansvalve.com\\\/#\\\/schema\\\/logo\\\/image\\\/\",\"url\":\"https:\\\/\\\/www.pansvalve.com\\\/wp-content\\\/uploads\\\/2022\\\/04\\\/\u6d59\u4e1c2.png\",\"contentUrl\":\"https:\\\/\\\/www.pansvalve.com\\\/wp-content\\\/uploads\\\/2022\\\/04\\\/\u6d59\u4e1c2.png\",\"width\":148,\"height\":52,\"caption\":\"PANS Valve\"},\"image\":{\"@id\":\"https:\\\/\\\/www.pansvalve.com\\\/#\\\/schema\\\/logo\\\/image\\\/\"}}]}<\/script>\n<!-- \/ Yoast SEO plugin. -->","yoast_head_json":{"title":"PANS : Collection compl\u00e8te de robinets-vannes","description":"Acc\u00e9dez \u00e0 la collection de robinets-vannes PANS pour des solutions fiables dans vos projets. Contactez-nous pour plus de d\u00e9tails sur nos produits !","robots":{"index":"index","follow":"follow","max-snippet":"max-snippet:-1","max-image-preview":"max-image-preview:large","max-video-preview":"max-video-preview:-1"},"canonical":"https:\/\/www.pansvalve.com\/fr\/gate-valve-collection\/","og_locale":"fr_FR","og_type":"article","og_title":"PANS: Comprehensive Gate Valve Collection","og_description":"Access the PANS gate valve collection for reliable solutions in your projects. Get in touch for details on our products!","og_url":"https:\/\/www.pansvalve.com\/fr\/gate-valve-collection\/","og_site_name":"Industrial Valve Manufacturer and Company from China","article_modified_time":"2024-10-12T02:39:52+00:00","og_image":[{"width":1200,"height":675,"url":"https:\/\/www.pansvalve.com\/wp-content\/uploads\/2024\/09\/home-factory-of-PANS.webp","type":"image\/webp"}],"twitter_card":"summary_large_image","twitter_misc":{"Dur\u00e9e de lecture estim\u00e9e":"4 minutes"},"schema":{"@context":"https:\/\/schema.org","@graph":[{"@type":"WebPage","@id":"https:\/\/www.pansvalve.com\/gate-valve-collection\/","url":"https:\/\/www.pansvalve.com\/gate-valve-collection\/","name":"PANS : Collection compl\u00e8te de robinets-vannes","isPartOf":{"@id":"https:\/\/www.pansvalve.com\/#website"},"datePublished":"2024-01-25T03:34:14+00:00","dateModified":"2024-10-12T02:39:52+00:00","description":"Acc\u00e9dez \u00e0 la collection de robinets-vannes PANS pour des solutions fiables dans vos projets. Contactez-nous pour plus de d\u00e9tails sur nos produits !","breadcrumb":{"@id":"https:\/\/www.pansvalve.com\/gate-valve-collection\/#breadcrumb"},"inLanguage":"fr-FR","potentialAction":[{"@type":"ReadAction","target":["https:\/\/www.pansvalve.com\/gate-valve-collection\/"]}]},{"@type":"BreadcrumbList","@id":"https:\/\/www.pansvalve.com\/gate-valve-collection\/#breadcrumb","itemListElement":[{"@type":"ListItem","position":1,"name":"Home","item":"https:\/\/www.pansvalve.com\/"},{"@type":"ListItem","position":2,"name":"Gate Valve Collection"}]},{"@type":"WebSite","@id":"https:\/\/www.pansvalve.com\/#website","url":"https:\/\/www.pansvalve.com\/","name":"Fabricant leader de robinets \u00e0 boisseau sph\u00e9rique, de robinets \u00e0 boisseau sph\u00e9rique et de robinets-vannes en Chine","description":"Impliquant six gammes et des milliers de vari\u00e9t\u00e9s, pour la vanne de r\u00e9gulation, la vanne cyog\u00e9nique, la vanne \u00e0 vanne, la vanne \u00e0 soupape, la vanne \u00e0 bille, la vanne papillon, la vanne de centrale \u00e9lectrique, la vanne \u00e0 oxyg\u00e8ne, la vanne de r\u00e9gulation hydraulique, la vanne filet\u00e9e et la vanne antibiotique.","publisher":{"@id":"https:\/\/www.pansvalve.com\/#organization"},"alternateName":"PANS Valve","potentialAction":[{"@type":"SearchAction","target":{"@type":"EntryPoint","urlTemplate":"https:\/\/www.pansvalve.com\/?s={search_term_string}"},"query-input":{"@type":"PropertyValueSpecification","valueRequired":true,"valueName":"search_term_string"}}],"inLanguage":"fr-FR"},{"@type":"Organization","@id":"https:\/\/www.pansvalve.com\/#organization","name":"Vanne de casseroles","alternateName":"PANS","url":"https:\/\/www.pansvalve.com\/","logo":{"@type":"ImageObject","inLanguage":"fr-FR","@id":"https:\/\/www.pansvalve.com\/#\/schema\/logo\/image\/","url":"https:\/\/www.pansvalve.com\/wp-content\/uploads\/2022\/04\/\u6d59\u4e1c2.png","contentUrl":"https:\/\/www.pansvalve.com\/wp-content\/uploads\/2022\/04\/\u6d59\u4e1c2.png","width":148,"height":52,"caption":"PANS Valve"},"image":{"@id":"https:\/\/www.pansvalve.com\/#\/schema\/logo\/image\/"}}]}},"_links":{"self":[{"href":"https:\/\/www.pansvalve.com\/fr\/wp-json\/wp\/v2\/pages\/1295","targetHints":{"allow":["GET"]}}],"collection":[{"href":"https:\/\/www.pansvalve.com\/fr\/wp-json\/wp\/v2\/pages"}],"about":[{"href":"https:\/\/www.pansvalve.com\/fr\/wp-json\/wp\/v2\/types\/page"}],"author":[{"embeddable":true,"href":"https:\/\/www.pansvalve.com\/fr\/wp-json\/wp\/v2\/users\/1"}],"replies":[{"embeddable":true,"href":"https:\/\/www.pansvalve.com\/fr\/wp-json\/wp\/v2\/comments?post=1295"}],"version-history":[{"count":5,"href":"https:\/\/www.pansvalve.com\/fr\/wp-json\/wp\/v2\/pages\/1295\/revisions"}],"predecessor-version":[{"id":1302,"href":"https:\/\/www.pansvalve.com\/fr\/wp-json\/wp\/v2\/pages\/1295\/revisions\/1302"}],"wp:attachment":[{"href":"https:\/\/www.pansvalve.com\/fr\/wp-json\/wp\/v2\/media?parent=1295"}],"curies":[{"name":"wp","href":"https:\/\/api.w.org\/{rel}","templated":true}]}}