{"id":58,"date":"2022-01-15T09:54:18","date_gmt":"2022-01-15T09:54:18","guid":{"rendered":"https:\/\/www.pansvalve.com\/?page_id=58"},"modified":"2024-09-19T15:22:05","modified_gmt":"2024-09-19T07:22:05","slug":"advantages","status":"publish","type":"page","link":"https:\/\/www.pansvalve.com\/es\/advantages\/","title":{"rendered":"Ventajas"},"content":{"rendered":"","protected":false},"excerpt":{"rendered":"","protected":false},"author":1,"featured_media":0,"parent":0,"menu_order":0,"comment_status":"closed","ping_status":"closed","template":"","meta":{"footnotes":""},"class_list":["post-58","page","type-page","status-publish","hentry"],"yoast_head":"<!-- This site is optimized with the Yoast SEO plugin v27.3 - https:\/\/yoast.com\/product\/yoast-seo-wordpress\/ -->\n<title>PANS: Key Advantages in Valve Manufacturing<\/title>\n<meta name=\"description\" content=\"We provide one-stop product R&amp;D and manufacturing solutions to help partners win business and orders faster.\" \/>\n<meta name=\"robots\" content=\"index, follow, max-snippet:-1, max-image-preview:large, max-video-preview:-1\" \/>\n<link rel=\"canonical\" href=\"https:\/\/www.pansvalve.com\/es\/advantages\/\" \/>\n<meta property=\"og:locale\" content=\"es_ES\" \/>\n<meta property=\"og:type\" content=\"article\" \/>\n<meta property=\"og:title\" content=\"PANS: Key Advantages in Valve Manufacturing\" \/>\n<meta property=\"og:description\" content=\"We provide one-stop product R&amp;D and manufacturing solutions to help partners win business and orders faster.\" \/>\n<meta property=\"og:url\" content=\"https:\/\/www.pansvalve.com\/es\/advantages\/\" \/>\n<meta property=\"og:site_name\" content=\"Industrial Valve Manufacturer and Company from China\" \/>\n<meta property=\"article:modified_time\" content=\"2024-09-19T07:22:05+00:00\" \/>\n<meta property=\"og:image\" content=\"https:\/\/www.pansvalve.com\/wp-content\/uploads\/2024\/09\/home-factory-of-PANS.webp\" \/>\n\t<meta property=\"og:image:width\" content=\"1200\" \/>\n\t<meta property=\"og:image:height\" content=\"675\" \/>\n\t<meta property=\"og:image:type\" content=\"image\/webp\" \/>\n<meta name=\"twitter:card\" content=\"summary_large_image\" \/>\n<script type=\"application\/ld+json\" class=\"yoast-schema-graph\">{\"@context\":\"https:\\\/\\\/schema.org\",\"@graph\":[{\"@type\":\"WebPage\",\"@id\":\"https:\\\/\\\/www.pansvalve.com\\\/advantages\\\/\",\"url\":\"https:\\\/\\\/www.pansvalve.com\\\/advantages\\\/\",\"name\":\"PANS: Key Advantages in Valve Manufacturing\",\"isPartOf\":{\"@id\":\"https:\\\/\\\/www.pansvalve.com\\\/#website\"},\"datePublished\":\"2022-01-15T09:54:18+00:00\",\"dateModified\":\"2024-09-19T07:22:05+00:00\",\"description\":\"We provide one-stop product R&D and manufacturing solutions to help partners win business and orders faster.\",\"breadcrumb\":{\"@id\":\"https:\\\/\\\/www.pansvalve.com\\\/advantages\\\/#breadcrumb\"},\"inLanguage\":\"es\",\"potentialAction\":[{\"@type\":\"ReadAction\",\"target\":[\"https:\\\/\\\/www.pansvalve.com\\\/advantages\\\/\"]}]},{\"@type\":\"BreadcrumbList\",\"@id\":\"https:\\\/\\\/www.pansvalve.com\\\/advantages\\\/#breadcrumb\",\"itemListElement\":[{\"@type\":\"ListItem\",\"position\":1,\"name\":\"Home\",\"item\":\"https:\\\/\\\/www.pansvalve.com\\\/\"},{\"@type\":\"ListItem\",\"position\":2,\"name\":\"Advantages\"}]},{\"@type\":\"WebSite\",\"@id\":\"https:\\\/\\\/www.pansvalve.com\\\/#website\",\"url\":\"https:\\\/\\\/www.pansvalve.com\\\/\",\"name\":\"Leading Plug Vavle, Ball Valve, Gate Valve Manufacturer of China\",\"description\":\"Involving six ranges and thousands of varieties, for control valve, cyogenic valve, gate valve, globe valve, ball valve, butterfly valve, power station valve, oxygen valve, hydraulic control valve, thread valve and Antibiotic valve.\",\"publisher\":{\"@id\":\"https:\\\/\\\/www.pansvalve.com\\\/#organization\"},\"alternateName\":\"PANS Valve\",\"potentialAction\":[{\"@type\":\"SearchAction\",\"target\":{\"@type\":\"EntryPoint\",\"urlTemplate\":\"https:\\\/\\\/www.pansvalve.com\\\/?s={search_term_string}\"},\"query-input\":{\"@type\":\"PropertyValueSpecification\",\"valueRequired\":true,\"valueName\":\"search_term_string\"}}],\"inLanguage\":\"es\"},{\"@type\":\"Organization\",\"@id\":\"https:\\\/\\\/www.pansvalve.com\\\/#organization\",\"name\":\"PANS Valve\",\"alternateName\":\"PANS\",\"url\":\"https:\\\/\\\/www.pansvalve.com\\\/\",\"logo\":{\"@type\":\"ImageObject\",\"inLanguage\":\"es\",\"@id\":\"https:\\\/\\\/www.pansvalve.com\\\/#\\\/schema\\\/logo\\\/image\\\/\",\"url\":\"https:\\\/\\\/www.pansvalve.com\\\/wp-content\\\/uploads\\\/2022\\\/04\\\/\u6d59\u4e1c2.png\",\"contentUrl\":\"https:\\\/\\\/www.pansvalve.com\\\/wp-content\\\/uploads\\\/2022\\\/04\\\/\u6d59\u4e1c2.png\",\"width\":148,\"height\":52,\"caption\":\"PANS Valve\"},\"image\":{\"@id\":\"https:\\\/\\\/www.pansvalve.com\\\/#\\\/schema\\\/logo\\\/image\\\/\"}}]}<\/script>\n<!-- \/ Yoast SEO plugin. -->","yoast_head_json":{"title":"PANS: ventajas clave en la fabricaci\u00f3n de v\u00e1lvulas","description":"Proporcionamos soluciones integrales de fabricaci\u00f3n e I+D de productos para ayudar a los socios a conseguir negocios y pedidos m\u00e1s r\u00e1pido.","robots":{"index":"index","follow":"follow","max-snippet":"max-snippet:-1","max-image-preview":"max-image-preview:large","max-video-preview":"max-video-preview:-1"},"canonical":"https:\/\/www.pansvalve.com\/es\/advantages\/","og_locale":"es_ES","og_type":"article","og_title":"PANS: Key Advantages in Valve Manufacturing","og_description":"We provide one-stop product R&D and manufacturing solutions to help partners win business and orders faster.","og_url":"https:\/\/www.pansvalve.com\/es\/advantages\/","og_site_name":"Industrial Valve Manufacturer and Company from China","article_modified_time":"2024-09-19T07:22:05+00:00","og_image":[{"width":1200,"height":675,"url":"https:\/\/www.pansvalve.com\/wp-content\/uploads\/2024\/09\/home-factory-of-PANS.webp","type":"image\/webp"}],"twitter_card":"summary_large_image","schema":{"@context":"https:\/\/schema.org","@graph":[{"@type":"WebPage","@id":"https:\/\/www.pansvalve.com\/advantages\/","url":"https:\/\/www.pansvalve.com\/advantages\/","name":"PANS: ventajas clave en la fabricaci\u00f3n de v\u00e1lvulas","isPartOf":{"@id":"https:\/\/www.pansvalve.com\/#website"},"datePublished":"2022-01-15T09:54:18+00:00","dateModified":"2024-09-19T07:22:05+00:00","description":"Proporcionamos soluciones integrales de fabricaci\u00f3n e I+D de productos para ayudar a los socios a conseguir negocios y pedidos m\u00e1s r\u00e1pido.","breadcrumb":{"@id":"https:\/\/www.pansvalve.com\/advantages\/#breadcrumb"},"inLanguage":"es","potentialAction":[{"@type":"ReadAction","target":["https:\/\/www.pansvalve.com\/advantages\/"]}]},{"@type":"BreadcrumbList","@id":"https:\/\/www.pansvalve.com\/advantages\/#breadcrumb","itemListElement":[{"@type":"ListItem","position":1,"name":"Home","item":"https:\/\/www.pansvalve.com\/"},{"@type":"ListItem","position":2,"name":"Advantages"}]},{"@type":"WebSite","@id":"https:\/\/www.pansvalve.com\/#website","url":"https:\/\/www.pansvalve.com\/","name":"Fabricante l\u00edder de v\u00e1lvulas de tap\u00f3n, v\u00e1lvulas de bola y v\u00e1lvulas de compuerta de China","description":"Incluye seis rangos y miles de variedades, para v\u00e1lvula de control, v\u00e1lvula ciog\u00e9nica, v\u00e1lvula de compuerta, v\u00e1lvula de globo, v\u00e1lvula de bola, v\u00e1lvula de mariposa, v\u00e1lvula de central el\u00e9ctrica, v\u00e1lvula de ox\u00edgeno, v\u00e1lvula de control hidr\u00e1ulica, v\u00e1lvula de rosca y v\u00e1lvula antibi\u00f3tica.","publisher":{"@id":"https:\/\/www.pansvalve.com\/#organization"},"alternateName":"PANS Valve","potentialAction":[{"@type":"SearchAction","target":{"@type":"EntryPoint","urlTemplate":"https:\/\/www.pansvalve.com\/?s={search_term_string}"},"query-input":{"@type":"PropertyValueSpecification","valueRequired":true,"valueName":"search_term_string"}}],"inLanguage":"es"},{"@type":"Organization","@id":"https:\/\/www.pansvalve.com\/#organization","name":"V\u00e1lvula PANS","alternateName":"PANS","url":"https:\/\/www.pansvalve.com\/","logo":{"@type":"ImageObject","inLanguage":"es","@id":"https:\/\/www.pansvalve.com\/#\/schema\/logo\/image\/","url":"https:\/\/www.pansvalve.com\/wp-content\/uploads\/2022\/04\/\u6d59\u4e1c2.png","contentUrl":"https:\/\/www.pansvalve.com\/wp-content\/uploads\/2022\/04\/\u6d59\u4e1c2.png","width":148,"height":52,"caption":"PANS Valve"},"image":{"@id":"https:\/\/www.pansvalve.com\/#\/schema\/logo\/image\/"}}]}},"_links":{"self":[{"href":"https:\/\/www.pansvalve.com\/es\/wp-json\/wp\/v2\/pages\/58","targetHints":{"allow":["GET"]}}],"collection":[{"href":"https:\/\/www.pansvalve.com\/es\/wp-json\/wp\/v2\/pages"}],"about":[{"href":"https:\/\/www.pansvalve.com\/es\/wp-json\/wp\/v2\/types\/page"}],"author":[{"embeddable":true,"href":"https:\/\/www.pansvalve.com\/es\/wp-json\/wp\/v2\/users\/1"}],"replies":[{"embeddable":true,"href":"https:\/\/www.pansvalve.com\/es\/wp-json\/wp\/v2\/comments?post=58"}],"version-history":[{"count":1,"href":"https:\/\/www.pansvalve.com\/es\/wp-json\/wp\/v2\/pages\/58\/revisions"}],"predecessor-version":[{"id":59,"href":"https:\/\/www.pansvalve.com\/es\/wp-json\/wp\/v2\/pages\/58\/revisions\/59"}],"wp:attachment":[{"href":"https:\/\/www.pansvalve.com\/es\/wp-json\/wp\/v2\/media?parent=58"}],"curies":[{"name":"gracias","href":"https:\/\/api.w.org\/{rel}","templated":true}]}}