{"id":29,"date":"2022-01-14T08:19:56","date_gmt":"2022-01-14T08:19:56","guid":{"rendered":"https:\/\/www.pansvalve.com\/?page_id=29"},"modified":"2024-09-19T15:31:52","modified_gmt":"2024-09-19T07:31:52","slug":"collection","status":"publish","type":"page","link":"https:\/\/www.pansvalve.com\/es\/collection\/","title":{"rendered":"Recopilaci\u00f3n"},"content":{"rendered":"<div id=\"coll1\" class=\"wp-block-group\"><div class=\"wp-block-group__inner-container is-layout-flow wp-block-group-is-layout-flow\">\n<div class=\"wp-block-columns is-layout-flex wp-container-core-columns-is-layout-9d6595d7 wp-block-columns-is-layout-flex\">\n<div class=\"wp-block-column is-layout-flow wp-block-column-is-layout-flow\">\n<p><\/p>\n\n\n\n<h2 class=\"has-black-color has-text-color wp-block-heading\" id=\"how-does-ball-valves-work\"><strong>\u00bfC\u00f3mo funcionan las v\u00e1lvulas de bola?<\/strong><\/h2>\n\n\n\n<p><\/p>\n\n\n\n<p class=\"has-medium-font-size\" style=\"font-style:normal;font-weight:400\">Las v\u00e1lvulas de bola utilizan bolas huecas que permiten el flujo a trav\u00e9s de ellas cuando est\u00e1n abiertas y las a\u00edslan cuando se cierran. Las bolas se accionan mediante husillos que encajan en las ranuras fresadas en las bolas huecas, que a su vez se accionan mediante palancas para cerrar y abrir las bolas. Los ejes de las v\u00e1lvulas de bola est\u00e1n alojados en los cuellos de las v\u00e1lvulas y se sellan mediante una amplia gama de sellos de cuello; esto evita fugas y, adem\u00e1s, las bolas est\u00e1n intercaladas entre los asientos de bola\/cuerpo para garantizar un sellado positivo y absoluto.<\/p>\n<\/div>\n\n\n\n<div class=\"wp-block-column is-layout-flow wp-block-column-is-layout-flow\">\n<figure class=\"wp-block-image size-large is-style-default\"><img decoding=\"async\" src=\"https:\/\/www.pansvalve.com\/wp-content\/uploads\/2022\/02\/Are-You-Familar-With-the-Development-of-the-Valve-1-1024x576.png\" alt=\"\" class=\"wp-image-693\"\/><\/figure>\n\n\n\n<p><\/p>\n<\/div>\n<\/div>\n<\/div><\/div>\n\n\n\n<div id=\"coll2\" class=\"wp-block-group\"><div class=\"wp-block-group__inner-container is-layout-flow wp-block-group-is-layout-flow\">\n<div class=\"wp-block-columns is-layout-flex wp-container-core-columns-is-layout-9d6595d7 wp-block-columns-is-layout-flex\">\n<div class=\"wp-block-column is-layout-flow wp-block-column-is-layout-flow\">\n<p><\/p>\n\n\n\n<p><\/p>\n\n\n\n<h2 class=\"has-black-color has-text-color wp-block-heading\" id=\"ball-valves-circuit-function\"><strong>Funci\u00f3n del circuito de v\u00e1lvulas de bola<\/strong><\/h2>\n\n\n\n<p class=\"has-medium-font-size\" style=\"font-style:normal;font-weight:400\">Las v\u00e1lvulas de bola pueden tener 2 (2 v\u00edas), 3 (3 v\u00edas) y, en algunos casos, 4 puertos (4 v\u00edas). La mayor\u00eda de las v\u00e1lvulas son de 2 v\u00edas y se accionan manualmente mediante una palanca; esta palanca est\u00e1 alineada con el tubo de la v\u00e1lvula de bola cada vez que se abre la v\u00e1lvula. Una vez cerrada, la palanca queda en posici\u00f3n perpendicular a la tuber\u00eda.<\/p>\n\n\n\n<p class=\"has-medium-font-size\" style=\"font-style:normal;font-weight:400\">El flujo en las v\u00e1lvulas de bola proviene simplemente de la salida y entrada de las v\u00e1lvulas de 2 v\u00edas. Las v\u00e1lvulas accionadas manualmente se pueden cerrar r\u00e1pidamente, lo que significa que existe la posibilidad de que se produzcan golpes de ariete con medios de flujo r\u00e1pido. Otras v\u00e1lvulas cuentan con transmisiones. Las v\u00e1lvulas de bola de 3 v\u00edas tienen orificios en forma de T o L, que influyen en la direcci\u00f3n del flujo; esto da como resultado diferentes funciones del circuito, como mezclar y distribuir flujos en diferentes direcciones.<\/p>\n\n\n\n<p class=\"has-medium-font-size\" style=\"font-style:normal;font-weight:400\">Alternativamente, puede utilizar v\u00e1lvulas de bola automatizadas; Estos est\u00e1n equipados con actuadores neum\u00e1ticos o el\u00e9ctricos. Ofrecen m\u00e1s comodidad ya que pueden operarse de forma remota.<\/p>\n<\/div>\n\n\n\n<div class=\"wp-block-column is-layout-flow wp-block-column-is-layout-flow\">\n<p><\/p>\n\n\n\n<p><\/p>\n\n\n\n<div class=\"wp-block-image\"><figure class=\"aligncenter size-full\"><img decoding=\"async\" src=\"https:\/\/www.pansvalve.com\/wp-content\/uploads\/2022\/02\/ManufacturingProductionEquipmentSwiper_2.4583b06.jpg\" alt=\"\" class=\"wp-image-483\"\/><\/figure><\/div>\n<\/div>\n<\/div>\n<\/div><\/div>\n\n\n\n<div id=\"coll3\" class=\"wp-block-group\"><div class=\"wp-block-group__inner-container is-layout-flow wp-block-group-is-layout-flow\">\n<div class=\"wp-block-columns is-layout-flex wp-container-core-columns-is-layout-9d6595d7 wp-block-columns-is-layout-flex\">\n<div class=\"wp-block-column is-layout-flow wp-block-column-is-layout-flow\">\n<h2 class=\"has-black-color has-text-color wp-block-heading\" id=\"ball-valves-operation\"><strong>Operaci\u00f3n de v\u00e1lvulas de bola<\/strong><\/h2>\n\n\n\n<p class=\"has-medium-font-size\" style=\"font-style:normal;font-weight:400\">A medida que las bolas se abren y cierran entre los asientos, proporcionan movimientos de limpieza y eliminan cualquier part\u00edcula suspendida de la superficie de las bolas. Es importante tener en cuenta que los s\u00f3lidos gruesos da\u00f1an las superficies y los asientos de las bolas, lo que eventualmente provoca fugas. Los materiales fibrosos, taca\u00f1o y s\u00f3lidos ayudan a evitar que las bolas se cierren. El dise\u00f1o de v\u00e1lvula de bola m\u00e1s frecuente es el dise\u00f1o de 2 v\u00edas; facilita que los flujos pasen desde las entradas a las salidas de las v\u00e1lvulas. Las v\u00e1lvulas de bola de 3 y 4 v\u00edas ayudan a que los flujos se muevan en varias direcciones.<\/p>\n<\/div>\n\n\n\n<div class=\"wp-block-column is-layout-flow wp-block-column-is-layout-flow\">\n<figure class=\"wp-block-image size-full\"><img decoding=\"async\" src=\"https:\/\/www.pansvalve.com\/wp-content\/uploads\/2022\/02\/ManufacturingProductionEquipmentSwiper_1.56d4e3d.jpg\" alt=\"\" class=\"wp-image-484\"\/><\/figure>\n<\/div>\n<\/div>\n<\/div><\/div>\n\n\n\n<p><\/p>","protected":false},"excerpt":{"rendered":"<p>How Does Ball Valves Work? Ball valves use hollow balls that allow flows through them when they are open and isolate when they close. The balls are driven using spindles that fit into the slots milled into the hollow balls, which are in turn operated by levers to close and open the balls. The ball [&hellip;]<\/p>\n","protected":false},"author":1,"featured_media":0,"parent":0,"menu_order":0,"comment_status":"closed","ping_status":"closed","template":"","meta":{"footnotes":""},"class_list":["post-29","page","type-page","status-publish","hentry"],"yoast_head":"<!-- This site is optimized with the Yoast SEO plugin v27.4 - https:\/\/yoast.com\/product\/yoast-seo-wordpress\/ -->\n<title>PANS: Quality Valve Collection for All Needs<\/title>\n<meta name=\"description\" content=\"PANS offers a comprehensive collection of valves tailored to various applications. Explore our options and contact us for inquiries!\" \/>\n<meta name=\"robots\" content=\"index, follow, max-snippet:-1, max-image-preview:large, max-video-preview:-1\" \/>\n<link rel=\"canonical\" href=\"https:\/\/www.pansvalve.com\/es\/collection\/\" \/>\n<meta property=\"og:locale\" content=\"es_ES\" \/>\n<meta property=\"og:type\" content=\"article\" \/>\n<meta property=\"og:title\" content=\"PANS: Quality Valve Collection for All Needs\" \/>\n<meta property=\"og:description\" content=\"PANS offers a comprehensive collection of valves tailored to various applications. Explore our options and contact us for inquiries!\" \/>\n<meta property=\"og:url\" content=\"https:\/\/www.pansvalve.com\/es\/collection\/\" \/>\n<meta property=\"og:site_name\" content=\"Industrial Valve Manufacturer and Company from China\" \/>\n<meta property=\"article:modified_time\" content=\"2024-09-19T07:31:52+00:00\" \/>\n<meta property=\"og:image\" content=\"https:\/\/www.pansvalve.com\/wp-content\/uploads\/2022\/02\/Are-You-Familar-With-the-Development-of-the-Valve-1-1024x576.png\" \/>\n<meta name=\"twitter:card\" content=\"summary_large_image\" \/>\n<meta name=\"twitter:label1\" content=\"Tiempo de lectura\" \/>\n\t<meta name=\"twitter:data1\" content=\"3 minutos\" \/>\n<script type=\"application\/ld+json\" class=\"yoast-schema-graph\">{\"@context\":\"https:\\\/\\\/schema.org\",\"@graph\":[{\"@type\":\"WebPage\",\"@id\":\"https:\\\/\\\/www.pansvalve.com\\\/collection\\\/\",\"url\":\"https:\\\/\\\/www.pansvalve.com\\\/collection\\\/\",\"name\":\"PANS: Quality Valve Collection for All Needs\",\"isPartOf\":{\"@id\":\"https:\\\/\\\/www.pansvalve.com\\\/#website\"},\"primaryImageOfPage\":{\"@id\":\"https:\\\/\\\/www.pansvalve.com\\\/collection\\\/#primaryimage\"},\"image\":{\"@id\":\"https:\\\/\\\/www.pansvalve.com\\\/collection\\\/#primaryimage\"},\"thumbnailUrl\":\"https:\\\/\\\/www.pansvalve.com\\\/wp-content\\\/uploads\\\/2022\\\/02\\\/Are-You-Familar-With-the-Development-of-the-Valve-1-1024x576.png\",\"datePublished\":\"2022-01-14T08:19:56+00:00\",\"dateModified\":\"2024-09-19T07:31:52+00:00\",\"description\":\"PANS offers a comprehensive collection of valves tailored to various applications. Explore our options and contact us for inquiries!\",\"breadcrumb\":{\"@id\":\"https:\\\/\\\/www.pansvalve.com\\\/collection\\\/#breadcrumb\"},\"inLanguage\":\"es\",\"potentialAction\":[{\"@type\":\"ReadAction\",\"target\":[\"https:\\\/\\\/www.pansvalve.com\\\/collection\\\/\"]}]},{\"@type\":\"ImageObject\",\"inLanguage\":\"es\",\"@id\":\"https:\\\/\\\/www.pansvalve.com\\\/collection\\\/#primaryimage\",\"url\":\"https:\\\/\\\/www.pansvalve.com\\\/wp-content\\\/uploads\\\/2022\\\/02\\\/Are-You-Familar-With-the-Development-of-the-Valve-1-1024x576.png\",\"contentUrl\":\"https:\\\/\\\/www.pansvalve.com\\\/wp-content\\\/uploads\\\/2022\\\/02\\\/Are-You-Familar-With-the-Development-of-the-Valve-1-1024x576.png\"},{\"@type\":\"BreadcrumbList\",\"@id\":\"https:\\\/\\\/www.pansvalve.com\\\/collection\\\/#breadcrumb\",\"itemListElement\":[{\"@type\":\"ListItem\",\"position\":1,\"name\":\"Home\",\"item\":\"https:\\\/\\\/www.pansvalve.com\\\/\"},{\"@type\":\"ListItem\",\"position\":2,\"name\":\"Collection\"}]},{\"@type\":\"WebSite\",\"@id\":\"https:\\\/\\\/www.pansvalve.com\\\/#website\",\"url\":\"https:\\\/\\\/www.pansvalve.com\\\/\",\"name\":\"Leading Plug Vavle, Ball Valve, Gate Valve Manufacturer of China\",\"description\":\"Involving six ranges and thousands of varieties, for control valve, cyogenic valve, gate valve, globe valve, ball valve, butterfly valve, power station valve, oxygen valve, hydraulic control valve, thread valve and Antibiotic valve.\",\"publisher\":{\"@id\":\"https:\\\/\\\/www.pansvalve.com\\\/#organization\"},\"alternateName\":\"PANS Valve\",\"potentialAction\":[{\"@type\":\"SearchAction\",\"target\":{\"@type\":\"EntryPoint\",\"urlTemplate\":\"https:\\\/\\\/www.pansvalve.com\\\/?s={search_term_string}\"},\"query-input\":{\"@type\":\"PropertyValueSpecification\",\"valueRequired\":true,\"valueName\":\"search_term_string\"}}],\"inLanguage\":\"es\"},{\"@type\":\"Organization\",\"@id\":\"https:\\\/\\\/www.pansvalve.com\\\/#organization\",\"name\":\"PANS Valve\",\"alternateName\":\"PANS\",\"url\":\"https:\\\/\\\/www.pansvalve.com\\\/\",\"logo\":{\"@type\":\"ImageObject\",\"inLanguage\":\"es\",\"@id\":\"https:\\\/\\\/www.pansvalve.com\\\/#\\\/schema\\\/logo\\\/image\\\/\",\"url\":\"https:\\\/\\\/www.pansvalve.com\\\/wp-content\\\/uploads\\\/2022\\\/04\\\/\u6d59\u4e1c2.png\",\"contentUrl\":\"https:\\\/\\\/www.pansvalve.com\\\/wp-content\\\/uploads\\\/2022\\\/04\\\/\u6d59\u4e1c2.png\",\"width\":148,\"height\":52,\"caption\":\"PANS Valve\"},\"image\":{\"@id\":\"https:\\\/\\\/www.pansvalve.com\\\/#\\\/schema\\\/logo\\\/image\\\/\"}}]}<\/script>\n<!-- \/ Yoast SEO plugin. -->","yoast_head_json":{"title":"PANS: Colecci\u00f3n de v\u00e1lvulas de calidad para todas las necesidades","description":"PANS ofrece una colecci\u00f3n completa de v\u00e1lvulas adaptadas a diversas aplicaciones. \u00a1Explore nuestras opciones y cont\u00e1ctenos para realizar consultas!","robots":{"index":"index","follow":"follow","max-snippet":"max-snippet:-1","max-image-preview":"max-image-preview:large","max-video-preview":"max-video-preview:-1"},"canonical":"https:\/\/www.pansvalve.com\/es\/collection\/","og_locale":"es_ES","og_type":"article","og_title":"PANS: Quality Valve Collection for All Needs","og_description":"PANS offers a comprehensive collection of valves tailored to various applications. Explore our options and contact us for inquiries!","og_url":"https:\/\/www.pansvalve.com\/es\/collection\/","og_site_name":"Industrial Valve Manufacturer and Company from China","article_modified_time":"2024-09-19T07:31:52+00:00","og_image":[{"url":"https:\/\/www.pansvalve.com\/wp-content\/uploads\/2022\/02\/Are-You-Familar-With-the-Development-of-the-Valve-1-1024x576.png","type":"","width":"","height":""}],"twitter_card":"summary_large_image","twitter_misc":{"Tiempo de lectura":"3 minutos"},"schema":{"@context":"https:\/\/schema.org","@graph":[{"@type":"WebPage","@id":"https:\/\/www.pansvalve.com\/collection\/","url":"https:\/\/www.pansvalve.com\/collection\/","name":"PANS: Colecci\u00f3n de v\u00e1lvulas de calidad para todas las necesidades","isPartOf":{"@id":"https:\/\/www.pansvalve.com\/#website"},"primaryImageOfPage":{"@id":"https:\/\/www.pansvalve.com\/collection\/#primaryimage"},"image":{"@id":"https:\/\/www.pansvalve.com\/collection\/#primaryimage"},"thumbnailUrl":"https:\/\/www.pansvalve.com\/wp-content\/uploads\/2022\/02\/Are-You-Familar-With-the-Development-of-the-Valve-1-1024x576.png","datePublished":"2022-01-14T08:19:56+00:00","dateModified":"2024-09-19T07:31:52+00:00","description":"PANS ofrece una colecci\u00f3n completa de v\u00e1lvulas adaptadas a diversas aplicaciones. \u00a1Explore nuestras opciones y cont\u00e1ctenos para realizar consultas!","breadcrumb":{"@id":"https:\/\/www.pansvalve.com\/collection\/#breadcrumb"},"inLanguage":"es","potentialAction":[{"@type":"ReadAction","target":["https:\/\/www.pansvalve.com\/collection\/"]}]},{"@type":"ImageObject","inLanguage":"es","@id":"https:\/\/www.pansvalve.com\/collection\/#primaryimage","url":"https:\/\/www.pansvalve.com\/wp-content\/uploads\/2022\/02\/Are-You-Familar-With-the-Development-of-the-Valve-1-1024x576.png","contentUrl":"https:\/\/www.pansvalve.com\/wp-content\/uploads\/2022\/02\/Are-You-Familar-With-the-Development-of-the-Valve-1-1024x576.png"},{"@type":"BreadcrumbList","@id":"https:\/\/www.pansvalve.com\/collection\/#breadcrumb","itemListElement":[{"@type":"ListItem","position":1,"name":"Home","item":"https:\/\/www.pansvalve.com\/"},{"@type":"ListItem","position":2,"name":"Collection"}]},{"@type":"WebSite","@id":"https:\/\/www.pansvalve.com\/#website","url":"https:\/\/www.pansvalve.com\/","name":"Fabricante l\u00edder de v\u00e1lvulas de tap\u00f3n, v\u00e1lvulas de bola y v\u00e1lvulas de compuerta de China","description":"Incluye seis rangos y miles de variedades, para v\u00e1lvula de control, v\u00e1lvula ciog\u00e9nica, v\u00e1lvula de compuerta, v\u00e1lvula de globo, v\u00e1lvula de bola, v\u00e1lvula de mariposa, v\u00e1lvula de central el\u00e9ctrica, v\u00e1lvula de ox\u00edgeno, v\u00e1lvula de control hidr\u00e1ulica, v\u00e1lvula de rosca y v\u00e1lvula antibi\u00f3tica.","publisher":{"@id":"https:\/\/www.pansvalve.com\/#organization"},"alternateName":"PANS Valve","potentialAction":[{"@type":"SearchAction","target":{"@type":"EntryPoint","urlTemplate":"https:\/\/www.pansvalve.com\/?s={search_term_string}"},"query-input":{"@type":"PropertyValueSpecification","valueRequired":true,"valueName":"search_term_string"}}],"inLanguage":"es"},{"@type":"Organization","@id":"https:\/\/www.pansvalve.com\/#organization","name":"V\u00e1lvula PANS","alternateName":"PANS","url":"https:\/\/www.pansvalve.com\/","logo":{"@type":"ImageObject","inLanguage":"es","@id":"https:\/\/www.pansvalve.com\/#\/schema\/logo\/image\/","url":"https:\/\/www.pansvalve.com\/wp-content\/uploads\/2022\/04\/\u6d59\u4e1c2.png","contentUrl":"https:\/\/www.pansvalve.com\/wp-content\/uploads\/2022\/04\/\u6d59\u4e1c2.png","width":148,"height":52,"caption":"PANS Valve"},"image":{"@id":"https:\/\/www.pansvalve.com\/#\/schema\/logo\/image\/"}}]}},"_links":{"self":[{"href":"https:\/\/www.pansvalve.com\/es\/wp-json\/wp\/v2\/pages\/29","targetHints":{"allow":["GET"]}}],"collection":[{"href":"https:\/\/www.pansvalve.com\/es\/wp-json\/wp\/v2\/pages"}],"about":[{"href":"https:\/\/www.pansvalve.com\/es\/wp-json\/wp\/v2\/types\/page"}],"author":[{"embeddable":true,"href":"https:\/\/www.pansvalve.com\/es\/wp-json\/wp\/v2\/users\/1"}],"replies":[{"embeddable":true,"href":"https:\/\/www.pansvalve.com\/es\/wp-json\/wp\/v2\/comments?post=29"}],"version-history":[{"count":33,"href":"https:\/\/www.pansvalve.com\/es\/wp-json\/wp\/v2\/pages\/29\/revisions"}],"predecessor-version":[{"id":850,"href":"https:\/\/www.pansvalve.com\/es\/wp-json\/wp\/v2\/pages\/29\/revisions\/850"}],"wp:attachment":[{"href":"https:\/\/www.pansvalve.com\/es\/wp-json\/wp\/v2\/media?parent=29"}],"curies":[{"name":"gracias","href":"https:\/\/api.w.org\/{rel}","templated":true}]}}