{"id":1295,"date":"2024-01-25T11:34:14","date_gmt":"2024-01-25T03:34:14","guid":{"rendered":"https:\/\/www.pansvalve.com\/?page_id=1295"},"modified":"2024-10-12T10:39:52","modified_gmt":"2024-10-12T02:39:52","slug":"gate-valve-collection","status":"publish","type":"page","link":"https:\/\/www.pansvalve.com\/es\/gate-valve-collection\/","title":{"rendered":"Colecci\u00f3n de v\u00e1lvulas de compuerta"},"content":{"rendered":"<div id=\"1\" class=\"wp-block-group\"><div class=\"wp-block-group__inner-container is-layout-constrained wp-block-group-is-layout-constrained\">\n<h2 class=\"wp-block-heading\">Fabricaci\u00f3n de v\u00e1lvulas de compuerta<\/h2>\n\n\n\n<div class=\"wp-block-columns is-layout-flex wp-container-core-columns-is-layout-9d6595d7 wp-block-columns-is-layout-flex\">\n<div class=\"wp-block-column is-layout-flow wp-block-column-is-layout-flow\">\n<figure class=\"wp-block-image size-full\"><img fetchpriority=\"high\" decoding=\"async\" width=\"660\" height=\"440\" src=\"https:\/\/www.pansvalve.com\/wp-content\/uploads\/2022\/04\/\u8499\u7248\u7ec4-741.jpg\" alt=\"SARTENES\" class=\"wp-image-1154\" srcset=\"https:\/\/www.pansvalve.com\/wp-content\/uploads\/2022\/04\/\u8499\u7248\u7ec4-741.jpg 660w, https:\/\/www.pansvalve.com\/wp-content\/uploads\/2022\/04\/\u8499\u7248\u7ec4-741-300x200.jpg 300w\" sizes=\"(max-width: 660px) 100vw, 660px\" \/><\/figure>\n<\/div>\n\n\n\n<div class=\"wp-block-column is-layout-flow wp-block-column-is-layout-flow\">\n<h3 class=\"wp-block-heading\">Acerca del fabricante de v\u00e1lvulas de compuerta y bandejas<\/h3>\n\n\n\n<p>Las ra\u00edces de Zhejiang Zhedong Valve Corp., Ltd se remontan a 1985. Entonces se conoc\u00eda como PANS. La empresa tiene m\u00e1s de 30 a\u00f1os de experiencia profesional en la producci\u00f3n de una gama completa de v\u00e1lvulas de acero, como v\u00e1lvulas de obturador, v\u00e1lvulas de compuerta, v\u00e1lvulas de globo, v\u00e1lvulas de bola, v\u00e1lvulas de retenci\u00f3n, etc. La instalaci\u00f3n principal est\u00e1 ubicada en Wenzhou, China, y cuenta con m\u00e1s de 200 empleados y un moderno parque industrial con una superficie total de 25.000 metros cuadrados.<\/p>\n\n\n\n<p>Con 60 series de v\u00e1lvulas y 100 pantalones, nuestras v\u00e1lvulas est\u00e1n certificadas por la mayor\u00eda de las autoridades internacionales. Como uno de los miembros de CNPC, CPEIA, CBW, CPAC. Estamos comprometidos a lograr los m\u00e1s altos est\u00e1ndares para producir v\u00e1lvulas industriales que cumplan o superen los est\u00e1ndares internacionales.<\/p>\n\n\n\n<figure class=\"wp-block-image size-full\"><img decoding=\"async\" width=\"802\" height=\"142\" src=\"https:\/\/www.pansvalve.com\/wp-content\/uploads\/2024\/01\/\u4f01\u4e1a\u5fae\u4fe1\u622a\u56fe_20240124100231.png\" alt=\"\" class=\"wp-image-1285\" srcset=\"https:\/\/www.pansvalve.com\/wp-content\/uploads\/2024\/01\/\u4f01\u4e1a\u5fae\u4fe1\u622a\u56fe_20240124100231.png 802w, https:\/\/www.pansvalve.com\/wp-content\/uploads\/2024\/01\/\u4f01\u4e1a\u5fae\u4fe1\u622a\u56fe_20240124100231-300x53.png 300w, https:\/\/www.pansvalve.com\/wp-content\/uploads\/2024\/01\/\u4f01\u4e1a\u5fae\u4fe1\u622a\u56fe_20240124100231-768x136.png 768w\" sizes=\"(max-width: 802px) 100vw, 802px\" \/><\/figure>\n<\/div>\n<\/div>\n<\/div><\/div>\n\n\n\n<div id=\"2\" class=\"wp-block-group\"><div class=\"wp-block-group__inner-container is-layout-constrained wp-block-group-is-layout-constrained\">\n<h2 class=\"wp-block-heading has-text-align-center\">Los diferentes tipos de v\u00e1lvulas industriales<\/h2>\n\n\n\n<p>Cuando miramos los sistemas de tuber\u00edas y bombeo externamente, generalmente vemos la configuraci\u00f3n como un todo en lugar de mirar sus numerosos componentes de trabajo individualmente. Pero hay una parte que juega un papel muy crucial. Son las v\u00e1lvulas. Act\u00faan como peque\u00f1as perillas que regulan el flujo de fluidos y cortan completamente el suministro si es necesario.<\/p>\n\n\n\n<p>Las v\u00e1lvulas industriales son de diversos tipos, cada una de las cuales se basa en un principio de funcionamiento diferente y realiza una funci\u00f3n diferente. Aqu\u00ed mismo, analizamos los 9 tipos m\u00e1s comunes de v\u00e1lvulas industriales.<\/p>\n\n\n\n<p>1. V\u00e1lvulas de bola: es un disco ahuecado en forma de bola que se coloca dentro de una tuber\u00eda. La v\u00e1lvula inicia y detiene el flujo mediante el movimiento de rotaci\u00f3n de un cuarto de vuelta de este disco. Cuando la v\u00e1lvula est\u00e1 abierta, el extremo hueco est\u00e1 alineado en la direcci\u00f3n del flujo y cuando est\u00e1 cerrada queda perpendicular a la direcci\u00f3n del flujo.<\/p>\n\n\n\n<p>2. <a href=\"https:\/\/www.pansvalve.com\/es\/product\/plug-valve\/\"><strong>V\u00e1lvulas de tap\u00f3n<\/strong> <\/a>\u2013 Tambi\u00e9n llamada v\u00e1lvula de grifo, utiliza un tap\u00f3n cil\u00edndrico o c\u00f3nico con un pasaje perforado para bloquear, iniciar o estrangular el flujo. Al girar la manija o rueda, se dispone la abertura hueca del tap\u00f3n con los puertos de entrada y salida abriendo el paso. Se bloquea cuando la parte s\u00f3lida se alinea con los puertos.<\/p>\n\n\n\n<p>3. V\u00e1lvulas de mariposa: es otra v\u00e1lvula m\u00e1s que utiliza el movimiento de rotaci\u00f3n; Las v\u00e1lvulas de bola y de tap\u00f3n funcionan de la misma manera. Solo utiliza un disco delgado en la trayectoria del flujo en lugar de una unidad con forma de bola o un tap\u00f3n cil\u00edndrico. Son r\u00e1pidos de usar, extremadamente ligeros y f\u00e1cilmente adaptables.<\/p>\n\n\n\n<p>4. V\u00e1lvulas de compuerta: este es el tipo de v\u00e1lvula que se utiliza en un grifo. Abrir y cerrar la v\u00e1lvula implica subir y bajar compuertas met\u00e1licas respectivamente. Se inserta una cu\u00f1a en un asiento. Con las v\u00e1lvulas de compuerta, el paso puede estar completamente cerrado o completamente abierto; No hay t\u00e9rmino medio. Tambi\u00e9n se les llama v\u00e1lvulas de compuerta.<\/p>\n\n\n\n<p>5. <a href=\"https:\/\/www.pansvalve.com\/es\/product\/globe-valve\/\"><strong>v\u00e1lvulas de globo<\/strong><\/a> \u2013 Es similar a una v\u00e1lvula de compuerta en el sentido de que utiliza un movimiento lineal para estrangular el flujo. Se diferencia por el uso de un disco en lugar de una cu\u00f1a. Tambi\u00e9n se puede ajustar para disminuir o aumentar el flujo; La ventaja de una v\u00e1lvula de globo es que no tiene tantas fugas como otras v\u00e1lvulas. Tambi\u00e9n se encuentran entre los tipos de v\u00e1lvulas m\u00e1s populares que se utilizan en diversas aplicaciones.<\/p>\n\n\n\n<p>6. V\u00e1lvulas de pellizco: la construcci\u00f3n presenta un mecanismo de pellizco y una funda de caucho moldeado o material sint\u00e9tico. El camino del flujo en la posici\u00f3n abierta no est\u00e1 obstruido. El flujo se corta pellizcando la membrana flexible, bajando una barra o compuerta.<\/p>\n\n\n\n<p>7. V\u00e1lvulas de diafragma: funcionan de manera similar a las v\u00e1lvulas de pellizco; Se inserta un diafragma flexible de manera que se fija al asiento bloqueando el flujo. Su ventaja sobre las v\u00e1lvulas de manguito es que crea un sello extremadamente herm\u00e9tico y, por lo tanto, se utiliza en aplicaciones que tienen requisitos de alta pureza.<\/p>\n\n\n\n<p>8. V\u00e1lvulas de alivio y seguridad: a medida que los fluidos pasan a trav\u00e9s del sistema, existe la posibilidad de que se produzca un aumento sin precedentes en la presi\u00f3n, que si no se controla podr\u00eda resultar peligroso. Esto se aplica especialmente si se trata de fluidos peligrosos. Las v\u00e1lvulas de alivio y seguridad liberan la presi\u00f3n peri\u00f3dicamente, cada vez que supera el punto de ajuste, para evitar da\u00f1os.<\/p>\n\n\n\n<p>9. <a href=\"https:\/\/www.pansvalve.com\/es\/product\/check-valve\/\"><strong>Revisar v\u00e1lvulas<\/strong><\/a> \u2013 Las v\u00e1lvulas de retenci\u00f3n permiten el flujo unidireccional de fluidos; no permiten que regrese. Las v\u00e1lvulas de retenci\u00f3n de boquilla antigolpes controlan el aumento de presi\u00f3n y evitan el golpe de ariete.<\/p>\n\n\n\n<p>Para garantizar que las v\u00e1lvulas instaladas en sus sistemas de tuber\u00edas le brinden el mejor servicio, debe comprarlas a un fabricante confiable de v\u00e1lvulas industriales. Es la \u00fanica manera de obtener v\u00e1lvulas industriales de alta calidad y dise\u00f1adas para durar.<\/p>\n<\/div><\/div>","protected":false},"excerpt":{"rendered":"<p>Gate Valve Manufacturing About Pans&#8211;Gate Valve Manufacturer Zhejiang Zhedong Valve Corp., Ltd &#8216;s roots date back to 1985. Then known as PANS. The company has over 30 years professional experience in producing full range of steel valves, such as plug valve, gate valve, globe valve, ball valve, check valve, etc. The main facility locates at [&hellip;]<\/p>\n","protected":false},"author":1,"featured_media":0,"parent":0,"menu_order":0,"comment_status":"closed","ping_status":"closed","template":"template-category.php","meta":{"footnotes":""},"class_list":["post-1295","page","type-page","status-publish","hentry"],"yoast_head":"<!-- This site is optimized with the Yoast SEO plugin v27.4 - https:\/\/yoast.com\/product\/yoast-seo-wordpress\/ -->\n<title>PANS: Comprehensive Gate Valve Collection<\/title>\n<meta name=\"description\" content=\"Access the PANS gate valve collection for reliable solutions in your projects. Get in touch for details on our products!\" \/>\n<meta name=\"robots\" content=\"index, follow, max-snippet:-1, max-image-preview:large, max-video-preview:-1\" \/>\n<link rel=\"canonical\" href=\"https:\/\/www.pansvalve.com\/es\/gate-valve-collection\/\" \/>\n<meta property=\"og:locale\" content=\"es_ES\" \/>\n<meta property=\"og:type\" content=\"article\" \/>\n<meta property=\"og:title\" content=\"PANS: Comprehensive Gate Valve Collection\" \/>\n<meta property=\"og:description\" content=\"Access the PANS gate valve collection for reliable solutions in your projects. Get in touch for details on our products!\" \/>\n<meta property=\"og:url\" content=\"https:\/\/www.pansvalve.com\/es\/gate-valve-collection\/\" \/>\n<meta property=\"og:site_name\" content=\"Industrial Valve Manufacturer and Company from China\" \/>\n<meta property=\"article:modified_time\" content=\"2024-10-12T02:39:52+00:00\" \/>\n<meta property=\"og:image\" content=\"https:\/\/www.pansvalve.com\/wp-content\/uploads\/2024\/09\/home-factory-of-PANS.webp\" \/>\n\t<meta property=\"og:image:width\" content=\"1200\" \/>\n\t<meta property=\"og:image:height\" content=\"675\" \/>\n\t<meta property=\"og:image:type\" content=\"image\/webp\" \/>\n<meta name=\"twitter:card\" content=\"summary_large_image\" \/>\n<meta name=\"twitter:label1\" content=\"Tiempo de lectura\" \/>\n\t<meta name=\"twitter:data1\" content=\"4 minutos\" \/>\n<script type=\"application\/ld+json\" class=\"yoast-schema-graph\">{\"@context\":\"https:\\\/\\\/schema.org\",\"@graph\":[{\"@type\":\"WebPage\",\"@id\":\"https:\\\/\\\/www.pansvalve.com\\\/gate-valve-collection\\\/\",\"url\":\"https:\\\/\\\/www.pansvalve.com\\\/gate-valve-collection\\\/\",\"name\":\"PANS: Comprehensive Gate Valve Collection\",\"isPartOf\":{\"@id\":\"https:\\\/\\\/www.pansvalve.com\\\/#website\"},\"datePublished\":\"2024-01-25T03:34:14+00:00\",\"dateModified\":\"2024-10-12T02:39:52+00:00\",\"description\":\"Access the PANS gate valve collection for reliable solutions in your projects. Get in touch for details on our products!\",\"breadcrumb\":{\"@id\":\"https:\\\/\\\/www.pansvalve.com\\\/gate-valve-collection\\\/#breadcrumb\"},\"inLanguage\":\"es\",\"potentialAction\":[{\"@type\":\"ReadAction\",\"target\":[\"https:\\\/\\\/www.pansvalve.com\\\/gate-valve-collection\\\/\"]}]},{\"@type\":\"BreadcrumbList\",\"@id\":\"https:\\\/\\\/www.pansvalve.com\\\/gate-valve-collection\\\/#breadcrumb\",\"itemListElement\":[{\"@type\":\"ListItem\",\"position\":1,\"name\":\"Home\",\"item\":\"https:\\\/\\\/www.pansvalve.com\\\/\"},{\"@type\":\"ListItem\",\"position\":2,\"name\":\"Gate Valve Collection\"}]},{\"@type\":\"WebSite\",\"@id\":\"https:\\\/\\\/www.pansvalve.com\\\/#website\",\"url\":\"https:\\\/\\\/www.pansvalve.com\\\/\",\"name\":\"Leading Plug Vavle, Ball Valve, Gate Valve Manufacturer of China\",\"description\":\"Involving six ranges and thousands of varieties, for control valve, cyogenic valve, gate valve, globe valve, ball valve, butterfly valve, power station valve, oxygen valve, hydraulic control valve, thread valve and Antibiotic valve.\",\"publisher\":{\"@id\":\"https:\\\/\\\/www.pansvalve.com\\\/#organization\"},\"alternateName\":\"PANS Valve\",\"potentialAction\":[{\"@type\":\"SearchAction\",\"target\":{\"@type\":\"EntryPoint\",\"urlTemplate\":\"https:\\\/\\\/www.pansvalve.com\\\/?s={search_term_string}\"},\"query-input\":{\"@type\":\"PropertyValueSpecification\",\"valueRequired\":true,\"valueName\":\"search_term_string\"}}],\"inLanguage\":\"es\"},{\"@type\":\"Organization\",\"@id\":\"https:\\\/\\\/www.pansvalve.com\\\/#organization\",\"name\":\"PANS Valve\",\"alternateName\":\"PANS\",\"url\":\"https:\\\/\\\/www.pansvalve.com\\\/\",\"logo\":{\"@type\":\"ImageObject\",\"inLanguage\":\"es\",\"@id\":\"https:\\\/\\\/www.pansvalve.com\\\/#\\\/schema\\\/logo\\\/image\\\/\",\"url\":\"https:\\\/\\\/www.pansvalve.com\\\/wp-content\\\/uploads\\\/2022\\\/04\\\/\u6d59\u4e1c2.png\",\"contentUrl\":\"https:\\\/\\\/www.pansvalve.com\\\/wp-content\\\/uploads\\\/2022\\\/04\\\/\u6d59\u4e1c2.png\",\"width\":148,\"height\":52,\"caption\":\"PANS Valve\"},\"image\":{\"@id\":\"https:\\\/\\\/www.pansvalve.com\\\/#\\\/schema\\\/logo\\\/image\\\/\"}}]}<\/script>\n<!-- \/ Yoast SEO plugin. -->","yoast_head_json":{"title":"PANS: Colecci\u00f3n completa de v\u00e1lvulas de compuerta","description":"Acceda a la colecci\u00f3n de v\u00e1lvulas de compuerta PANS para obtener soluciones confiables en sus proyectos. \u00a1P\u00f3ngase en contacto para obtener m\u00e1s informaci\u00f3n sobre nuestros productos!","robots":{"index":"index","follow":"follow","max-snippet":"max-snippet:-1","max-image-preview":"max-image-preview:large","max-video-preview":"max-video-preview:-1"},"canonical":"https:\/\/www.pansvalve.com\/es\/gate-valve-collection\/","og_locale":"es_ES","og_type":"article","og_title":"PANS: Comprehensive Gate Valve Collection","og_description":"Access the PANS gate valve collection for reliable solutions in your projects. Get in touch for details on our products!","og_url":"https:\/\/www.pansvalve.com\/es\/gate-valve-collection\/","og_site_name":"Industrial Valve Manufacturer and Company from China","article_modified_time":"2024-10-12T02:39:52+00:00","og_image":[{"width":1200,"height":675,"url":"https:\/\/www.pansvalve.com\/wp-content\/uploads\/2024\/09\/home-factory-of-PANS.webp","type":"image\/webp"}],"twitter_card":"summary_large_image","twitter_misc":{"Tiempo de lectura":"4 minutos"},"schema":{"@context":"https:\/\/schema.org","@graph":[{"@type":"WebPage","@id":"https:\/\/www.pansvalve.com\/gate-valve-collection\/","url":"https:\/\/www.pansvalve.com\/gate-valve-collection\/","name":"PANS: Colecci\u00f3n completa de v\u00e1lvulas de compuerta","isPartOf":{"@id":"https:\/\/www.pansvalve.com\/#website"},"datePublished":"2024-01-25T03:34:14+00:00","dateModified":"2024-10-12T02:39:52+00:00","description":"Acceda a la colecci\u00f3n de v\u00e1lvulas de compuerta PANS para obtener soluciones confiables en sus proyectos. \u00a1P\u00f3ngase en contacto para obtener m\u00e1s informaci\u00f3n sobre nuestros productos!","breadcrumb":{"@id":"https:\/\/www.pansvalve.com\/gate-valve-collection\/#breadcrumb"},"inLanguage":"es","potentialAction":[{"@type":"ReadAction","target":["https:\/\/www.pansvalve.com\/gate-valve-collection\/"]}]},{"@type":"BreadcrumbList","@id":"https:\/\/www.pansvalve.com\/gate-valve-collection\/#breadcrumb","itemListElement":[{"@type":"ListItem","position":1,"name":"Home","item":"https:\/\/www.pansvalve.com\/"},{"@type":"ListItem","position":2,"name":"Gate Valve Collection"}]},{"@type":"WebSite","@id":"https:\/\/www.pansvalve.com\/#website","url":"https:\/\/www.pansvalve.com\/","name":"Fabricante l\u00edder de v\u00e1lvulas de tap\u00f3n, v\u00e1lvulas de bola y v\u00e1lvulas de compuerta de China","description":"Incluye seis rangos y miles de variedades, para v\u00e1lvula de control, v\u00e1lvula ciog\u00e9nica, v\u00e1lvula de compuerta, v\u00e1lvula de globo, v\u00e1lvula de bola, v\u00e1lvula de mariposa, v\u00e1lvula de central el\u00e9ctrica, v\u00e1lvula de ox\u00edgeno, v\u00e1lvula de control hidr\u00e1ulica, v\u00e1lvula de rosca y v\u00e1lvula antibi\u00f3tica.","publisher":{"@id":"https:\/\/www.pansvalve.com\/#organization"},"alternateName":"PANS Valve","potentialAction":[{"@type":"SearchAction","target":{"@type":"EntryPoint","urlTemplate":"https:\/\/www.pansvalve.com\/?s={search_term_string}"},"query-input":{"@type":"PropertyValueSpecification","valueRequired":true,"valueName":"search_term_string"}}],"inLanguage":"es"},{"@type":"Organization","@id":"https:\/\/www.pansvalve.com\/#organization","name":"V\u00e1lvula PANS","alternateName":"PANS","url":"https:\/\/www.pansvalve.com\/","logo":{"@type":"ImageObject","inLanguage":"es","@id":"https:\/\/www.pansvalve.com\/#\/schema\/logo\/image\/","url":"https:\/\/www.pansvalve.com\/wp-content\/uploads\/2022\/04\/\u6d59\u4e1c2.png","contentUrl":"https:\/\/www.pansvalve.com\/wp-content\/uploads\/2022\/04\/\u6d59\u4e1c2.png","width":148,"height":52,"caption":"PANS Valve"},"image":{"@id":"https:\/\/www.pansvalve.com\/#\/schema\/logo\/image\/"}}]}},"_links":{"self":[{"href":"https:\/\/www.pansvalve.com\/es\/wp-json\/wp\/v2\/pages\/1295","targetHints":{"allow":["GET"]}}],"collection":[{"href":"https:\/\/www.pansvalve.com\/es\/wp-json\/wp\/v2\/pages"}],"about":[{"href":"https:\/\/www.pansvalve.com\/es\/wp-json\/wp\/v2\/types\/page"}],"author":[{"embeddable":true,"href":"https:\/\/www.pansvalve.com\/es\/wp-json\/wp\/v2\/users\/1"}],"replies":[{"embeddable":true,"href":"https:\/\/www.pansvalve.com\/es\/wp-json\/wp\/v2\/comments?post=1295"}],"version-history":[{"count":5,"href":"https:\/\/www.pansvalve.com\/es\/wp-json\/wp\/v2\/pages\/1295\/revisions"}],"predecessor-version":[{"id":1302,"href":"https:\/\/www.pansvalve.com\/es\/wp-json\/wp\/v2\/pages\/1295\/revisions\/1302"}],"wp:attachment":[{"href":"https:\/\/www.pansvalve.com\/es\/wp-json\/wp\/v2\/media?parent=1295"}],"curies":[{"name":"gracias","href":"https:\/\/api.w.org\/{rel}","templated":true}]}}